{"id":3667,"date":"2023-11-15T11:59:06","date_gmt":"2023-11-15T10:59:06","guid":{"rendered":"https:\/\/www.isoone-lighting.com\/wer-sind-wir-franzosischer-hersteller-von-reinraumleuchten\/"},"modified":"2024-02-27T11:32:18","modified_gmt":"2024-02-27T10:32:18","slug":"wer-sind-wir-franzosischer-hersteller-von-reinraumleuchten","status":"publish","type":"page","link":"https:\/\/www.isoone-lighting.com\/de\/wer-sind-wir-franzosischer-hersteller-von-reinraumleuchten\/","title":{"rendered":"Wer sind wir"},"content":{"rendered":"<p>[et_pb_section fb_built=&#8220;1&#8243; _builder_version=&#8220;4.24.2&#8243; _module_preset=&#8220;default&#8220; background_image=&#8220;https:\/\/www.isoone-lighting.com\/wp-content\/uploads\/2024\/02\/Banner_gamme_Draco_fluo1-scaled.jpg&#8220; height=&#8220;160px&#8220; height_tablet=&#8220;120px&#8220; height_phone=&#8220;120px&#8220; height_last_edited=&#8220;on|tablet&#8220; custom_padding=&#8220;0px||0px||true|false&#8220; hover_enabled=&#8220;0&#8243; custom_css_main_element=&#8220;display: -webkit-box;||display: -ms-flexbox;||display: flex;&#8220; global_colors_info=&#8220;{}&#8220; title_text=&#8220;Banner_gamme_Draco_fluo1&#8243; background_enable_color=&#8220;off&#8220; sticky_enabled=&#8220;0&#8243;][et_pb_row _builder_version=&#8220;4.23.1&#8243; _module_preset=&#8220;default&#8220; custom_padding=&#8220;0px||0px||true|false&#8220; global_colors_info=&#8220;{}&#8220;][et_pb_column type=&#8220;4_4&#8243; _builder_version=&#8220;4.23.1&#8243; _module_preset=&#8220;default&#8220; global_colors_info=&#8220;{}&#8220;][et_pb_text admin_label=&#8220;Qui sommes-nous&#8220; _builder_version=&#8220;4.23.1&#8243; _module_preset=&#8220;_initial&#8220; header_font=&#8220;|600||on|||||&#8220; header_text_align=&#8220;center&#8220; header_text_color=&#8220;#FFFFFF&#8220; header_font_size=&#8220;42px&#8220; custom_margin=&#8220;||0px||false|false&#8220; header_font_size_tablet=&#8220;35px&#8220; header_font_size_phone=&#8220;25px&#8220; header_font_size_last_edited=&#8220;on|phone&#8220; global_colors_info=&#8220;{}&#8220;]<\/p>\n<h1>Wer sind wir<\/h1>\n<p>[\/et_pb_text][et_pb_text admin_label=&#8220;fil d&#8217;ariane&#8220; module_class=&#8220;blog-breadcrumb-custom&#8220; _builder_version=&#8220;4.23.1&#8243; _module_preset=&#8220;_initial&#8220; text_text_color=&#8220;#FFFFFF&#8220; text_font_size=&#8220;16px&#8220; link_text_color=&#8220;#FFFFFF&#8220; header_font=&#8220;|600||on|||||&#8220; header_text_align=&#8220;center&#8220; header_text_color=&#8220;#FFFFFF&#8220; header_font_size=&#8220;42px&#8220; text_orientation=&#8220;center&#8220; header_font_size_tablet=&#8220;35px&#8220; header_font_size_phone=&#8220;25px&#8220; header_font_size_last_edited=&#8220;on|phone&#8220; locked=&#8220;off&#8220; global_colors_info=&#8220;{}&#8220;]<span><span><a href=\"https:\/\/www.isoone-lighting.com\/de\/\">Startseite<\/a><\/span><\/span>[\/et_pb_text][\/et_pb_column][\/et_pb_row][\/et_pb_section][et_pb_section fb_built=&#8220;1&#8243; _builder_version=&#8220;4.24.0&#8243; _module_preset=&#8220;default&#8220; global_colors_info=&#8220;{}&#8220;][et_pb_row column_structure=&#8220;1_3,1_3,1_3&#8243; _builder_version=&#8220;4.24.0&#8243; _module_preset=&#8220;default&#8220; custom_padding=&#8220;0px||0px||true|false&#8220; global_colors_info=&#8220;{}&#8220;][et_pb_column type=&#8220;1_3&#8243; _builder_version=&#8220;4.23.1&#8243; _module_preset=&#8220;default&#8220; custom_padding=&#8220;30px|30px|70px|30px|false|true&#8220; custom_padding_tablet=&#8220;30px||30px||true|true&#8220; custom_padding_phone=&#8220;30px||30px||true|true&#8220; custom_padding_last_edited=&#8220;on|desktop&#8220; border_width_all=&#8220;2px&#8220; border_color_all=&#8220;#000000&#8243; global_colors_info=&#8220;{}&#8220;][et_pb_divider show_divider=&#8220;off&#8220; admin_label=&#8220;ancre&#8220; module_id=&#8220;unternehmen&#8220; _builder_version=&#8220;4.24.0&#8243; _module_preset=&#8220;default&#8220; positioning=&#8220;absolute&#8220; position_origin_a=&#8220;top_center&#8220; vertical_offset=&#8220;-80px&#8220; width=&#8220;100%&#8220; global_colors_info=&#8220;{}&#8220;][\/et_pb_divider][et_pb_text admin_label=&#8220;Isoone, luminaires&#8220; _builder_version=&#8220;4.23.1&#8243; _module_preset=&#8220;_initial&#8220; header_2_font_size=&#8220;22px&#8220; header_2_line_height=&#8220;2em&#8220; custom_margin=&#8220;||10px||false|false&#8220; header_2_text_align_last_edited=&#8220;off|desktop&#8220; header_2_font_size_tablet=&#8220;24px&#8220; header_2_font_size_phone=&#8220;20px&#8220; locked=&#8220;off&#8220; global_colors_info=&#8220;{}&#8220;]<\/p>\n<h2>Isoone<br \/><span class=\"pre\">Reinraumleuchten<\/span><\/h2>\n<p>[\/et_pb_text][et_pb_gallery gallery_ids=&#8220;2109,2112&#8243; fullwidth=&#8220;on&#8220; module_class=&#8220;gal-custom&#8220; _builder_version=&#8220;4.23.1&#8243; _module_preset=&#8220;default&#8220; height=&#8220;242px&#8220; height_tablet=&#8220;367px&#8220; height_phone=&#8220;150px&#8220; height_last_edited=&#8220;on|desktop&#8220; global_colors_info=&#8220;{}&#8220;][\/et_pb_gallery][\/et_pb_column][et_pb_column type=&#8220;1_3&#8243; disabled_on=&#8220;off|off|off&#8220; _builder_version=&#8220;4.24.0&#8243; _module_preset=&#8220;default&#8220; global_colors_info=&#8220;{}&#8220; custom_css_main_element_last_edited=&#8220;on|tablet&#8220; custom_css_main_element_tablet=&#8220;margin-bottom: 0 !important;&#8220; custom_css_main_element_phone=&#8220;margin-bottom: 0 !important;&#8220;][et_pb_text disabled_on=&#8220;on|on|off&#8220; admin_label=&#8220;Voila bient\u00f4t&#8220; _builder_version=&#8220;4.24.0&#8243; _module_preset=&#8220;_initial&#8220; global_colors_info=&#8220;{}&#8220;]<b style=\"color: #000;\">Vor fast vierzig Jahren haben wir Reinraumleuchten entwickelt, mit dem ber\u00fchmten BATDX. Wir waren die Ersten.<\/b><\/p>\n<p>Im Laufe der Zeit haben wir gelernt, die Beschr\u00e4nkungen zu Kontrolliren um diese spezifischen R\u00e4ume zu beleuchten. Lichtquellen haben sich weiterentwickelt, genau wie die Stromversorgungssysteme und die Bed\u00fcrfnisse an die Kontaminationskontrolle. Wir halten es f\u00fcr notwendig, spezialisiert zu sein, um auf diesem Markt immer weiter innovativ zu sein. Deshalb existiert ISOONE. Eine Unternehmen gegr\u00fcndet um die spezifischen Probleme von ultra-reinen R\u00e4ume zu l\u00f6sen.<\/p>\n<p>Es ist also mit einem tiefen Wissen und unsere Sensibilit\u00e4t als Beleuchter das wir die Leuchten der Zukunft entwerfen. Weil im Bereich der Reinr\u00e4ume ist die Beleuchtung wichtig und oft notwendig um die Produktqualit\u00e4t zu sichern, genau sowie den Schutz der ultrareinen Umgebung, die auch durch adaptierte Reinraumleuchten versichert ist.<\/p>\n<p>Aus diesem Grund halten wir es f\u00fcr notwendig, viele Forschungsgebiete im Bereich der Beleuchtung zu vertiefen,[\/et_pb_text][et_pb_text disabled_on=&#8220;off|off|on&#8220; admin_label=&#8220;Voila bient\u00f4t &#8211; Mobile&#8220; _builder_version=&#8220;4.24.0&#8243; _module_preset=&#8220;_initial&#8220; global_colors_info=&#8220;{}&#8220;]darum arbeitet unsere F&#038;E-Abteilung daran, alle m\u00f6glichen Kontaminationsquellen zu identifizieren, die die Leuchte mit sich bringt, um neue L\u00f6sungen anzubieten.<\/p>\n<p>Die LED Revolution wird die Reinraumbeleuchtung ver\u00e4ndern. Diese neue Technologie er\u00f6ffnet neue Entwicklungsm\u00f6glichkeiten und die Leuchten l besser an die realen Bed\u00fcrfnisse anzupassen.<\/p>\n<p>Und, das Beleuchtungssystem habe die Welt der Elektronik getroffen, was auch neue M\u00f6glichkeiten er\u00f6ffnet, um die Qualit\u00e4t der Beleuchtung zu  Kontrollieren und verbessern oder den Stromverbrauch reduzieren. Weil ja, die Leuchte geht auch in die \u201cSMART\u201d Phase.<\/p>\n<p>Dank dieser Fokussierung auf diese spezifischen Anwendungen und indem wir sie besser kennen werden wir an die Anwender von Reinraum, Leuchten anbieten um die Arbeits- und Produktqualit\u00e4t zu verbessern.<\/p>\n<p>Entdecken Sie unsere Produkte auf dieser Website und abonnieren Sie unseren Newsletter, neue Produkte und Innovationen werden bald kommen![\/et_pb_text][\/et_pb_column][et_pb_column type=&#8220;1_3&#8243; disabled_on=&#8220;on|on|off&#8220; _builder_version=&#8220;4.24.0&#8243; _module_preset=&#8220;default&#8220; global_colors_info=&#8220;{}&#8220;][et_pb_text disabled_on=&#8220;off|off|off&#8220; admin_label=&#8220;Toutes les sources&#8220; _builder_version=&#8220;4.24.0&#8243; _module_preset=&#8220;_initial&#8220; custom_margin_phone=&#8220;||||false|false&#8220; custom_margin_last_edited=&#8220;off|desktop&#8220; global_colors_info=&#8220;{}&#8220;]darum arbeitet unsere F&#038;E-Abteilung daran, alle m\u00f6glichen Kontaminationsquellen zu identifizieren, die die Leuchte mit sich bringt, um neue L\u00f6sungen anzubieten.<\/p>\n<p>Die LED Revolution wird die Reinraumbeleuchtung ver\u00e4ndern. Diese neue Technologie er\u00f6ffnet neue Entwicklungsm\u00f6glichkeiten und die Leuchten l besser an die realen Bed\u00fcrfnisse anzupassen.<\/p>\n<p>Und, das Beleuchtungssystem habe die Welt der Elektronik getroffen, was auch neue M\u00f6glichkeiten er\u00f6ffnet, um die Qualit\u00e4t der Beleuchtung zu  Kontrollieren und verbessern oder den Stromverbrauch reduzieren. Weil ja, die Leuchte geht auch in die \u201cSMART\u201d Phase.<\/p>\n<p>Dank dieser Fokussierung auf diese spezifischen Anwendungen und indem wir sie besser kennen werden wir an die Anwender von Reinraum, Leuchten anbieten um die Arbeits- und Produktqualit\u00e4t zu verbessern.<\/p>\n<p>Entdecken Sie unsere Produkte auf dieser Website und abonnieren Sie unseren Newsletter, neue Produkte und Innovationen werden bald kommen![\/et_pb_text][\/et_pb_column][\/et_pb_row][et_pb_row custom_padding_last_edited=&#8220;on|tablet&#8220; _builder_version=&#8220;4.24.0&#8243; _module_preset=&#8220;default&#8220; custom_padding=&#8220;25px||0px||false|false&#8220; custom_padding_tablet=&#8220;35px||||false|false&#8220; custom_padding_phone=&#8220;35px||||false|false&#8220; global_colors_info=&#8220;{}&#8220;][et_pb_column type=&#8220;4_4&#8243; _builder_version=&#8220;4.23.1&#8243; _module_preset=&#8220;default&#8220; global_colors_info=&#8220;{}&#8220;][et_pb_text admin_label=&#8220;Nos engagements&#8220; _builder_version=&#8220;4.23.1&#8243; _module_preset=&#8220;_initial&#8220; text_font=&#8220;|||on|||||&#8220; text_font_size=&#8220;20px&#8220; header_2_font=&#8220;|600|||||||&#8220; header_2_text_align=&#8220;center&#8220; animation_direction=&#8220;right&#8220; text_font_size_tablet=&#8220;18px&#8220; text_font_size_phone=&#8220;18px&#8220; text_font_size_last_edited=&#8220;on|desktop&#8220; locked=&#8220;off&#8220; global_colors_info=&#8220;{}&#8220;]<\/p>\n<h2>Unsere verpflichtungen<\/h2>\n<p>[\/et_pb_text][\/et_pb_column][\/et_pb_row][et_pb_row column_structure=&#8220;1_3,1_3,1_3&#8243; use_custom_gutter=&#8220;on&#8220; gutter_width=&#8220;2&#8243; _builder_version=&#8220;4.23.1&#8243; _module_preset=&#8220;default&#8220; custom_padding=&#8220;||0px||false|false&#8220; locked=&#8220;off&#8220; global_colors_info=&#8220;{}&#8220;][et_pb_column type=&#8220;1_3&#8243; _builder_version=&#8220;4.23.1&#8243; _module_preset=&#8220;default&#8220; global_colors_info=&#8220;{}&#8220;][et_pb_blurb title=&#8220;F\u00f6rdern&#8220; image_icon_background_color=&#8220;RGBA(255,255,255,0)&#8220; image=&#8220;https:\/\/www.isoone-lighting.com\/wp-content\/uploads\/2023\/11\/Culture.png&#8220; alt=&#8220;Culture&#8220; image_icon_width=&#8220;100px&#8220; content_max_width=&#8220;386px&#8220; image_icon_width_tablet=&#8220;80px&#8220; image_icon_width_phone=&#8220;80px&#8220; image_icon_width_last_edited=&#8220;on|desktop&#8220; module_class=&#8220;blurb-icon-hover&#8220; _builder_version=&#8220;4.23.1&#8243; _module_preset=&#8220;_initial&#8220; header_level=&#8220;h3&#8243; header_font=&#8220;|600||on|||||&#8220; header_text_align=&#8220;center&#8220; header_line_height=&#8220;1.2em&#8220; body_text_align=&#8220;center&#8220; image_icon_custom_padding=&#8220;25px|25px|25px|25px|true|true&#8220; header_font_size_tablet=&#8220;18px&#8220; header_font_size_phone=&#8220;18px&#8220; header_font_size_last_edited=&#8220;on|desktop&#8220; border_radii_image=&#8220;on|50%|50%|50%|50%&#8220; border_width_all_image=&#8220;2px&#8220; global_colors_info=&#8220;{}&#8220;]Unsere Familienunternehmen Identit\u00e4t f\u00f6rdern, freundlich, professionell und respektvoll zu unseren Partnern, Kunden und Lieferanten, und unseren Mitarbeitern und der Umwelt.[\/et_pb_blurb][\/et_pb_column][et_pb_column type=&#8220;1_3&#8243; _builder_version=&#8220;4.23.1&#8243; _module_preset=&#8220;default&#8220; global_colors_info=&#8220;{}&#8220;][et_pb_blurb title=&#8220;Ausbilden&#8220; image_icon_background_color=&#8220;RGBA(255,255,255,0)&#8220; image=&#8220;https:\/\/www.isoone-lighting.com\/wp-content\/uploads\/2023\/11\/Formation.png&#8220; alt=&#8220;Formation&#8220; image_icon_width=&#8220;100px&#8220; content_max_width=&#8220;386px&#8220; image_icon_width_tablet=&#8220;80px&#8220; image_icon_width_phone=&#8220;80px&#8220; image_icon_width_last_edited=&#8220;on|phone&#8220; module_class=&#8220;blurb-icon-hover&#8220; _builder_version=&#8220;4.23.1&#8243; _module_preset=&#8220;_initial&#8220; header_level=&#8220;h3&#8243; header_font=&#8220;|600||on|||||&#8220; header_text_align=&#8220;center&#8220; header_line_height=&#8220;1.2em&#8220; body_text_align=&#8220;center&#8220; image_icon_custom_padding=&#8220;25px|25px|25px|25px|true|true&#8220; border_radii_image=&#8220;on|50%|50%|50%|50%&#8220; border_width_all_image=&#8220;2px&#8220; global_colors_info=&#8220;{}&#8220;]Unserer Teams immer weiter Ausbilden um ein hohes Ma\u00df an Kompetenz f\u00fcr unsere Kunden zu gew\u00e4hrleisten, vor allem im Bereich der Energieeinsparung durch neue Technologien.[\/et_pb_blurb][\/et_pb_column][et_pb_column type=&#8220;1_3&#8243; _builder_version=&#8220;4.23.1&#8243; _module_preset=&#8220;default&#8220; global_colors_info=&#8220;{}&#8220;][et_pb_blurb title=&#8220;Sicherstellen&#8220; image_icon_background_color=&#8220;RGBA(255,255,255,0)&#8220; image=&#8220;https:\/\/www.isoone-lighting.com\/wp-content\/uploads\/2023\/11\/Assurance.png&#8220; alt=&#8220;Assurance&#8220; image_icon_width=&#8220;100px&#8220; content_max_width=&#8220;386px&#8220; image_icon_width_tablet=&#8220;80px&#8220; image_icon_width_phone=&#8220;80px&#8220; image_icon_width_last_edited=&#8220;on|desktop&#8220; module_class=&#8220;blurb-icon-hover&#8220; _builder_version=&#8220;4.23.1&#8243; _module_preset=&#8220;_initial&#8220; header_level=&#8220;h3&#8243; header_font=&#8220;|600||on|||||&#8220; header_text_align=&#8220;center&#8220; header_line_height=&#8220;1.2em&#8220; body_text_align=&#8220;center&#8220; image_icon_custom_padding=&#8220;25px|25px|25px|25px|true|true&#8220; border_radii_image=&#8220;on|50%|50%|50%|50%&#8220; border_width_all_image=&#8220;2px&#8220; global_colors_info=&#8220;{}&#8220;]Eines schnellen und zuverl\u00e4ssigen Service Sicherstellen mit einem Lagerbestand, der den Kundenbed\u00fcrfnissen entspricht.[\/et_pb_blurb][\/et_pb_column][\/et_pb_row][\/et_pb_section][et_pb_section fb_built=&#8220;1&#8243; _builder_version=&#8220;4.23.1&#8243; _module_preset=&#8220;default&#8220; background_color=&#8220;#F5F5F3&#8243; global_colors_info=&#8220;{}&#8220;][et_pb_row _builder_version=&#8220;4.23.1&#8243; _module_preset=&#8220;default&#8220; custom_padding=&#8220;0px||0px||true|false&#8220; global_colors_info=&#8220;{}&#8220;][et_pb_column type=&#8220;4_4&#8243; _builder_version=&#8220;4.23.1&#8243; _module_preset=&#8220;default&#8220; global_colors_info=&#8220;{}&#8220;][et_pb_divider show_divider=&#8220;off&#8220; admin_label=&#8220;ancre&#8220; module_id=&#8220;geschichte&#8220; _builder_version=&#8220;4.24.0&#8243; _module_preset=&#8220;default&#8220; positioning=&#8220;absolute&#8220; position_origin_a=&#8220;top_center&#8220; vertical_offset=&#8220;-80px&#8220; width=&#8220;100%&#8220; locked=&#8220;off&#8220; global_colors_info=&#8220;{}&#8220;][\/et_pb_divider][et_pb_text admin_label=&#8220;L&#8217;histoire&#8220; _builder_version=&#8220;4.23.1&#8243; _module_preset=&#8220;_initial&#8220; header_2_text_align=&#8220;center&#8220; header_2_font_size=&#8220;22px&#8220; header_2_line_height=&#8220;2em&#8220; custom_margin=&#8220;||25px||false|false&#8220; animation_direction=&#8220;right&#8220; header_2_font_size_tablet=&#8220;24px&#8220; header_2_font_size_phone=&#8220;20px&#8220; locked=&#8220;off&#8220; global_colors_info=&#8220;{}&#8220;]<\/p>\n<h2>Die geschichte von<br \/><span class=\"pre\">Isoone<\/span><\/h2>\n<p>[\/et_pb_text][et_pb_tabs active_tab_background_color=&#8220;RGBA(255,255,255,0)&#8220; inactive_tab_background_color=&#8220;RGBA(255,255,255,0)&#8220; module_class=&#8220;timeline-custom&#8220; _builder_version=&#8220;4.23.1&#8243; _module_preset=&#8220;default&#8220; tab_text_color=&#8220;#000000&#8243; border_width_all=&#8220;0px&#8220; global_colors_info=&#8220;{}&#8220;][et_pb_tab title=&#8220;1985&#8243; _builder_version=&#8220;4.23.1&#8243; _module_preset=&#8220;default&#8220; body_text_align=&#8220;center&#8220; global_colors_info=&#8220;{}&#8220;]Jean Colombo, Pr\u00e4sident des Familienunternehmens SEAE, erschafft mit der BATDX die erste Reinraumleuchte der Geschichte. die Anfrage kam von Thomson f\u00fcr ein gro\u00dfes franz\u00f6sisches Projekt.[\/et_pb_tab][et_pb_tab title=&#8220;1990&#8243; _builder_version=&#8220;4.23.1&#8243; _module_preset=&#8220;default&#8220; body_text_align=&#8220;center&#8220; global_colors_info=&#8220;{}&#8220;]Antonio Vilaplana verst\u00e4rkt das spanische Team von die SEAE und steigert den Umsatz von Reinraumleuchten. In dieser Zeit etablierten sich viele Pharmaunternehmen in der Region. Er wird das Unternehmen in den 2000er Jahren verlassen.[\/et_pb_tab][et_pb_tab title=&#8220;1998&#8243; _builder_version=&#8220;4.23.1&#8243; _module_preset=&#8220;default&#8220; body_text_align=&#8220;center&#8220; global_colors_info=&#8220;{}&#8220;]Fr\u00e9d\u00e9ric Colombo schlie\u00dft sich Antonio Vilaplana in der Tochtergesellschaft in Barcelona.[\/et_pb_tab][et_pb_tab title=&#8220;2013&#8243; _builder_version=&#8220;4.23.1&#8243; _module_preset=&#8220;default&#8220; body_text_align=&#8220;center&#8220; global_colors_info=&#8220;{}&#8220;]Die Familie Colombo verkauft die SEAE an die Firma SYLUMIS, die in 2016, in Liquidation gehen wird.[\/et_pb_tab][et_pb_tab title=&#8220;2014&#8243; _builder_version=&#8220;4.23.1&#8243; _module_preset=&#8220;default&#8220; body_text_align=&#8220;center&#8220; global_colors_info=&#8220;{}&#8220;]Gr\u00fcndung des Unternehmens F1.8 durch Fr\u00e9d\u00e9ric Colombo, spezialisiert in Design und Marketing von technisches Lichtprodukt.[\/et_pb_tab][et_pb_tab title=&#8220;2015&#8243; _builder_version=&#8220;4.23.1&#8243; _module_preset=&#8220;default&#8220; body_text_align=&#8220;center&#8220; global_colors_info=&#8220;{}&#8220;]Fr\u00e9d\u00e9ric Colombo und Antonio Vilaplana interessieren sich am Markt f\u00fcr ultrareine Beleuchtungssystem und stellen fest das die die Innovationskraft der Hersteller fehlt w\u00e4hrend die Kunden immer anspruchsvollere Bed\u00fcrfnisse haben.[\/et_pb_tab][et_pb_tab title=&#8220;2016&#8243; _builder_version=&#8220;4.23.1&#8243; _module_preset=&#8220;default&#8220; body_text_align=&#8220;center&#8220; global_colors_info=&#8220;{}&#8220;]Gr\u00fcndung der Marke ISOONE durch die F1.8 die sich an Ultra-Reinheit r\u00e4ume spezialisiert. Gr\u00fcndung eines innovativen Sortiments f\u00fcr die anspruchsvollsten Anwender: Medizin und Pharmazie, Biotechnologie, Raumfahrt und Lebensmittelindustrie.[\/et_pb_tab][\/et_pb_tabs][\/et_pb_column][\/et_pb_row][\/et_pb_section]<\/p>\n","protected":false},"excerpt":{"rendered":"<p>Wer sind wir<span><span><a href=\"https:\/\/www.isoone-lighting.com\/de\/\">Startseite<\/a><\/span><\/span>IsooneReinraumleuchtenVor fast vierzig Jahren haben wir Reinraumleuchten entwickelt, mit dem ber\u00fchmten BATDX. Wir waren die Ersten. Im Laufe der Zeit haben wir gelernt, die Beschr\u00e4nkungen zu Kontrolliren um diese spezifischen R\u00e4ume zu beleuchten. Lichtquellen haben sich weiterentwickelt, genau wie die Stromversorgungssysteme und die Bed\u00fcrfnisse an die Kontaminationskontrolle. Wir halten es f\u00fcr notwendig, spezialisiert [&hellip;]<\/p>\n","protected":false},"author":6,"featured_media":0,"parent":0,"menu_order":0,"comment_status":"closed","ping_status":"closed","template":"","meta":{"_acf_changed":false,"_et_pb_use_builder":"on","_et_pb_old_content":"","_et_gb_content_width":"","_monsterinsights_skip_tracking":false,"_monsterinsights_sitenote_active":false,"_monsterinsights_sitenote_note":"","_monsterinsights_sitenote_category":0,"footnotes":""},"class_list":["post-3667","page","type-page","status-publish","hentry"],"acf":[],"yoast_head":"<!-- This site is optimized with the Yoast SEO plugin v27.5 - https:\/\/yoast.com\/product\/yoast-seo-wordpress\/ -->\n<title>Franz\u00f6sischer Hersteller von Reinraumleuchten<\/title>\n<meta name=\"description\" content=\"Franz\u00f6sischer Hersteller von Reinraumleuchten\" \/>\n<meta name=\"robots\" content=\"index, follow, max-snippet:-1, max-image-preview:large, max-video-preview:-1\" \/>\n<link rel=\"canonical\" href=\"https:\/\/www.isoone-lighting.com\/de\/wer-sind-wir-franzosischer-hersteller-von-reinraumleuchten\/\" \/>\n<meta property=\"og:locale\" content=\"de_DE\" \/>\n<meta property=\"og:type\" content=\"article\" \/>\n<meta property=\"og:title\" content=\"Franz\u00f6sischer Hersteller von Reinraumleuchten\" \/>\n<meta property=\"og:description\" content=\"Franz\u00f6sischer Hersteller von Reinraumleuchten\" \/>\n<meta property=\"og:url\" content=\"https:\/\/www.isoone-lighting.com\/de\/wer-sind-wir-franzosischer-hersteller-von-reinraumleuchten\/\" \/>\n<meta property=\"og:site_name\" content=\"LA MANUFACTURE DE FRANCE\" \/>\n<meta property=\"article:modified_time\" content=\"2024-02-27T10:32:18+00:00\" \/>\n<meta name=\"twitter:card\" content=\"summary_large_image\" \/>\n<meta name=\"twitter:label1\" content=\"Gesch\u00e4tzte Lesezeit\" \/>\n\t<meta name=\"twitter:data1\" content=\"5\u00a0Minuten\" \/>\n<script type=\"application\/ld+json\" class=\"yoast-schema-graph\">{\"@context\":\"https:\\\/\\\/schema.org\",\"@graph\":[{\"@type\":\"WebPage\",\"@id\":\"https:\\\/\\\/www.isoone-lighting.com\\\/de\\\/wer-sind-wir-franzosischer-hersteller-von-reinraumleuchten\\\/\",\"url\":\"https:\\\/\\\/www.isoone-lighting.com\\\/de\\\/wer-sind-wir-franzosischer-hersteller-von-reinraumleuchten\\\/\",\"name\":\"Franz\u00f6sischer Hersteller von Reinraumleuchten\",\"isPartOf\":{\"@id\":\"https:\\\/\\\/www.isoone-lighting.com\\\/de\\\/#website\"},\"datePublished\":\"2023-11-15T10:59:06+00:00\",\"dateModified\":\"2024-02-27T10:32:18+00:00\",\"description\":\"Franz\u00f6sischer Hersteller von Reinraumleuchten\",\"breadcrumb\":{\"@id\":\"https:\\\/\\\/www.isoone-lighting.com\\\/de\\\/wer-sind-wir-franzosischer-hersteller-von-reinraumleuchten\\\/#breadcrumb\"},\"inLanguage\":\"de\",\"potentialAction\":[{\"@type\":\"ReadAction\",\"target\":[\"https:\\\/\\\/www.isoone-lighting.com\\\/de\\\/wer-sind-wir-franzosischer-hersteller-von-reinraumleuchten\\\/\"]}]},{\"@type\":\"BreadcrumbList\",\"@id\":\"https:\\\/\\\/www.isoone-lighting.com\\\/de\\\/wer-sind-wir-franzosischer-hersteller-von-reinraumleuchten\\\/#breadcrumb\",\"itemListElement\":[{\"@type\":\"ListItem\",\"position\":1,\"name\":\"Startseite\",\"item\":\"https:\\\/\\\/www.isoone-lighting.com\\\/de\\\/\"},{\"@type\":\"ListItem\",\"position\":2,\"name\":\"Wer sind wir\"}]},{\"@type\":\"WebSite\",\"@id\":\"https:\\\/\\\/www.isoone-lighting.com\\\/de\\\/#website\",\"url\":\"https:\\\/\\\/www.isoone-lighting.com\\\/de\\\/\",\"name\":\"LA MANUFACTURE DE FRANCE\",\"description\":\"\",\"potentialAction\":[{\"@type\":\"SearchAction\",\"target\":{\"@type\":\"EntryPoint\",\"urlTemplate\":\"https:\\\/\\\/www.isoone-lighting.com\\\/de\\\/?s={search_term_string}\"},\"query-input\":{\"@type\":\"PropertyValueSpecification\",\"valueRequired\":true,\"valueName\":\"search_term_string\"}}],\"inLanguage\":\"de\"}]}<\/script>\n<!-- \/ Yoast SEO plugin. -->","yoast_head_json":{"title":"Franz\u00f6sischer Hersteller von Reinraumleuchten","description":"Franz\u00f6sischer Hersteller von Reinraumleuchten","robots":{"index":"index","follow":"follow","max-snippet":"max-snippet:-1","max-image-preview":"max-image-preview:large","max-video-preview":"max-video-preview:-1"},"canonical":"https:\/\/www.isoone-lighting.com\/de\/wer-sind-wir-franzosischer-hersteller-von-reinraumleuchten\/","og_locale":"de_DE","og_type":"article","og_title":"Franz\u00f6sischer Hersteller von Reinraumleuchten","og_description":"Franz\u00f6sischer Hersteller von Reinraumleuchten","og_url":"https:\/\/www.isoone-lighting.com\/de\/wer-sind-wir-franzosischer-hersteller-von-reinraumleuchten\/","og_site_name":"LA MANUFACTURE DE FRANCE","article_modified_time":"2024-02-27T10:32:18+00:00","twitter_card":"summary_large_image","twitter_misc":{"Gesch\u00e4tzte Lesezeit":"5\u00a0Minuten"},"schema":{"@context":"https:\/\/schema.org","@graph":[{"@type":"WebPage","@id":"https:\/\/www.isoone-lighting.com\/de\/wer-sind-wir-franzosischer-hersteller-von-reinraumleuchten\/","url":"https:\/\/www.isoone-lighting.com\/de\/wer-sind-wir-franzosischer-hersteller-von-reinraumleuchten\/","name":"Franz\u00f6sischer Hersteller von Reinraumleuchten","isPartOf":{"@id":"https:\/\/www.isoone-lighting.com\/de\/#website"},"datePublished":"2023-11-15T10:59:06+00:00","dateModified":"2024-02-27T10:32:18+00:00","description":"Franz\u00f6sischer Hersteller von Reinraumleuchten","breadcrumb":{"@id":"https:\/\/www.isoone-lighting.com\/de\/wer-sind-wir-franzosischer-hersteller-von-reinraumleuchten\/#breadcrumb"},"inLanguage":"de","potentialAction":[{"@type":"ReadAction","target":["https:\/\/www.isoone-lighting.com\/de\/wer-sind-wir-franzosischer-hersteller-von-reinraumleuchten\/"]}]},{"@type":"BreadcrumbList","@id":"https:\/\/www.isoone-lighting.com\/de\/wer-sind-wir-franzosischer-hersteller-von-reinraumleuchten\/#breadcrumb","itemListElement":[{"@type":"ListItem","position":1,"name":"Startseite","item":"https:\/\/www.isoone-lighting.com\/de\/"},{"@type":"ListItem","position":2,"name":"Wer sind wir"}]},{"@type":"WebSite","@id":"https:\/\/www.isoone-lighting.com\/de\/#website","url":"https:\/\/www.isoone-lighting.com\/de\/","name":"LA MANUFACTURE DE FRANCE","description":"","potentialAction":[{"@type":"SearchAction","target":{"@type":"EntryPoint","urlTemplate":"https:\/\/www.isoone-lighting.com\/de\/?s={search_term_string}"},"query-input":{"@type":"PropertyValueSpecification","valueRequired":true,"valueName":"search_term_string"}}],"inLanguage":"de"}]}},"_links":{"self":[{"href":"https:\/\/www.isoone-lighting.com\/de\/wp-json\/wp\/v2\/pages\/3667","targetHints":{"allow":["GET"]}}],"collection":[{"href":"https:\/\/www.isoone-lighting.com\/de\/wp-json\/wp\/v2\/pages"}],"about":[{"href":"https:\/\/www.isoone-lighting.com\/de\/wp-json\/wp\/v2\/types\/page"}],"author":[{"embeddable":true,"href":"https:\/\/www.isoone-lighting.com\/de\/wp-json\/wp\/v2\/users\/6"}],"replies":[{"embeddable":true,"href":"https:\/\/www.isoone-lighting.com\/de\/wp-json\/wp\/v2\/comments?post=3667"}],"version-history":[{"count":0,"href":"https:\/\/www.isoone-lighting.com\/de\/wp-json\/wp\/v2\/pages\/3667\/revisions"}],"wp:attachment":[{"href":"https:\/\/www.isoone-lighting.com\/de\/wp-json\/wp\/v2\/media?parent=3667"}],"curies":[{"name":"wp","href":"https:\/\/api.w.org\/{rel}","templated":true}]}}