{"id":2677,"date":"2023-11-29T06:20:45","date_gmt":"2023-11-29T05:20:45","guid":{"rendered":"https:\/\/www.isoone-lighting.com\/produit\/einbau-reinraumleuchte-mit-zugang-von-oben\/"},"modified":"2024-02-26T16:49:11","modified_gmt":"2024-02-26T15:49:11","slug":"einbau-reinraumleuchte-mit-zugang-von-oben","status":"publish","type":"product","link":"https:\/\/www.isoone-lighting.com\/de\/produit\/einbau-reinraumleuchte-mit-zugang-von-oben\/","title":{"rendered":"MARS"},"content":{"rendered":"<p>[et_pb_section fb_built=&#8220;1&#8243; _builder_version=&#8220;4.24.2&#8243; _module_preset=&#8220;default&#8220; background_image=&#8220;https:\/\/www.isoone-lighting.com\/wp-content\/uploads\/2024\/02\/Banner_gamme_Mars_led-scaled.jpg&#8220; height=&#8220;160px&#8220; height_tablet=&#8220;120px&#8220; height_phone=&#8220;120px&#8220; height_last_edited=&#8220;on|tablet&#8220; custom_padding=&#8220;0px||0px||true|false&#8220; hover_enabled=&#8220;0&#8243; custom_css_main_element=&#8220;display: -webkit-box;||display: -ms-flexbox;||display: flex;&#8220; locked=&#8220;off&#8220; global_colors_info=&#8220;{}&#8220; title_text=&#8220;Banner_gamme_Mars_led&#8220; background_enable_color=&#8220;off&#8220; sticky_enabled=&#8220;0&#8243;][et_pb_row _builder_version=&#8220;4.23.1&#8243; _module_preset=&#8220;default&#8220; custom_padding=&#8220;0px||0px||true|false&#8220; global_colors_info=&#8220;{}&#8220;][et_pb_column type=&#8220;4_4&#8243; _builder_version=&#8220;4.23.1&#8243; _module_preset=&#8220;default&#8220; global_colors_info=&#8220;{}&#8220;][et_pb_text admin_label=&#8220;fil d&#8217;ariane&#8220; _builder_version=&#8220;4.23.1&#8243; _module_preset=&#8220;default&#8220; text_text_color=&#8220;#FFFFFF&#8220; text_font_size=&#8220;18px&#8220; link_text_color=&#8220;#FFFFFF&#8220; header_font=&#8220;|600||on|||||&#8220; header_text_align=&#8220;center&#8220; header_text_color=&#8220;#FFFFFF&#8220; header_font_size=&#8220;42px&#8220; text_orientation=&#8220;center&#8220; header_font_size_tablet=&#8220;35px&#8220; header_font_size_phone=&#8220;25px&#8220; header_font_size_last_edited=&#8220;on|phone&#8220; global_colors_info=&#8220;{}&#8220;]<span><span><a href=\"https:\/\/www.isoone-lighting.com\/de\/\">Startseite<\/a><\/span><\/span>[\/et_pb_text][\/et_pb_column][\/et_pb_row][\/et_pb_section][et_pb_section fb_built=&#8220;1&#8243; _builder_version=&#8220;4.23.1&#8243; custom_padding=&#8220;0px||0px||true|false&#8220; global_colors_info=&#8220;{}&#8220;][et_pb_row column_structure=&#8220;1_2,1_2&#8243; _builder_version=&#8220;4.23.1&#8243; background_size=&#8220;initial&#8220; background_position=&#8220;top_left&#8220; background_repeat=&#8220;repeat&#8220; custom_padding=&#8220;54px||54px||true|false&#8220; global_colors_info=&#8220;{}&#8220;][et_pb_column type=&#8220;1_2&#8243; _builder_version=&#8220;4.16&#8243; custom_padding=&#8220;|||&#8220; global_colors_info=&#8220;{}&#8220; custom_padding__hover=&#8220;|||&#8220;][et_pb_wc_images module_class=&#8220;produit-image-custom&#8220; _builder_version=&#8220;4.23.1&#8243; height_tablet=&#8220;350px&#8220; height_phone=&#8220;auto&#8220; height_last_edited=&#8220;on|phone&#8220; global_colors_info=&#8220;{}&#8220;][\/et_pb_wc_images][\/et_pb_column][et_pb_column type=&#8220;1_2&#8243; _builder_version=&#8220;4.16&#8243; custom_padding=&#8220;|||&#8220; global_colors_info=&#8220;{}&#8220; custom_padding__hover=&#8220;|||&#8220;][et_pb_text admin_label=&#8220;Categories&#8220; _builder_version=&#8220;4.23.1&#8243; _module_preset=&#8220;default&#8220; custom_margin=&#8220;||0px||false|false&#8220; global_colors_info=&#8220;{}&#8220;]<ul class=\"custom-fiche-product-categories\"><li><span class=\"hidden_tooltip_default show\">AGRARINDUSTRIE<\/span><a class=\"custom_link_to_terms\" href=\"https:\/\/www.isoone-lighting.com\/de\/categorie-produit\/anwendungen\/agrarindustrie\/\"><img decoding=\"async\" src=\"https:\/\/www.isoone-lighting.com\/wp-content\/uploads\/2023\/11\/picto_Agroalimentaire.png\" alt=\"AGRARINDUSTRIE\" \/><\/a><\/li><li><span class=\"hidden_tooltip_default show\">BATTERIEN<\/span><a class=\"custom_link_to_terms\" href=\"https:\/\/www.isoone-lighting.com\/de\/categorie-produit\/anwendungen\/batterien\/\"><img decoding=\"async\" src=\"https:\/\/www.isoone-lighting.com\/wp-content\/uploads\/2024\/02\/Batteries.png\" alt=\"BATTERIEN\" \/><\/a><\/li><li><span class=\"hidden_tooltip_default show\">BIOTECHNOLOGIE<\/span><a class=\"custom_link_to_terms\" href=\"https:\/\/www.isoone-lighting.com\/de\/categorie-produit\/anwendungen\/biotechnologie-deutsch\/\"><img decoding=\"async\" src=\"https:\/\/www.isoone-lighting.com\/wp-content\/uploads\/2023\/11\/picto_Biotech.png\" alt=\"BIOTECHNOLOGIE\" \/><\/a><\/li><li><span class=\"hidden_tooltip_default show\">ELEKTRONIK<\/span><a class=\"custom_link_to_terms\" href=\"https:\/\/www.isoone-lighting.com\/de\/categorie-produit\/anwendungen\/elektronik\/\"><img decoding=\"async\" src=\"https:\/\/www.isoone-lighting.com\/wp-content\/uploads\/2023\/11\/picto_Electronic-ok.png\" alt=\"ELEKTRONIK\" \/><\/a><\/li><li><span class=\"hidden_tooltip_default show\">HALBLEITER<\/span><a class=\"custom_link_to_terms\" href=\"https:\/\/www.isoone-lighting.com\/de\/categorie-produit\/anwendungen\/halbleiter\/\"><img decoding=\"async\" src=\"https:\/\/www.isoone-lighting.com\/wp-content\/uploads\/2024\/02\/Semiconducteur.png\" alt=\"HALBLEITER\" \/><\/a><\/li><li><span class=\"hidden_tooltip_default show\">KRANKENHAUS<\/span><a class=\"custom_link_to_terms\" href=\"https:\/\/www.isoone-lighting.com\/de\/categorie-produit\/anwendungen\/krankenhaus\/\"><img decoding=\"async\" src=\"https:\/\/www.isoone-lighting.com\/wp-content\/uploads\/2023\/11\/picto_HOPITAL-noir.png\" alt=\"KRANKENHAUS\" \/><\/a><\/li><li><span class=\"hidden_tooltip_default show\">MEDIZINISCHES GER\u00c4T<\/span><a class=\"custom_link_to_terms\" href=\"https:\/\/www.isoone-lighting.com\/de\/categorie-produit\/anwendungen\/medizinisches-gerat\/\"><img decoding=\"async\" src=\"https:\/\/www.isoone-lighting.com\/wp-content\/uploads\/2024\/02\/Picto-Dispositifs-Medicaux.png\" alt=\"MEDIZINISCHES GER\u00c4T\" \/><\/a><\/li><li><span class=\"hidden_tooltip_default show\">OPTISCH<\/span><a class=\"custom_link_to_terms\" href=\"https:\/\/www.isoone-lighting.com\/de\/categorie-produit\/anwendungen\/optisch\/\"><img decoding=\"async\" src=\"https:\/\/www.isoone-lighting.com\/wp-content\/uploads\/2023\/11\/picto_Optic.png\" alt=\"OPTISCH\" \/><\/a><\/li><li><span class=\"hidden_tooltip_default show\">PHARMA<\/span><a class=\"custom_link_to_terms\" href=\"https:\/\/www.isoone-lighting.com\/de\/categorie-produit\/anwendungen\/pharma\/\"><img decoding=\"async\" src=\"https:\/\/www.isoone-lighting.com\/wp-content\/uploads\/2023\/11\/picto_Pharmaceutique.png\" alt=\"PHARMA\" \/><\/a><\/li><li><span class=\"hidden_tooltip_default show\">PHOTOVOLTAIK<\/span><a class=\"custom_link_to_terms\" href=\"https:\/\/www.isoone-lighting.com\/de\/categorie-produit\/anwendungen\/photovoltaik\/\"><img decoding=\"async\" src=\"https:\/\/www.isoone-lighting.com\/wp-content\/uploads\/2023\/11\/picto_Photovoltaic.png\" alt=\"PHOTOVOLTAIK\" \/><\/a><\/li><li><span class=\"hidden_tooltip_default show\">WELTRAUM<\/span><a class=\"custom_link_to_terms\" href=\"https:\/\/www.isoone-lighting.com\/de\/categorie-produit\/anwendungen\/weltraum-anwendungen\/\"><img decoding=\"async\" src=\"https:\/\/www.isoone-lighting.com\/wp-content\/uploads\/2023\/11\/Picto_spatial.png\" alt=\"WELTRAUM\" \/><\/a><\/li><\/ul>[\/et_pb_text][et_pb_wc_title _builder_version=&#8220;4.23.1&#8243; header_font_size=&#8220;50px&#8220; custom_margin=&#8220;||20px||false|false&#8220; header_text_align_last_edited=&#8220;off|desktop&#8220; header_font_size_tablet=&#8220;40px&#8220; header_font_size_phone=&#8220;30px&#8220; header_font_size_last_edited=&#8220;on|desktop&#8220; global_colors_info=&#8220;{}&#8220;][\/et_pb_wc_title][et_pb_wc_description _builder_version=&#8220;4.23.1&#8243; custom_padding=&#8220;|50px|||false|false&#8220; global_colors_info=&#8220;{}&#8220;][\/et_pb_wc_description][\/et_pb_column][\/et_pb_row][et_pb_row custom_padding_last_edited=&#8220;on|tablet&#8220; _builder_version=&#8220;4.23.1&#8243; background_size=&#8220;initial&#8220; background_position=&#8220;top_left&#8220; background_repeat=&#8220;repeat&#8220; custom_padding=&#8220;0px||0px||true|false&#8220; custom_padding_tablet=&#8220;54px||||false|false&#8220; custom_padding_phone=&#8220;10px||0px||false|false&#8220; global_colors_info=&#8220;{}&#8220;][et_pb_column type=&#8220;4_4&#8243; _builder_version=&#8220;4.16&#8243; custom_padding=&#8220;|||&#8220; global_colors_info=&#8220;{}&#8220; custom_padding__hover=&#8220;|||&#8220;][et_pb_wc_tabs _builder_version=&#8220;4.23.1&#8243; tab_font=&#8220;|||on|||||&#8220; tab_font_size=&#8220;24px&#8220; tab_font_size_tablet=&#8220;20px&#8220; tab_font_size_phone=&#8220;17px&#8220; tab_font_size_last_edited=&#8220;on|desktop&#8220; border_width_all=&#8220;0px&#8220; global_colors_info=&#8220;{}&#8220;]\t\t\t\t\t[\/et_pb_wc_tabs][\/et_pb_column][\/et_pb_row][\/et_pb_section][et_pb_section fb_built=&#8220;1&#8243; custom_padding_last_edited=&#8220;on|tablet&#8220; _builder_version=&#8220;4.23.1&#8243; _module_preset=&#8220;default&#8220; custom_padding=&#8220;38px||54px||false|false&#8220; custom_padding_tablet=&#8220;||30px||false|false&#8220; custom_padding_phone=&#8220;||0px||false|false&#8220; global_colors_info=&#8220;{}&#8220;][et_pb_row _builder_version=&#8220;4.23.1&#8243; _module_preset=&#8220;default&#8220; custom_padding=&#8220;0px||0px||true|false&#8220; global_colors_info=&#8220;{}&#8220;][et_pb_column type=&#8220;4_4&#8243; _builder_version=&#8220;4.23.1&#8243; _module_preset=&#8220;default&#8220; global_colors_info=&#8220;{}&#8220;][et_pb_wc_related_products include_categories=&#8220;121,160,124,128,129,126,123,350,421,422,127&#8243; sale_badge_color=&#8220;#838383&#8243; icon_hover_color=&#8220;RGBA(255,255,255,0)&#8220; hover_overlay_color=&#8220;RGBA(255,255,255,0)&#8220; show_price=&#8220;off&#8220; module_class=&#8220;similar-custom&#8220; _builder_version=&#8220;4.23.1&#8243; title_font=&#8220;|||on|||||&#8220; title_text_align=&#8220;center&#8220; title_font_size=&#8220;30px&#8220; product_title_font=&#8220;|||on|||||&#8220; product_title_text_color=&#8220;#000000&#8243; product_title_font_size=&#8220;22px&#8220; sale_badge_text_color=&#8220;#838383&#8243; text_orientation=&#8220;center&#8220; global_colors_info=&#8220;{}&#8220;][\/et_pb_wc_related_products][\/et_pb_column][\/et_pb_row][\/et_pb_section]<\/p>\n","protected":false},"excerpt":{"rendered":"<p>Einbau Reinraumleuchte mit Zugang von oben, kompakt IP65 mit LED intensiv oder extensiv, Diffusor aus polycarbonat. Breite Reihe von  Leistungen und photometrischen Verteilungen.<br \/>\nLeuchtenk\u00f6rper aus dickem Stahlblech, wei\u00df pulverbeschichtetes Polyester. Spannrahmen aus wei\u00df lackierten Stahl. Obere Abdeckung in rot lackiert.<\/p>\n","protected":false},"featured_media":2656,"comment_status":"closed","ping_status":"closed","template":"","meta":{"_acf_changed":false,"_et_pb_use_builder":"on","_et_pb_old_content":"","_et_gb_content_width":"","_monsterinsights_skip_tracking":false,"_monsterinsights_sitenote_active":false,"_monsterinsights_sitenote_note":"","_monsterinsights_sitenote_category":0},"product_brand":[],"product_cat":[121,160,124,237,222,128,350,129,127,420,421,126,422,123],"product_tag":[],"class_list":{"0":"post-2677","1":"product","2":"type-product","3":"status-publish","4":"has-post-thumbnail","6":"product_cat-agrarindustrie","7":"product_cat-batterien","8":"product_cat-biotechnologie-deutsch","9":"product_cat-einbauleuchte-fur-sandwich-decke-art","10":"product_cat-einbauleuchte-zugang-von-oben","11":"product_cat-elektronik","12":"product_cat-halbleiter","13":"product_cat-krankenhaus","14":"product_cat-medizinisches-gerat","15":"product_cat-option-fur-inaktinischen-fluss","16":"product_cat-optisch","17":"product_cat-pharma","18":"product_cat-photovoltaik","19":"product_cat-weltraum-anwendungen","21":"first","22":"instock","23":"shipping-taxable","24":"product-type-simple","25":"berocket_lgv_grid","26":"berocket_lgv_list_grid"},"acf":[],"yoast_head":"<!-- This site is optimized with the Yoast SEO plugin v27.4 - https:\/\/yoast.com\/product\/yoast-seo-wordpress\/ -->\n<title>MARS - LA MANUFACTURE DE FRANCE<\/title>\n<meta name=\"robots\" content=\"index, follow, max-snippet:-1, max-image-preview:large, max-video-preview:-1\" \/>\n<link rel=\"canonical\" href=\"https:\/\/www.isoone-lighting.com\/de\/produit\/einbau-reinraumleuchte-mit-zugang-von-oben\/\" \/>\n<meta property=\"og:locale\" content=\"de_DE\" \/>\n<meta property=\"og:type\" content=\"article\" \/>\n<meta property=\"og:title\" content=\"MARS - LA MANUFACTURE DE FRANCE\" \/>\n<meta property=\"og:description\" content=\"Einbau Reinraumleuchte mit Zugang von oben, kompakt IP65 mit LED intensiv oder extensiv, Diffusor aus polycarbonat. Breite Reihe von Leistungen und photometrischen Verteilungen. Leuchtenk\u00f6rper aus dickem Stahlblech, wei\u00df pulverbeschichtetes Polyester. Spannrahmen aus wei\u00df lackierten Stahl. Obere Abdeckung in rot lackiert.\" \/>\n<meta property=\"og:url\" content=\"https:\/\/www.isoone-lighting.com\/de\/produit\/einbau-reinraumleuchte-mit-zugang-von-oben\/\" \/>\n<meta property=\"og:site_name\" content=\"LA MANUFACTURE DE FRANCE\" \/>\n<meta property=\"article:modified_time\" content=\"2024-02-26T15:49:11+00:00\" \/>\n<meta property=\"og:image\" content=\"https:\/\/www.isoone-lighting.com\/wp-content\/uploads\/2023\/11\/MARS.png\" \/>\n\t<meta property=\"og:image:width\" content=\"650\" \/>\n\t<meta property=\"og:image:height\" content=\"434\" \/>\n\t<meta property=\"og:image:type\" content=\"image\/png\" \/>\n<meta name=\"twitter:card\" content=\"summary_large_image\" \/>\n<meta name=\"twitter:label1\" content=\"Gesch\u00e4tzte Lesezeit\" \/>\n\t<meta name=\"twitter:data1\" content=\"1\u00a0Minute\" \/>\n<script type=\"application\/ld+json\" class=\"yoast-schema-graph\">{\"@context\":\"https:\\\/\\\/schema.org\",\"@graph\":[{\"@type\":\"WebPage\",\"@id\":\"https:\\\/\\\/www.isoone-lighting.com\\\/de\\\/produit\\\/einbau-reinraumleuchte-mit-zugang-von-oben\\\/\",\"url\":\"https:\\\/\\\/www.isoone-lighting.com\\\/de\\\/produit\\\/einbau-reinraumleuchte-mit-zugang-von-oben\\\/\",\"name\":\"MARS - LA MANUFACTURE DE FRANCE\",\"isPartOf\":{\"@id\":\"https:\\\/\\\/www.isoone-lighting.com\\\/de\\\/#website\"},\"primaryImageOfPage\":{\"@id\":\"https:\\\/\\\/www.isoone-lighting.com\\\/de\\\/produit\\\/einbau-reinraumleuchte-mit-zugang-von-oben\\\/#primaryimage\"},\"image\":{\"@id\":\"https:\\\/\\\/www.isoone-lighting.com\\\/de\\\/produit\\\/einbau-reinraumleuchte-mit-zugang-von-oben\\\/#primaryimage\"},\"thumbnailUrl\":\"https:\\\/\\\/www.isoone-lighting.com\\\/wp-content\\\/uploads\\\/2023\\\/11\\\/MARS.png\",\"datePublished\":\"2023-11-29T05:20:45+00:00\",\"dateModified\":\"2024-02-26T15:49:11+00:00\",\"breadcrumb\":{\"@id\":\"https:\\\/\\\/www.isoone-lighting.com\\\/de\\\/produit\\\/einbau-reinraumleuchte-mit-zugang-von-oben\\\/#breadcrumb\"},\"inLanguage\":\"de\",\"potentialAction\":[{\"@type\":\"ReadAction\",\"target\":[\"https:\\\/\\\/www.isoone-lighting.com\\\/de\\\/produit\\\/einbau-reinraumleuchte-mit-zugang-von-oben\\\/\"]}]},{\"@type\":\"ImageObject\",\"inLanguage\":\"de\",\"@id\":\"https:\\\/\\\/www.isoone-lighting.com\\\/de\\\/produit\\\/einbau-reinraumleuchte-mit-zugang-von-oben\\\/#primaryimage\",\"url\":\"https:\\\/\\\/www.isoone-lighting.com\\\/wp-content\\\/uploads\\\/2023\\\/11\\\/MARS.png\",\"contentUrl\":\"https:\\\/\\\/www.isoone-lighting.com\\\/wp-content\\\/uploads\\\/2023\\\/11\\\/MARS.png\",\"width\":650,\"height\":434,\"caption\":\"MARS\"},{\"@type\":\"BreadcrumbList\",\"@id\":\"https:\\\/\\\/www.isoone-lighting.com\\\/de\\\/produit\\\/einbau-reinraumleuchte-mit-zugang-von-oben\\\/#breadcrumb\",\"itemListElement\":[{\"@type\":\"ListItem\",\"position\":1,\"name\":\"Startseite\",\"item\":\"https:\\\/\\\/www.isoone-lighting.com\\\/de\\\/\"},{\"@type\":\"ListItem\",\"position\":2,\"name\":\"Unsere Leuchten\",\"item\":\"https:\\\/\\\/www.isoone-lighting.com\\\/de\\\/unsere-leuchten\\\/\"},{\"@type\":\"ListItem\",\"position\":3,\"name\":\"MARS\"}]},{\"@type\":\"WebSite\",\"@id\":\"https:\\\/\\\/www.isoone-lighting.com\\\/de\\\/#website\",\"url\":\"https:\\\/\\\/www.isoone-lighting.com\\\/de\\\/\",\"name\":\"LA MANUFACTURE DE FRANCE\",\"description\":\"\",\"potentialAction\":[{\"@type\":\"SearchAction\",\"target\":{\"@type\":\"EntryPoint\",\"urlTemplate\":\"https:\\\/\\\/www.isoone-lighting.com\\\/de\\\/?s={search_term_string}\"},\"query-input\":{\"@type\":\"PropertyValueSpecification\",\"valueRequired\":true,\"valueName\":\"search_term_string\"}}],\"inLanguage\":\"de\"}]}<\/script>\n<!-- \/ Yoast SEO plugin. -->","yoast_head_json":{"title":"MARS - LA MANUFACTURE DE FRANCE","robots":{"index":"index","follow":"follow","max-snippet":"max-snippet:-1","max-image-preview":"max-image-preview:large","max-video-preview":"max-video-preview:-1"},"canonical":"https:\/\/www.isoone-lighting.com\/de\/produit\/einbau-reinraumleuchte-mit-zugang-von-oben\/","og_locale":"de_DE","og_type":"article","og_title":"MARS - LA MANUFACTURE DE FRANCE","og_description":"Einbau Reinraumleuchte mit Zugang von oben, kompakt IP65 mit LED intensiv oder extensiv, Diffusor aus polycarbonat. Breite Reihe von Leistungen und photometrischen Verteilungen. Leuchtenk\u00f6rper aus dickem Stahlblech, wei\u00df pulverbeschichtetes Polyester. Spannrahmen aus wei\u00df lackierten Stahl. Obere Abdeckung in rot lackiert.","og_url":"https:\/\/www.isoone-lighting.com\/de\/produit\/einbau-reinraumleuchte-mit-zugang-von-oben\/","og_site_name":"LA MANUFACTURE DE FRANCE","article_modified_time":"2024-02-26T15:49:11+00:00","og_image":[{"width":650,"height":434,"url":"https:\/\/www.isoone-lighting.com\/wp-content\/uploads\/2023\/11\/MARS.png","type":"image\/png"}],"twitter_card":"summary_large_image","twitter_misc":{"Gesch\u00e4tzte Lesezeit":"1\u00a0Minute"},"schema":{"@context":"https:\/\/schema.org","@graph":[{"@type":"WebPage","@id":"https:\/\/www.isoone-lighting.com\/de\/produit\/einbau-reinraumleuchte-mit-zugang-von-oben\/","url":"https:\/\/www.isoone-lighting.com\/de\/produit\/einbau-reinraumleuchte-mit-zugang-von-oben\/","name":"MARS - LA MANUFACTURE DE FRANCE","isPartOf":{"@id":"https:\/\/www.isoone-lighting.com\/de\/#website"},"primaryImageOfPage":{"@id":"https:\/\/www.isoone-lighting.com\/de\/produit\/einbau-reinraumleuchte-mit-zugang-von-oben\/#primaryimage"},"image":{"@id":"https:\/\/www.isoone-lighting.com\/de\/produit\/einbau-reinraumleuchte-mit-zugang-von-oben\/#primaryimage"},"thumbnailUrl":"https:\/\/www.isoone-lighting.com\/wp-content\/uploads\/2023\/11\/MARS.png","datePublished":"2023-11-29T05:20:45+00:00","dateModified":"2024-02-26T15:49:11+00:00","breadcrumb":{"@id":"https:\/\/www.isoone-lighting.com\/de\/produit\/einbau-reinraumleuchte-mit-zugang-von-oben\/#breadcrumb"},"inLanguage":"de","potentialAction":[{"@type":"ReadAction","target":["https:\/\/www.isoone-lighting.com\/de\/produit\/einbau-reinraumleuchte-mit-zugang-von-oben\/"]}]},{"@type":"ImageObject","inLanguage":"de","@id":"https:\/\/www.isoone-lighting.com\/de\/produit\/einbau-reinraumleuchte-mit-zugang-von-oben\/#primaryimage","url":"https:\/\/www.isoone-lighting.com\/wp-content\/uploads\/2023\/11\/MARS.png","contentUrl":"https:\/\/www.isoone-lighting.com\/wp-content\/uploads\/2023\/11\/MARS.png","width":650,"height":434,"caption":"MARS"},{"@type":"BreadcrumbList","@id":"https:\/\/www.isoone-lighting.com\/de\/produit\/einbau-reinraumleuchte-mit-zugang-von-oben\/#breadcrumb","itemListElement":[{"@type":"ListItem","position":1,"name":"Startseite","item":"https:\/\/www.isoone-lighting.com\/de\/"},{"@type":"ListItem","position":2,"name":"Unsere Leuchten","item":"https:\/\/www.isoone-lighting.com\/de\/unsere-leuchten\/"},{"@type":"ListItem","position":3,"name":"MARS"}]},{"@type":"WebSite","@id":"https:\/\/www.isoone-lighting.com\/de\/#website","url":"https:\/\/www.isoone-lighting.com\/de\/","name":"LA MANUFACTURE DE FRANCE","description":"","potentialAction":[{"@type":"SearchAction","target":{"@type":"EntryPoint","urlTemplate":"https:\/\/www.isoone-lighting.com\/de\/?s={search_term_string}"},"query-input":{"@type":"PropertyValueSpecification","valueRequired":true,"valueName":"search_term_string"}}],"inLanguage":"de"}]}},"_links":{"self":[{"href":"https:\/\/www.isoone-lighting.com\/de\/wp-json\/wp\/v2\/product\/2677","targetHints":{"allow":["GET"]}}],"collection":[{"href":"https:\/\/www.isoone-lighting.com\/de\/wp-json\/wp\/v2\/product"}],"about":[{"href":"https:\/\/www.isoone-lighting.com\/de\/wp-json\/wp\/v2\/types\/product"}],"replies":[{"embeddable":true,"href":"https:\/\/www.isoone-lighting.com\/de\/wp-json\/wp\/v2\/comments?post=2677"}],"wp:featuredmedia":[{"embeddable":true,"href":"https:\/\/www.isoone-lighting.com\/de\/wp-json\/wp\/v2\/media\/2656"}],"wp:attachment":[{"href":"https:\/\/www.isoone-lighting.com\/de\/wp-json\/wp\/v2\/media?parent=2677"}],"wp:term":[{"taxonomy":"product_brand","embeddable":true,"href":"https:\/\/www.isoone-lighting.com\/de\/wp-json\/wp\/v2\/product_brand?post=2677"},{"taxonomy":"product_cat","embeddable":true,"href":"https:\/\/www.isoone-lighting.com\/de\/wp-json\/wp\/v2\/product_cat?post=2677"},{"taxonomy":"product_tag","embeddable":true,"href":"https:\/\/www.isoone-lighting.com\/de\/wp-json\/wp\/v2\/product_tag?post=2677"}],"curies":[{"name":"wp","href":"https:\/\/api.w.org\/{rel}","templated":true}]}}