{"id":4007,"date":"2023-11-30T14:04:44","date_gmt":"2023-11-30T13:04:44","guid":{"rendered":"https:\/\/www.isoone-lighting.com\/produit\/h1_evo-de\/"},"modified":"2024-02-26T15:52:39","modified_gmt":"2024-02-26T14:52:39","slug":"h1_evo-de","status":"publish","type":"product","link":"https:\/\/www.isoone-lighting.com\/de\/produit\/h1_evo-de\/","title":{"rendered":"H1_EVO"},"content":{"rendered":"<p>[et_pb_section fb_built=&#8220;1&#8243; _builder_version=&#8220;4.24.2&#8243; _module_preset=&#8220;default&#8220; background_image=&#8220;https:\/\/www.isoone-lighting.com\/wp-content\/uploads\/2024\/02\/P15_Banner_gamme-scaled.jpg&#8220; height=&#8220;160px&#8220; height_tablet=&#8220;120px&#8220; height_phone=&#8220;120px&#8220; height_last_edited=&#8220;on|tablet&#8220; custom_padding=&#8220;0px||0px||true|false&#8220; hover_enabled=&#8220;0&#8243; custom_css_main_element=&#8220;display: -webkit-box;||display: -ms-flexbox;||display: flex;&#8220; locked=&#8220;off&#8220; global_colors_info=&#8220;{}&#8220; title_text=&#8220;P15_Banner_gamme&#8220; background_enable_color=&#8220;off&#8220; sticky_enabled=&#8220;0&#8243;][et_pb_row _builder_version=&#8220;4.23.1&#8243; _module_preset=&#8220;default&#8220; custom_padding=&#8220;0px||0px||true|false&#8220; global_colors_info=&#8220;{}&#8220;][et_pb_column type=&#8220;4_4&#8243; _builder_version=&#8220;4.23.1&#8243; _module_preset=&#8220;default&#8220; global_colors_info=&#8220;{}&#8220;][et_pb_text admin_label=&#8220;fil d&#8217;ariane&#8220; _builder_version=&#8220;4.23.1&#8243; _module_preset=&#8220;default&#8220; text_text_color=&#8220;#FFFFFF&#8220; text_font_size=&#8220;18px&#8220; link_text_color=&#8220;#FFFFFF&#8220; header_font=&#8220;|600||on|||||&#8220; header_text_align=&#8220;center&#8220; header_text_color=&#8220;#FFFFFF&#8220; header_font_size=&#8220;42px&#8220; text_orientation=&#8220;center&#8220; header_font_size_tablet=&#8220;35px&#8220; header_font_size_phone=&#8220;25px&#8220; header_font_size_last_edited=&#8220;on|phone&#8220; global_colors_info=&#8220;{}&#8220;]<span><span><a href=\"https:\/\/www.isoone-lighting.com\/de\/\">Startseite<\/a><\/span><\/span>[\/et_pb_text][\/et_pb_column][\/et_pb_row][\/et_pb_section][et_pb_section fb_built=&#8220;1&#8243; _builder_version=&#8220;4.23.1&#8243; custom_padding=&#8220;0px||0px||true|false&#8220; global_colors_info=&#8220;{}&#8220;][et_pb_row column_structure=&#8220;1_2,1_2&#8243; _builder_version=&#8220;4.23.1&#8243; background_size=&#8220;initial&#8220; background_position=&#8220;top_left&#8220; background_repeat=&#8220;repeat&#8220; custom_padding=&#8220;54px||54px||true|false&#8220; global_colors_info=&#8220;{}&#8220;][et_pb_column type=&#8220;1_2&#8243; _builder_version=&#8220;4.16&#8243; custom_padding=&#8220;|||&#8220; global_colors_info=&#8220;{}&#8220; custom_padding__hover=&#8220;|||&#8220;][et_pb_wc_images module_class=&#8220;produit-image-custom&#8220; _builder_version=&#8220;4.23.1&#8243; height_tablet=&#8220;350px&#8220; height_phone=&#8220;auto&#8220; height_last_edited=&#8220;on|phone&#8220; global_colors_info=&#8220;{}&#8220;][\/et_pb_wc_images][\/et_pb_column][et_pb_column type=&#8220;1_2&#8243; _builder_version=&#8220;4.16&#8243; custom_padding=&#8220;|||&#8220; global_colors_info=&#8220;{}&#8220; custom_padding__hover=&#8220;|||&#8220;][et_pb_text admin_label=&#8220;Categories&#8220; _builder_version=&#8220;4.23.1&#8243; _module_preset=&#8220;default&#8220; custom_margin=&#8220;||0px||false|false&#8220; global_colors_info=&#8220;{}&#8220;]<ul class=\"custom-fiche-product-categories\"><li><span class=\"hidden_tooltip_default show\">BIOTECHNOLOGIE<\/span><a class=\"custom_link_to_terms\" href=\"https:\/\/www.isoone-lighting.com\/de\/categorie-produit\/anwendungen\/biotechnologie-deutsch\/\"><img decoding=\"async\" src=\"https:\/\/www.isoone-lighting.com\/wp-content\/uploads\/2023\/11\/picto_Biotech.png\" alt=\"BIOTECHNOLOGIE\" \/><\/a><\/li><li><span class=\"hidden_tooltip_default show\">ELEKTRONIK<\/span><a class=\"custom_link_to_terms\" href=\"https:\/\/www.isoone-lighting.com\/de\/categorie-produit\/anwendungen\/elektronik\/\"><img decoding=\"async\" src=\"https:\/\/www.isoone-lighting.com\/wp-content\/uploads\/2023\/11\/picto_Electronic-ok.png\" alt=\"ELEKTRONIK\" \/><\/a><\/li><li><span class=\"hidden_tooltip_default show\">KRANKENHAUS<\/span><a class=\"custom_link_to_terms\" href=\"https:\/\/www.isoone-lighting.com\/de\/categorie-produit\/anwendungen\/krankenhaus\/\"><img decoding=\"async\" src=\"https:\/\/www.isoone-lighting.com\/wp-content\/uploads\/2023\/11\/picto_HOPITAL-noir.png\" alt=\"KRANKENHAUS\" \/><\/a><\/li><li><span class=\"hidden_tooltip_default show\">MEDIZINISCHES GER\u00c4T<\/span><a class=\"custom_link_to_terms\" href=\"https:\/\/www.isoone-lighting.com\/de\/categorie-produit\/anwendungen\/medizinisches-gerat\/\"><img decoding=\"async\" src=\"https:\/\/www.isoone-lighting.com\/wp-content\/uploads\/2024\/02\/Picto-Dispositifs-Medicaux.png\" alt=\"MEDIZINISCHES GER\u00c4T\" \/><\/a><\/li><li><span class=\"hidden_tooltip_default show\">OPTISCH<\/span><a class=\"custom_link_to_terms\" href=\"https:\/\/www.isoone-lighting.com\/de\/categorie-produit\/anwendungen\/optisch\/\"><img decoding=\"async\" src=\"https:\/\/www.isoone-lighting.com\/wp-content\/uploads\/2023\/11\/picto_Optic.png\" alt=\"OPTISCH\" \/><\/a><\/li><li><span class=\"hidden_tooltip_default show\">PHARMA<\/span><a class=\"custom_link_to_terms\" href=\"https:\/\/www.isoone-lighting.com\/de\/categorie-produit\/anwendungen\/pharma\/\"><img decoding=\"async\" src=\"https:\/\/www.isoone-lighting.com\/wp-content\/uploads\/2023\/11\/picto_Pharmaceutique.png\" alt=\"PHARMA\" \/><\/a><\/li><\/ul>[\/et_pb_text][et_pb_wc_title _builder_version=&#8220;4.23.1&#8243; header_font_size=&#8220;50px&#8220; custom_margin=&#8220;||20px||false|false&#8220; header_text_align_last_edited=&#8220;off|desktop&#8220; header_font_size_tablet=&#8220;40px&#8220; header_font_size_phone=&#8220;30px&#8220; header_font_size_last_edited=&#8220;on|desktop&#8220; global_colors_info=&#8220;{}&#8220;][\/et_pb_wc_title][et_pb_wc_description _builder_version=&#8220;4.23.1&#8243; custom_padding=&#8220;|50px|||false|false&#8220; global_colors_info=&#8220;{}&#8220;][\/et_pb_wc_description][\/et_pb_column][\/et_pb_row][et_pb_row custom_padding_last_edited=&#8220;on|tablet&#8220; _builder_version=&#8220;4.23.1&#8243; background_size=&#8220;initial&#8220; background_position=&#8220;top_left&#8220; background_repeat=&#8220;repeat&#8220; custom_padding=&#8220;0px||0px||true|false&#8220; custom_padding_tablet=&#8220;54px||||false|false&#8220; custom_padding_phone=&#8220;10px||0px||false|false&#8220; global_colors_info=&#8220;{}&#8220;][et_pb_column type=&#8220;4_4&#8243; _builder_version=&#8220;4.16&#8243; custom_padding=&#8220;|||&#8220; global_colors_info=&#8220;{}&#8220; custom_padding__hover=&#8220;|||&#8220;][et_pb_wc_tabs _builder_version=&#8220;4.23.1&#8243; tab_font=&#8220;|||on|||||&#8220; tab_font_size=&#8220;24px&#8220; tab_font_size_tablet=&#8220;20px&#8220; tab_font_size_phone=&#8220;17px&#8220; tab_font_size_last_edited=&#8220;on|desktop&#8220; border_width_all=&#8220;0px&#8220; global_colors_info=&#8220;{}&#8220;]\t\t\t\t\t[\/et_pb_wc_tabs][\/et_pb_column][\/et_pb_row][\/et_pb_section][et_pb_section fb_built=&#8220;1&#8243; custom_padding_last_edited=&#8220;on|tablet&#8220; _builder_version=&#8220;4.23.1&#8243; _module_preset=&#8220;default&#8220; custom_padding=&#8220;38px||54px||false|false&#8220; custom_padding_tablet=&#8220;||30px||false|false&#8220; custom_padding_phone=&#8220;||0px||false|false&#8220; global_colors_info=&#8220;{}&#8220;][et_pb_row _builder_version=&#8220;4.23.1&#8243; _module_preset=&#8220;default&#8220; custom_padding=&#8220;0px||0px||true|false&#8220; global_colors_info=&#8220;{}&#8220;][et_pb_column type=&#8220;4_4&#8243; _builder_version=&#8220;4.23.1&#8243; _module_preset=&#8220;default&#8220; global_colors_info=&#8220;{}&#8220;][et_pb_wc_related_products include_categories=&#8220;46,47,37,41,45,43&#8243; sale_badge_color=&#8220;#838383&#8243; icon_hover_color=&#8220;RGBA(255,255,255,0)&#8220; hover_overlay_color=&#8220;RGBA(255,255,255,0)&#8220; show_price=&#8220;off&#8220; module_class=&#8220;similar-custom&#8220; _builder_version=&#8220;4.23.1&#8243; title_font=&#8220;|||on|||||&#8220; title_text_align=&#8220;center&#8220; title_font_size=&#8220;30px&#8220; product_title_font=&#8220;|||on|||||&#8220; product_title_text_color=&#8220;#000000&#8243; product_title_font_size=&#8220;22px&#8220; sale_badge_text_color=&#8220;#838383&#8243; text_orientation=&#8220;center&#8220; global_colors_info=&#8220;{}&#8220;][\/et_pb_wc_related_products][\/et_pb_column][\/et_pb_row][\/et_pb_section]<\/p>\n","protected":false},"excerpt":{"rendered":"<p>Led-Fliesen mit einer sehr geringen Dicke (11 mm), die speziell f\u00fcr die Anwendung in Reinr\u00e4umen entwickelt wurden, glattes, abgerundetes Profil ohne scharfe Kanten. IP65 von oben und unten, wasserstoffperoxidbest\u00e4ndig, unterseitig verkleidete Montage, die eine Abdichtung erm\u00f6glicht. Gro\u00dfe Auswahl an Lichtst\u00e4rken von 1800 bis 6500 Lm. Erh\u00e4ltlich in 4000 K oder 6500 K. CRI gr\u00f6\u00dfer als 90 und R9 (rot) gr\u00f6\u00dfer als 50<\/p>\n","protected":false},"featured_media":4622,"comment_status":"closed","ping_status":"closed","template":"","meta":{"_acf_changed":false,"_et_pb_use_builder":"on","_et_pb_old_content":"","_et_gb_content_width":"","_monsterinsights_skip_tracking":false,"_monsterinsights_sitenote_active":false,"_monsterinsights_sitenote_note":"","_monsterinsights_sitenote_category":0},"product_brand":[],"product_cat":[124,128,129,770,127,421,126],"product_tag":[119],"class_list":{"0":"post-4007","1":"product","2":"type-product","3":"status-publish","4":"has-post-thumbnail","6":"product_cat-biotechnologie-deutsch","7":"product_cat-elektronik","8":"product_cat-krankenhaus","9":"product_cat-led-panel-art","10":"product_cat-medizinisches-gerat","11":"product_cat-optisch","12":"product_cat-pharma","13":"product_tag-neuheiten","15":"first","16":"instock","17":"featured","18":"shipping-taxable","19":"product-type-simple","20":"berocket_lgv_grid","21":"berocket_lgv_list_grid"},"acf":[],"yoast_head":"<!-- This site is optimized with the Yoast SEO plugin v27.5 - https:\/\/yoast.com\/product\/yoast-seo-wordpress\/ -->\n<title>H1_EVO - LA MANUFACTURE DE FRANCE<\/title>\n<meta name=\"robots\" content=\"index, follow, max-snippet:-1, max-image-preview:large, max-video-preview:-1\" \/>\n<link rel=\"canonical\" href=\"https:\/\/www.isoone-lighting.com\/de\/produit\/h1_evo-de\/\" \/>\n<meta property=\"og:locale\" content=\"de_DE\" \/>\n<meta property=\"og:type\" content=\"article\" \/>\n<meta property=\"og:title\" content=\"H1_EVO - LA MANUFACTURE DE FRANCE\" \/>\n<meta property=\"og:description\" content=\"Led-Fliesen mit einer sehr geringen Dicke (11 mm), die speziell f\u00fcr die Anwendung in Reinr\u00e4umen entwickelt wurden, glattes, abgerundetes Profil ohne scharfe Kanten. IP65 von oben und unten, wasserstoffperoxidbest\u00e4ndig, unterseitig verkleidete Montage, die eine Abdichtung erm\u00f6glicht. Gro\u00dfe Auswahl an Lichtst\u00e4rken von 1800 bis 6500 Lm. Erh\u00e4ltlich in 4000 K oder 6500 K. CRI gr\u00f6\u00dfer als 90 und R9 (rot) gr\u00f6\u00dfer als 50\" \/>\n<meta property=\"og:url\" content=\"https:\/\/www.isoone-lighting.com\/de\/produit\/h1_evo-de\/\" \/>\n<meta property=\"og:site_name\" content=\"LA MANUFACTURE DE FRANCE\" \/>\n<meta property=\"article:modified_time\" content=\"2024-02-26T14:52:39+00:00\" \/>\n<meta property=\"og:image\" content=\"https:\/\/www.isoone-lighting.com\/wp-content\/uploads\/2023\/11\/H1_Evo-1.png\" \/>\n\t<meta property=\"og:image:width\" content=\"650\" \/>\n\t<meta property=\"og:image:height\" content=\"434\" \/>\n\t<meta property=\"og:image:type\" content=\"image\/png\" \/>\n<meta name=\"twitter:card\" content=\"summary_large_image\" \/>\n<meta name=\"twitter:label1\" content=\"Gesch\u00e4tzte Lesezeit\" \/>\n\t<meta name=\"twitter:data1\" content=\"3\u00a0Minuten\" \/>\n<script type=\"application\/ld+json\" class=\"yoast-schema-graph\">{\"@context\":\"https:\\\/\\\/schema.org\",\"@graph\":[{\"@type\":\"WebPage\",\"@id\":\"https:\\\/\\\/www.isoone-lighting.com\\\/de\\\/produit\\\/h1_evo-de\\\/\",\"url\":\"https:\\\/\\\/www.isoone-lighting.com\\\/de\\\/produit\\\/h1_evo-de\\\/\",\"name\":\"H1_EVO - LA MANUFACTURE DE FRANCE\",\"isPartOf\":{\"@id\":\"https:\\\/\\\/www.isoone-lighting.com\\\/de\\\/#website\"},\"primaryImageOfPage\":{\"@id\":\"https:\\\/\\\/www.isoone-lighting.com\\\/de\\\/produit\\\/h1_evo-de\\\/#primaryimage\"},\"image\":{\"@id\":\"https:\\\/\\\/www.isoone-lighting.com\\\/de\\\/produit\\\/h1_evo-de\\\/#primaryimage\"},\"thumbnailUrl\":\"https:\\\/\\\/www.isoone-lighting.com\\\/wp-content\\\/uploads\\\/2023\\\/11\\\/H1_Evo-1.png\",\"datePublished\":\"2023-11-30T13:04:44+00:00\",\"dateModified\":\"2024-02-26T14:52:39+00:00\",\"breadcrumb\":{\"@id\":\"https:\\\/\\\/www.isoone-lighting.com\\\/de\\\/produit\\\/h1_evo-de\\\/#breadcrumb\"},\"inLanguage\":\"de\",\"potentialAction\":[{\"@type\":\"ReadAction\",\"target\":[\"https:\\\/\\\/www.isoone-lighting.com\\\/de\\\/produit\\\/h1_evo-de\\\/\"]}]},{\"@type\":\"ImageObject\",\"inLanguage\":\"de\",\"@id\":\"https:\\\/\\\/www.isoone-lighting.com\\\/de\\\/produit\\\/h1_evo-de\\\/#primaryimage\",\"url\":\"https:\\\/\\\/www.isoone-lighting.com\\\/wp-content\\\/uploads\\\/2023\\\/11\\\/H1_Evo-1.png\",\"contentUrl\":\"https:\\\/\\\/www.isoone-lighting.com\\\/wp-content\\\/uploads\\\/2023\\\/11\\\/H1_Evo-1.png\",\"width\":650,\"height\":434,\"caption\":\"H1_Evo\"},{\"@type\":\"BreadcrumbList\",\"@id\":\"https:\\\/\\\/www.isoone-lighting.com\\\/de\\\/produit\\\/h1_evo-de\\\/#breadcrumb\",\"itemListElement\":[{\"@type\":\"ListItem\",\"position\":1,\"name\":\"Startseite\",\"item\":\"https:\\\/\\\/www.isoone-lighting.com\\\/de\\\/\"},{\"@type\":\"ListItem\",\"position\":2,\"name\":\"Unsere Leuchten\",\"item\":\"https:\\\/\\\/www.isoone-lighting.com\\\/de\\\/unsere-leuchten\\\/\"},{\"@type\":\"ListItem\",\"position\":3,\"name\":\"H1_EVO\"}]},{\"@type\":\"WebSite\",\"@id\":\"https:\\\/\\\/www.isoone-lighting.com\\\/de\\\/#website\",\"url\":\"https:\\\/\\\/www.isoone-lighting.com\\\/de\\\/\",\"name\":\"LA MANUFACTURE DE FRANCE\",\"description\":\"\",\"potentialAction\":[{\"@type\":\"SearchAction\",\"target\":{\"@type\":\"EntryPoint\",\"urlTemplate\":\"https:\\\/\\\/www.isoone-lighting.com\\\/de\\\/?s={search_term_string}\"},\"query-input\":{\"@type\":\"PropertyValueSpecification\",\"valueRequired\":true,\"valueName\":\"search_term_string\"}}],\"inLanguage\":\"de\"}]}<\/script>\n<!-- \/ Yoast SEO plugin. -->","yoast_head_json":{"title":"H1_EVO - LA MANUFACTURE DE FRANCE","robots":{"index":"index","follow":"follow","max-snippet":"max-snippet:-1","max-image-preview":"max-image-preview:large","max-video-preview":"max-video-preview:-1"},"canonical":"https:\/\/www.isoone-lighting.com\/de\/produit\/h1_evo-de\/","og_locale":"de_DE","og_type":"article","og_title":"H1_EVO - LA MANUFACTURE DE FRANCE","og_description":"Led-Fliesen mit einer sehr geringen Dicke (11 mm), die speziell f\u00fcr die Anwendung in Reinr\u00e4umen entwickelt wurden, glattes, abgerundetes Profil ohne scharfe Kanten. IP65 von oben und unten, wasserstoffperoxidbest\u00e4ndig, unterseitig verkleidete Montage, die eine Abdichtung erm\u00f6glicht. Gro\u00dfe Auswahl an Lichtst\u00e4rken von 1800 bis 6500 Lm. Erh\u00e4ltlich in 4000 K oder 6500 K. CRI gr\u00f6\u00dfer als 90 und R9 (rot) gr\u00f6\u00dfer als 50","og_url":"https:\/\/www.isoone-lighting.com\/de\/produit\/h1_evo-de\/","og_site_name":"LA MANUFACTURE DE FRANCE","article_modified_time":"2024-02-26T14:52:39+00:00","og_image":[{"width":650,"height":434,"url":"https:\/\/www.isoone-lighting.com\/wp-content\/uploads\/2023\/11\/H1_Evo-1.png","type":"image\/png"}],"twitter_card":"summary_large_image","twitter_misc":{"Gesch\u00e4tzte Lesezeit":"3\u00a0Minuten"},"schema":{"@context":"https:\/\/schema.org","@graph":[{"@type":"WebPage","@id":"https:\/\/www.isoone-lighting.com\/de\/produit\/h1_evo-de\/","url":"https:\/\/www.isoone-lighting.com\/de\/produit\/h1_evo-de\/","name":"H1_EVO - LA MANUFACTURE DE FRANCE","isPartOf":{"@id":"https:\/\/www.isoone-lighting.com\/de\/#website"},"primaryImageOfPage":{"@id":"https:\/\/www.isoone-lighting.com\/de\/produit\/h1_evo-de\/#primaryimage"},"image":{"@id":"https:\/\/www.isoone-lighting.com\/de\/produit\/h1_evo-de\/#primaryimage"},"thumbnailUrl":"https:\/\/www.isoone-lighting.com\/wp-content\/uploads\/2023\/11\/H1_Evo-1.png","datePublished":"2023-11-30T13:04:44+00:00","dateModified":"2024-02-26T14:52:39+00:00","breadcrumb":{"@id":"https:\/\/www.isoone-lighting.com\/de\/produit\/h1_evo-de\/#breadcrumb"},"inLanguage":"de","potentialAction":[{"@type":"ReadAction","target":["https:\/\/www.isoone-lighting.com\/de\/produit\/h1_evo-de\/"]}]},{"@type":"ImageObject","inLanguage":"de","@id":"https:\/\/www.isoone-lighting.com\/de\/produit\/h1_evo-de\/#primaryimage","url":"https:\/\/www.isoone-lighting.com\/wp-content\/uploads\/2023\/11\/H1_Evo-1.png","contentUrl":"https:\/\/www.isoone-lighting.com\/wp-content\/uploads\/2023\/11\/H1_Evo-1.png","width":650,"height":434,"caption":"H1_Evo"},{"@type":"BreadcrumbList","@id":"https:\/\/www.isoone-lighting.com\/de\/produit\/h1_evo-de\/#breadcrumb","itemListElement":[{"@type":"ListItem","position":1,"name":"Startseite","item":"https:\/\/www.isoone-lighting.com\/de\/"},{"@type":"ListItem","position":2,"name":"Unsere Leuchten","item":"https:\/\/www.isoone-lighting.com\/de\/unsere-leuchten\/"},{"@type":"ListItem","position":3,"name":"H1_EVO"}]},{"@type":"WebSite","@id":"https:\/\/www.isoone-lighting.com\/de\/#website","url":"https:\/\/www.isoone-lighting.com\/de\/","name":"LA MANUFACTURE DE FRANCE","description":"","potentialAction":[{"@type":"SearchAction","target":{"@type":"EntryPoint","urlTemplate":"https:\/\/www.isoone-lighting.com\/de\/?s={search_term_string}"},"query-input":{"@type":"PropertyValueSpecification","valueRequired":true,"valueName":"search_term_string"}}],"inLanguage":"de"}]}},"_links":{"self":[{"href":"https:\/\/www.isoone-lighting.com\/de\/wp-json\/wp\/v2\/product\/4007","targetHints":{"allow":["GET"]}}],"collection":[{"href":"https:\/\/www.isoone-lighting.com\/de\/wp-json\/wp\/v2\/product"}],"about":[{"href":"https:\/\/www.isoone-lighting.com\/de\/wp-json\/wp\/v2\/types\/product"}],"replies":[{"embeddable":true,"href":"https:\/\/www.isoone-lighting.com\/de\/wp-json\/wp\/v2\/comments?post=4007"}],"wp:featuredmedia":[{"embeddable":true,"href":"https:\/\/www.isoone-lighting.com\/de\/wp-json\/wp\/v2\/media\/4622"}],"wp:attachment":[{"href":"https:\/\/www.isoone-lighting.com\/de\/wp-json\/wp\/v2\/media?parent=4007"}],"wp:term":[{"taxonomy":"product_brand","embeddable":true,"href":"https:\/\/www.isoone-lighting.com\/de\/wp-json\/wp\/v2\/product_brand?post=4007"},{"taxonomy":"product_cat","embeddable":true,"href":"https:\/\/www.isoone-lighting.com\/de\/wp-json\/wp\/v2\/product_cat?post=4007"},{"taxonomy":"product_tag","embeddable":true,"href":"https:\/\/www.isoone-lighting.com\/de\/wp-json\/wp\/v2\/product_tag?post=4007"}],"curies":[{"name":"wp","href":"https:\/\/api.w.org\/{rel}","templated":true}]}}