{"id":3653,"date":"2023-11-15T11:59:06","date_gmt":"2023-11-15T10:59:06","guid":{"rendered":"https:\/\/www.isoone-lighting.com\/who-are-we\/"},"modified":"2024-02-27T11:31:55","modified_gmt":"2024-02-27T10:31:55","slug":"who-are-we","status":"publish","type":"page","link":"https:\/\/www.isoone-lighting.com\/en\/who-are-we\/","title":{"rendered":"Who are we"},"content":{"rendered":"<p>[et_pb_section fb_built=&#8221;1&#8243; _builder_version=&#8221;4.24.2&#8243; _module_preset=&#8221;default&#8221; background_image=&#8221;https:\/\/www.isoone-lighting.com\/wp-content\/uploads\/2024\/02\/Banner_gamme_Draco_fluo1-scaled.jpg&#8221; height=&#8221;160px&#8221; height_tablet=&#8221;120px&#8221; height_phone=&#8221;120px&#8221; height_last_edited=&#8221;on|tablet&#8221; custom_padding=&#8221;0px||0px||true|false&#8221; hover_enabled=&#8221;0&#8243; custom_css_main_element=&#8221;display: -webkit-box;||display: -ms-flexbox;||display: flex;&#8221; global_colors_info=&#8221;{}&#8221; title_text=&#8221;Banner_gamme_Draco_fluo1&#8243; background_enable_color=&#8221;off&#8221; sticky_enabled=&#8221;0&#8243;][et_pb_row _builder_version=&#8221;4.23.1&#8243; _module_preset=&#8221;default&#8221; custom_padding=&#8221;0px||0px||true|false&#8221; global_colors_info=&#8221;{}&#8221;][et_pb_column type=&#8221;4_4&#8243; _builder_version=&#8221;4.23.1&#8243; _module_preset=&#8221;default&#8221; global_colors_info=&#8221;{}&#8221;][et_pb_text admin_label=&#8221;Qui sommes-nous&#8221; _builder_version=&#8221;4.23.1&#8243; _module_preset=&#8221;_initial&#8221; header_font=&#8221;|600||on|||||&#8221; header_text_align=&#8221;center&#8221; header_text_color=&#8221;#FFFFFF&#8221; header_font_size=&#8221;42px&#8221; custom_margin=&#8221;||0px||false|false&#8221; header_font_size_tablet=&#8221;35px&#8221; header_font_size_phone=&#8221;25px&#8221; header_font_size_last_edited=&#8221;on|phone&#8221; global_colors_info=&#8221;{}&#8221;]<\/p>\n<h1>Who are we<\/h1>\n<p>[\/et_pb_text][et_pb_text admin_label=&#8221;fil d&#8217;ariane&#8221; module_class=&#8221;blog-breadcrumb-custom&#8221; _builder_version=&#8221;4.23.1&#8243; _module_preset=&#8221;_initial&#8221; text_text_color=&#8221;#FFFFFF&#8221; text_font_size=&#8221;16px&#8221; link_text_color=&#8221;#FFFFFF&#8221; header_font=&#8221;|600||on|||||&#8221; header_text_align=&#8221;center&#8221; header_text_color=&#8221;#FFFFFF&#8221; header_font_size=&#8221;42px&#8221; text_orientation=&#8221;center&#8221; header_font_size_tablet=&#8221;35px&#8221; header_font_size_phone=&#8221;25px&#8221; header_font_size_last_edited=&#8221;on|phone&#8221; locked=&#8221;off&#8221; global_colors_info=&#8221;{}&#8221;]<span><span><a href=\"https:\/\/www.isoone-lighting.com\/en\/\">Home<\/a><\/span><\/span>[\/et_pb_text][\/et_pb_column][\/et_pb_row][\/et_pb_section][et_pb_section fb_built=&#8221;1&#8243; _builder_version=&#8221;4.24.0&#8243; _module_preset=&#8221;default&#8221; global_colors_info=&#8221;{}&#8221;][et_pb_row column_structure=&#8221;1_3,1_3,1_3&#8243; _builder_version=&#8221;4.24.0&#8243; _module_preset=&#8221;default&#8221; custom_padding=&#8221;0px||0px||true|false&#8221; global_colors_info=&#8221;{}&#8221;][et_pb_column type=&#8221;1_3&#8243; _builder_version=&#8221;4.23.1&#8243; _module_preset=&#8221;default&#8221; custom_padding=&#8221;30px|30px|70px|30px|false|true&#8221; custom_padding_tablet=&#8221;30px||30px||true|true&#8221; custom_padding_phone=&#8221;30px||30px||true|true&#8221; custom_padding_last_edited=&#8221;on|desktop&#8221; border_width_all=&#8221;2px&#8221; border_color_all=&#8221;#000000&#8243; global_colors_info=&#8221;{}&#8221;][et_pb_divider show_divider=&#8221;off&#8221; admin_label=&#8221;ancre&#8221; module_id=&#8221;company&#8221; _builder_version=&#8221;4.24.0&#8243; _module_preset=&#8221;default&#8221; positioning=&#8221;absolute&#8221; position_origin_a=&#8221;top_center&#8221; vertical_offset=&#8221;-80px&#8221; width=&#8221;100%&#8221; global_colors_info=&#8221;{}&#8221;][\/et_pb_divider][et_pb_text admin_label=&#8221;Isoone, luminaires&#8221; _builder_version=&#8221;4.23.1&#8243; _module_preset=&#8221;_initial&#8221; header_2_font_size=&#8221;22px&#8221; header_2_line_height=&#8221;2em&#8221; custom_margin=&#8221;||10px||false|false&#8221; header_2_text_align_last_edited=&#8221;off|desktop&#8221; header_2_font_size_tablet=&#8221;24px&#8221; header_2_font_size_phone=&#8221;20px&#8221; locked=&#8221;off&#8221; global_colors_info=&#8221;{}&#8221;]<\/p>\n<h2>Cleanroom<br \/><span class=\"pre\">Lighting manufacturer<\/span><\/h2>\n<p>[\/et_pb_text][et_pb_gallery gallery_ids=&#8221;2108,2111&#8243; fullwidth=&#8221;on&#8221; module_class=&#8221;gal-custom&#8221; _builder_version=&#8221;4.23.1&#8243; _module_preset=&#8221;default&#8221; height=&#8221;242px&#8221; height_tablet=&#8221;367px&#8221; height_phone=&#8221;150px&#8221; height_last_edited=&#8221;on|desktop&#8221; global_colors_info=&#8221;{}&#8221;][\/et_pb_gallery][\/et_pb_column][et_pb_column type=&#8221;1_3&#8243; disabled_on=&#8221;off|off|off&#8221; _builder_version=&#8221;4.24.0&#8243; _module_preset=&#8221;default&#8221; global_colors_info=&#8221;{}&#8221; custom_css_main_element_last_edited=&#8221;on|tablet&#8221; custom_css_main_element_tablet=&#8221;margin-bottom: 0 !important;&#8221; custom_css_main_element_phone=&#8221;margin-bottom: 0 !important;&#8221;][et_pb_text disabled_on=&#8221;on|on|off&#8221; admin_label=&#8221;Voila bient\u00f4t&#8221; _builder_version=&#8221;4.24.0&#8243; _module_preset=&#8221;_initial&#8221; global_colors_info=&#8221;{}&#8221;]<b style=\"color: #000;\">Soon 40 years ago we designed the first luminaires to illuminate the clean rooms with the famous BATDX. We were the first.<\/b><\/p>\n<p>Over the years, we have learned to master constraints to illuminate these very specific spaces. Light sources have evolved, power systems and needs related to contamination control as well. To continue to innovate in this market, it seems essential to focus on it, is the raison d\u2019\u00eatre of ISOONE. A company founded to answer the specific problems of ultra-clean atmospheres.<\/p>\n<p>It is therefore with knowledge of the facts and with our sensitivity as a lighting engineer that we conceive the luminaries of the future. Because in the field of clean rooms lighting is important and often essential to ensure the quality of the product, as well as the protection of the ultra-clean environment in which the luminaire participates.<\/p>\n<p>As such, it seems necessary to us to deepen many lines of research around the luminaires, which is why our R &#038; D department is working to identify[\/et_pb_text][et_pb_text disabled_on=&#8221;off|off|on&#8221; admin_label=&#8221;Voila bient\u00f4t &#8211; Mobile&#8221; _builder_version=&#8221;4.24.0&#8243; _module_preset=&#8221;_initial&#8221; global_colors_info=&#8221;{}&#8221;]all possible sources of contamination brought by the luminaire in order to bring new solutions.<\/p>\n<p>The revolution brought by the LED will change the white room lights. This new technology opens new avenues of development and makes it possible to better adapt the luminaires to the reality of needs.<\/p>\n<p>On the other hand, the entry of lighting into the electronics world also opens up new possibilities for controlling the luminaire in the service of the quality of illumination or the reduction of consumption. And yes the luminaire also enters its phase \u201cSMART\u201d.<\/p>\n<p>By focusing on these specific applications and knowing them more deeply, Isoone will be able to offer users of the ultra-clean luminaires capable of improving the quality of work and that of the products produced there.<\/p>\n<p>Discover our products on this site and subscribe to our newsletter because the innovations and innovations will go well![\/et_pb_text][\/et_pb_column][et_pb_column type=&#8221;1_3&#8243; disabled_on=&#8221;on|on|off&#8221; _builder_version=&#8221;4.24.0&#8243; _module_preset=&#8221;default&#8221; global_colors_info=&#8221;{}&#8221;][et_pb_text disabled_on=&#8221;off|off|off&#8221; admin_label=&#8221;Toutes les sources&#8221; _builder_version=&#8221;4.24.0&#8243; _module_preset=&#8221;_initial&#8221; custom_margin_phone=&#8221;||||false|false&#8221; custom_margin_last_edited=&#8221;off|desktop&#8221; global_colors_info=&#8221;{}&#8221;]all possible sources of contamination brought by the luminaire in order to bring new solutions.<\/p>\n<p>The revolution brought by the LED will change the white room lights. This new technology opens new avenues of development and makes it possible to better adapt the luminaires to the reality of needs.<\/p>\n<p>On the other hand, the entry of lighting into the electronics world also opens up new possibilities for controlling the luminaire in the service of the quality of illumination or the reduction of consumption. And yes the luminaire also enters its phase \u201cSMART\u201d.<\/p>\n<p>By focusing on these specific applications and knowing them more deeply, Isoone will be able to offer users of the ultra-clean luminaires capable of improving the quality of work and that of the products produced there.<\/p>\n<p>Discover our products on this site and subscribe to our newsletter because the innovations and innovations will go well![\/et_pb_text][\/et_pb_column][\/et_pb_row][et_pb_row custom_padding_last_edited=&#8221;on|tablet&#8221; _builder_version=&#8221;4.24.0&#8243; _module_preset=&#8221;default&#8221; custom_padding=&#8221;25px||0px||false|false&#8221; custom_padding_tablet=&#8221;35px||||false|false&#8221; custom_padding_phone=&#8221;35px||||false|false&#8221; global_colors_info=&#8221;{}&#8221;][et_pb_column type=&#8221;4_4&#8243; _builder_version=&#8221;4.23.1&#8243; _module_preset=&#8221;default&#8221; global_colors_info=&#8221;{}&#8221;][et_pb_text admin_label=&#8221;Nos engagements&#8221; _builder_version=&#8221;4.23.1&#8243; _module_preset=&#8221;_initial&#8221; text_font=&#8221;|||on|||||&#8221; text_font_size=&#8221;20px&#8221; header_2_font=&#8221;|600|||||||&#8221; header_2_text_align=&#8221;center&#8221; animation_direction=&#8221;right&#8221; text_font_size_tablet=&#8221;18px&#8221; text_font_size_phone=&#8221;18px&#8221; text_font_size_last_edited=&#8221;on|desktop&#8221; locked=&#8221;off&#8221; global_colors_info=&#8221;{}&#8221;]<\/p>\n<h2>Our commitments<\/h2>\n<p>[\/et_pb_text][\/et_pb_column][\/et_pb_row][et_pb_row column_structure=&#8221;1_3,1_3,1_3&#8243; use_custom_gutter=&#8221;on&#8221; gutter_width=&#8221;2&#8243; _builder_version=&#8221;4.23.1&#8243; _module_preset=&#8221;default&#8221; custom_padding=&#8221;||0px||false|false&#8221; locked=&#8221;off&#8221; global_colors_info=&#8221;{}&#8221;][et_pb_column type=&#8221;1_3&#8243; _builder_version=&#8221;4.23.1&#8243; _module_preset=&#8221;default&#8221; global_colors_info=&#8221;{}&#8221;][et_pb_blurb title=&#8221;Cultivate&#8221; image_icon_background_color=&#8221;RGBA(255,255,255,0)&#8221; image=&#8221;https:\/\/www.isoone-lighting.com\/wp-content\/uploads\/2023\/11\/Culture.png&#8221; alt=&#8221;Culture&#8221; image_icon_width=&#8221;100px&#8221; content_max_width=&#8221;386px&#8221; image_icon_width_tablet=&#8221;80px&#8221; image_icon_width_phone=&#8221;80px&#8221; image_icon_width_last_edited=&#8221;on|desktop&#8221; module_class=&#8221;blurb-icon-hover&#8221; _builder_version=&#8221;4.23.1&#8243; _module_preset=&#8221;_initial&#8221; header_level=&#8221;h3&#8243; header_font=&#8221;|600||on|||||&#8221; header_text_align=&#8221;center&#8221; header_line_height=&#8221;1.2em&#8221; body_text_align=&#8221;center&#8221; image_icon_custom_padding=&#8221;25px|25px|25px|25px|true|true&#8221; header_font_size_tablet=&#8221;18px&#8221; header_font_size_phone=&#8221;18px&#8221; header_font_size_last_edited=&#8221;on|desktop&#8221; border_radii_image=&#8221;on|50%|50%|50%|50%&#8221; border_width_all_image=&#8221;2px&#8221; global_colors_info=&#8221;{}&#8221;]Our identity of family SME, friendly, professional and respectful of its partners customers and suppliers, its employees and the environment.[\/et_pb_blurb][\/et_pb_column][et_pb_column type=&#8221;1_3&#8243; _builder_version=&#8221;4.23.1&#8243; _module_preset=&#8221;default&#8221; global_colors_info=&#8221;{}&#8221;][et_pb_blurb title=&#8221;Continuously training&#8221; image_icon_background_color=&#8221;RGBA(255,255,255,0)&#8221; image=&#8221;https:\/\/www.isoone-lighting.com\/wp-content\/uploads\/2023\/11\/Formation.png&#8221; alt=&#8221;Formation&#8221; image_icon_width=&#8221;100px&#8221; content_max_width=&#8221;386px&#8221; image_icon_width_tablet=&#8221;80px&#8221; image_icon_width_phone=&#8221;80px&#8221; image_icon_width_last_edited=&#8221;on|phone&#8221; module_class=&#8221;blurb-icon-hover&#8221; _builder_version=&#8221;4.23.1&#8243; _module_preset=&#8221;_initial&#8221; header_level=&#8221;h3&#8243; header_font=&#8221;|600||on|||||&#8221; header_text_align=&#8221;center&#8221; header_line_height=&#8221;1.2em&#8221; body_text_align=&#8221;center&#8221; image_icon_custom_padding=&#8221;25px|25px|25px|25px|true|true&#8221; border_radii_image=&#8221;on|50%|50%|50%|50%&#8221; border_width_all_image=&#8221;2px&#8221; global_colors_info=&#8221;{}&#8221;]Our teams to ensure a high level of competence for our customers. Particularly in the field of energy saving and this by the new technologies.[\/et_pb_blurb][\/et_pb_column][et_pb_column type=&#8221;1_3&#8243; _builder_version=&#8221;4.23.1&#8243; _module_preset=&#8221;default&#8221; global_colors_info=&#8221;{}&#8221;][et_pb_blurb title=&#8221;Ensure&#8221; image_icon_background_color=&#8221;RGBA(255,255,255,0)&#8221; image=&#8221;https:\/\/www.isoone-lighting.com\/wp-content\/uploads\/2023\/11\/Assurance.png&#8221; alt=&#8221;Assurance&#8221; image_icon_width=&#8221;100px&#8221; content_max_width=&#8221;386px&#8221; image_icon_width_tablet=&#8221;80px&#8221; image_icon_width_phone=&#8221;80px&#8221; image_icon_width_last_edited=&#8221;on|desktop&#8221; module_class=&#8221;blurb-icon-hover&#8221; _builder_version=&#8221;4.23.1&#8243; _module_preset=&#8221;_initial&#8221; header_level=&#8221;h3&#8243; header_font=&#8221;|600||on|||||&#8221; header_text_align=&#8221;center&#8221; header_line_height=&#8221;1.2em&#8221; body_text_align=&#8221;center&#8221; image_icon_custom_padding=&#8221;25px|25px|25px|25px|true|true&#8221; border_radii_image=&#8221;on|50%|50%|50%|50%&#8221; border_width_all_image=&#8221;2px&#8221; global_colors_info=&#8221;{}&#8221;]Fast and reliable service with inventory levels corresponding to customer needs.[\/et_pb_blurb][\/et_pb_column][\/et_pb_row][\/et_pb_section][et_pb_section fb_built=&#8221;1&#8243; _builder_version=&#8221;4.23.1&#8243; _module_preset=&#8221;default&#8221; background_color=&#8221;#F5F5F3&#8243; global_colors_info=&#8221;{}&#8221;][et_pb_row _builder_version=&#8221;4.23.1&#8243; _module_preset=&#8221;default&#8221; custom_padding=&#8221;0px||0px||true|false&#8221; global_colors_info=&#8221;{}&#8221;][et_pb_column type=&#8221;4_4&#8243; _builder_version=&#8221;4.23.1&#8243; _module_preset=&#8221;default&#8221; global_colors_info=&#8221;{}&#8221;][et_pb_divider show_divider=&#8221;off&#8221; admin_label=&#8221;ancre&#8221; module_id=&#8221;history&#8221; _builder_version=&#8221;4.24.0&#8243; _module_preset=&#8221;default&#8221; positioning=&#8221;absolute&#8221; position_origin_a=&#8221;top_center&#8221; vertical_offset=&#8221;-80px&#8221; width=&#8221;100%&#8221; locked=&#8221;off&#8221; global_colors_info=&#8221;{}&#8221;][\/et_pb_divider][et_pb_text admin_label=&#8221;L&#8217;histoire&#8221; _builder_version=&#8221;4.23.1&#8243; _module_preset=&#8221;_initial&#8221; header_2_text_align=&#8221;center&#8221; header_2_font_size=&#8221;22px&#8221; header_2_line_height=&#8221;2em&#8221; custom_margin=&#8221;||25px||false|false&#8221; animation_direction=&#8221;right&#8221; header_2_font_size_tablet=&#8221;24px&#8221; header_2_font_size_phone=&#8221;20px&#8221; locked=&#8221;off&#8221; global_colors_info=&#8221;{}&#8221;]<\/p>\n<h2>Our<br \/><span class=\"pre\">History<\/span><\/h2>\n<p>[\/et_pb_text][et_pb_tabs active_tab_background_color=&#8221;RGBA(255,255,255,0)&#8221; inactive_tab_background_color=&#8221;RGBA(255,255,255,0)&#8221; module_class=&#8221;timeline-custom&#8221; _builder_version=&#8221;4.23.1&#8243; _module_preset=&#8221;default&#8221; tab_text_color=&#8221;#000000&#8243; border_width_all=&#8221;0px&#8221; global_colors_info=&#8221;{}&#8221;][et_pb_tab title=&#8221;1985&#8243; _builder_version=&#8221;4.23.1&#8243; _module_preset=&#8221;default&#8221; body_text_align=&#8221;center&#8221; global_colors_info=&#8221;{}&#8221;]Jean Colombo, then president of the family company SEAE, created the BATDX, the first white room light in history. The need arises from a major French project for Thomson.[\/et_pb_tab][et_pb_tab title=&#8221;1990&#8243; _builder_version=&#8221;4.23.1&#8243; _module_preset=&#8221;default&#8221; body_text_align=&#8221;center&#8221; global_colors_info=&#8221;{}&#8221;]Antonio Vilaplana s\u2019incorpore \u00e0 l\u2019\u00e9quipe espagnole de la SEAE et d\u00e9veloppe les ventes de luminaires salles blanches. C\u2019est l\u2019\u00e9poque o\u00f9 de nombreux laboratoires pharmaceutiques s\u2019implantent dans la r\u00e9gion. Il quittera la soci\u00e9t\u00e9 dans les ann\u00e9es 2000[\/et_pb_tab][et_pb_tab title=&#8221;1998&#8243; _builder_version=&#8221;4.23.1&#8243; _module_preset=&#8221;default&#8221; body_text_align=&#8221;center&#8221; global_colors_info=&#8221;{}&#8221;]Fr\u00e9d\u00e9ric Colombo joined Antonio Vilaplana in the Barcelona subsidiary.[\/et_pb_tab][et_pb_tab title=&#8221;2013&#8243; _builder_version=&#8221;4.23.1&#8243; _module_preset=&#8221;default&#8221; body_text_align=&#8221;center&#8221; global_colors_info=&#8221;{}&#8221;]The Colombo family sells all its shares of the EEAS to SYLUMIS, which will go into liquidation in 2016.[\/et_pb_tab][et_pb_tab title=&#8221;2014&#8243; _builder_version=&#8221;4.23.1&#8243; _module_preset=&#8221;default&#8221; body_text_align=&#8221;center&#8221; global_colors_info=&#8221;{}&#8221;]Creation of the company F1.8 by Fr\u00e9d\u00e9ric Colombo, specializing in the design and marketing of technical lighting products. When it was created, the company was not a manufacturer but a consulting firm.[\/et_pb_tab][et_pb_tab title=&#8221;2015&#8243; _builder_version=&#8221;4.23.1&#8243; _module_preset=&#8221;default&#8221; body_text_align=&#8221;center&#8221; global_colors_info=&#8221;{}&#8221;]Fr\u00e9d\u00e9ric Colombo and Antonio Vilaplana take another look at the lighting market for ultra-clean environments and note a certain lack of innovation from manufacturers in relation to the ever more demanding needs of users.[\/et_pb_tab][et_pb_tab title=&#8221;2016&#8243; _builder_version=&#8221;4.23.1&#8243; _module_preset=&#8221;default&#8221; body_text_align=&#8221;center&#8221; global_colors_info=&#8221;{}&#8221;]Creation of the brand Isoone by the F1.8 company which is transformed, it will become \u201cLa Manufacture de France\u201d and will carry out a strong capital increase dedicated to the creation of a specialized manufacturing workshop for the cleanroom luminaires.<br \/>\nCreation of an adapted and innovative range intended for the most demanding users: medical and pharmaceutical industry, biotechnology, space and agri-food.[\/et_pb_tab][\/et_pb_tabs][\/et_pb_column][\/et_pb_row][\/et_pb_section]<\/p>\n","protected":false},"excerpt":{"rendered":"<p>Who are we<span><span><a href=\"https:\/\/www.isoone-lighting.com\/en\/\">Home<\/a><\/span><\/span>CleanroomLighting manufacturerSoon 40 years ago we designed the first luminaires to illuminate the clean rooms with the famous BATDX. We were the first. Over the years, we have learned to master constraints to illuminate these very specific spaces. Light sources have evolved, power systems and needs related to contamination control as well. To [&hellip;]<\/p>\n","protected":false},"author":6,"featured_media":0,"parent":0,"menu_order":0,"comment_status":"closed","ping_status":"closed","template":"","meta":{"_acf_changed":false,"_et_pb_use_builder":"on","_et_pb_old_content":"","_et_gb_content_width":"","_monsterinsights_skip_tracking":false,"_monsterinsights_sitenote_active":false,"_monsterinsights_sitenote_note":"","_monsterinsights_sitenote_category":0,"footnotes":""},"class_list":["post-3653","page","type-page","status-publish","hentry"],"acf":[],"yoast_head":"<!-- This site is optimized with the Yoast SEO plugin v27.5 - https:\/\/yoast.com\/product\/yoast-seo-wordpress\/ -->\n<title>A cleanroom lighting manufacturer specialist<\/title>\n<meta name=\"description\" content=\"A cleanroom lighting manufacturer specialist\" \/>\n<meta name=\"robots\" content=\"index, follow, max-snippet:-1, max-image-preview:large, max-video-preview:-1\" \/>\n<link rel=\"canonical\" href=\"https:\/\/www.isoone-lighting.com\/en\/who-are-we\/\" \/>\n<meta property=\"og:locale\" content=\"en_US\" \/>\n<meta property=\"og:type\" content=\"article\" \/>\n<meta property=\"og:title\" content=\"A cleanroom lighting manufacturer specialist\" \/>\n<meta property=\"og:description\" content=\"A cleanroom lighting manufacturer specialist\" \/>\n<meta property=\"og:url\" content=\"https:\/\/www.isoone-lighting.com\/en\/who-are-we\/\" \/>\n<meta property=\"og:site_name\" content=\"LA MANUFACTURE DE FRANCE\" \/>\n<meta property=\"article:modified_time\" content=\"2024-02-27T10:31:55+00:00\" \/>\n<meta name=\"twitter:card\" content=\"summary_large_image\" \/>\n<meta name=\"twitter:label1\" content=\"Est. reading time\" \/>\n\t<meta name=\"twitter:data1\" content=\"5 minutes\" \/>\n<script type=\"application\/ld+json\" class=\"yoast-schema-graph\">{\"@context\":\"https:\\\/\\\/schema.org\",\"@graph\":[{\"@type\":\"WebPage\",\"@id\":\"https:\\\/\\\/www.isoone-lighting.com\\\/en\\\/who-are-we\\\/\",\"url\":\"https:\\\/\\\/www.isoone-lighting.com\\\/en\\\/who-are-we\\\/\",\"name\":\"A cleanroom lighting manufacturer specialist\",\"isPartOf\":{\"@id\":\"https:\\\/\\\/www.isoone-lighting.com\\\/en\\\/#website\"},\"datePublished\":\"2023-11-15T10:59:06+00:00\",\"dateModified\":\"2024-02-27T10:31:55+00:00\",\"description\":\"A cleanroom lighting manufacturer specialist\",\"breadcrumb\":{\"@id\":\"https:\\\/\\\/www.isoone-lighting.com\\\/en\\\/who-are-we\\\/#breadcrumb\"},\"inLanguage\":\"en-US\",\"potentialAction\":[{\"@type\":\"ReadAction\",\"target\":[\"https:\\\/\\\/www.isoone-lighting.com\\\/en\\\/who-are-we\\\/\"]}]},{\"@type\":\"BreadcrumbList\",\"@id\":\"https:\\\/\\\/www.isoone-lighting.com\\\/en\\\/who-are-we\\\/#breadcrumb\",\"itemListElement\":[{\"@type\":\"ListItem\",\"position\":1,\"name\":\"Home\",\"item\":\"https:\\\/\\\/www.isoone-lighting.com\\\/en\\\/\"},{\"@type\":\"ListItem\",\"position\":2,\"name\":\"Who are we\"}]},{\"@type\":\"WebSite\",\"@id\":\"https:\\\/\\\/www.isoone-lighting.com\\\/en\\\/#website\",\"url\":\"https:\\\/\\\/www.isoone-lighting.com\\\/en\\\/\",\"name\":\"LA MANUFACTURE DE FRANCE\",\"description\":\"\",\"potentialAction\":[{\"@type\":\"SearchAction\",\"target\":{\"@type\":\"EntryPoint\",\"urlTemplate\":\"https:\\\/\\\/www.isoone-lighting.com\\\/en\\\/?s={search_term_string}\"},\"query-input\":{\"@type\":\"PropertyValueSpecification\",\"valueRequired\":true,\"valueName\":\"search_term_string\"}}],\"inLanguage\":\"en-US\"}]}<\/script>\n<!-- \/ Yoast SEO plugin. -->","yoast_head_json":{"title":"A cleanroom lighting manufacturer specialist","description":"A cleanroom lighting manufacturer specialist","robots":{"index":"index","follow":"follow","max-snippet":"max-snippet:-1","max-image-preview":"max-image-preview:large","max-video-preview":"max-video-preview:-1"},"canonical":"https:\/\/www.isoone-lighting.com\/en\/who-are-we\/","og_locale":"en_US","og_type":"article","og_title":"A cleanroom lighting manufacturer specialist","og_description":"A cleanroom lighting manufacturer specialist","og_url":"https:\/\/www.isoone-lighting.com\/en\/who-are-we\/","og_site_name":"LA MANUFACTURE DE FRANCE","article_modified_time":"2024-02-27T10:31:55+00:00","twitter_card":"summary_large_image","twitter_misc":{"Est. reading time":"5 minutes"},"schema":{"@context":"https:\/\/schema.org","@graph":[{"@type":"WebPage","@id":"https:\/\/www.isoone-lighting.com\/en\/who-are-we\/","url":"https:\/\/www.isoone-lighting.com\/en\/who-are-we\/","name":"A cleanroom lighting manufacturer specialist","isPartOf":{"@id":"https:\/\/www.isoone-lighting.com\/en\/#website"},"datePublished":"2023-11-15T10:59:06+00:00","dateModified":"2024-02-27T10:31:55+00:00","description":"A cleanroom lighting manufacturer specialist","breadcrumb":{"@id":"https:\/\/www.isoone-lighting.com\/en\/who-are-we\/#breadcrumb"},"inLanguage":"en-US","potentialAction":[{"@type":"ReadAction","target":["https:\/\/www.isoone-lighting.com\/en\/who-are-we\/"]}]},{"@type":"BreadcrumbList","@id":"https:\/\/www.isoone-lighting.com\/en\/who-are-we\/#breadcrumb","itemListElement":[{"@type":"ListItem","position":1,"name":"Home","item":"https:\/\/www.isoone-lighting.com\/en\/"},{"@type":"ListItem","position":2,"name":"Who are we"}]},{"@type":"WebSite","@id":"https:\/\/www.isoone-lighting.com\/en\/#website","url":"https:\/\/www.isoone-lighting.com\/en\/","name":"LA MANUFACTURE DE FRANCE","description":"","potentialAction":[{"@type":"SearchAction","target":{"@type":"EntryPoint","urlTemplate":"https:\/\/www.isoone-lighting.com\/en\/?s={search_term_string}"},"query-input":{"@type":"PropertyValueSpecification","valueRequired":true,"valueName":"search_term_string"}}],"inLanguage":"en-US"}]}},"_links":{"self":[{"href":"https:\/\/www.isoone-lighting.com\/en\/wp-json\/wp\/v2\/pages\/3653","targetHints":{"allow":["GET"]}}],"collection":[{"href":"https:\/\/www.isoone-lighting.com\/en\/wp-json\/wp\/v2\/pages"}],"about":[{"href":"https:\/\/www.isoone-lighting.com\/en\/wp-json\/wp\/v2\/types\/page"}],"author":[{"embeddable":true,"href":"https:\/\/www.isoone-lighting.com\/en\/wp-json\/wp\/v2\/users\/6"}],"replies":[{"embeddable":true,"href":"https:\/\/www.isoone-lighting.com\/en\/wp-json\/wp\/v2\/comments?post=3653"}],"version-history":[{"count":0,"href":"https:\/\/www.isoone-lighting.com\/en\/wp-json\/wp\/v2\/pages\/3653\/revisions"}],"wp:attachment":[{"href":"https:\/\/www.isoone-lighting.com\/en\/wp-json\/wp\/v2\/media?parent=3653"}],"curies":[{"name":"wp","href":"https:\/\/api.w.org\/{rel}","templated":true}]}}