{"id":3675,"date":"2023-11-15T11:59:06","date_gmt":"2023-11-15T10:59:06","guid":{"rendered":"https:\/\/www.isoone-lighting.com\/sobre-nosotros\/"},"modified":"2024-02-27T11:31:45","modified_gmt":"2024-02-27T10:31:45","slug":"sobre-nosotros","status":"publish","type":"page","link":"https:\/\/www.isoone-lighting.com\/es\/sobre-nosotros\/","title":{"rendered":"Sobre nosotros"},"content":{"rendered":"<p>[et_pb_section fb_built=\u00bb1&#8243; _builder_version=\u00bb4.24.2&#8243; _module_preset=\u00bbdefault\u00bb background_image=\u00bbhttps:\/\/www.isoone-lighting.com\/wp-content\/uploads\/2024\/02\/Banner_gamme_Draco_fluo1-scaled.jpg\u00bb height=\u00bb160px\u00bb height_tablet=\u00bb120px\u00bb height_phone=\u00bb120px\u00bb height_last_edited=\u00bbon|tablet\u00bb custom_padding=\u00bb0px||0px||true|false\u00bb hover_enabled=\u00bb0&#8243; custom_css_main_element=\u00bbdisplay: -webkit-box;||display: -ms-flexbox;||display: flex;\u00bb global_colors_info=\u00bb{}\u00bb title_text=\u00bbBanner_gamme_Draco_fluo1&#8243; background_enable_color=\u00bboff\u00bb sticky_enabled=\u00bb0&#8243;][et_pb_row _builder_version=\u00bb4.23.1&#8243; _module_preset=\u00bbdefault\u00bb custom_padding=\u00bb0px||0px||true|false\u00bb global_colors_info=\u00bb{}\u00bb][et_pb_column type=\u00bb4_4&#8243; _builder_version=\u00bb4.23.1&#8243; _module_preset=\u00bbdefault\u00bb global_colors_info=\u00bb{}\u00bb][et_pb_text admin_label=\u00bbQui sommes-nous\u00bb _builder_version=\u00bb4.23.1&#8243; _module_preset=\u00bb_initial\u00bb header_font=\u00bb|600||on|||||\u00bb header_text_align=\u00bbcenter\u00bb header_text_color=\u00bb#FFFFFF\u00bb header_font_size=\u00bb42px\u00bb custom_margin=\u00bb||0px||false|false\u00bb header_font_size_tablet=\u00bb35px\u00bb header_font_size_phone=\u00bb25px\u00bb header_font_size_last_edited=\u00bbon|phone\u00bb global_colors_info=\u00bb{}\u00bb]<\/p>\n<h1>Sobre nosotros<\/h1>\n<p>[\/et_pb_text][et_pb_text admin_label=\u00bbfil d&#8217;ariane\u00bb module_class=\u00bbblog-breadcrumb-custom\u00bb _builder_version=\u00bb4.23.1&#8243; _module_preset=\u00bb_initial\u00bb text_text_color=\u00bb#FFFFFF\u00bb text_font_size=\u00bb16px\u00bb link_text_color=\u00bb#FFFFFF\u00bb header_font=\u00bb|600||on|||||\u00bb header_text_align=\u00bbcenter\u00bb header_text_color=\u00bb#FFFFFF\u00bb header_font_size=\u00bb42px\u00bb text_orientation=\u00bbcenter\u00bb header_font_size_tablet=\u00bb35px\u00bb header_font_size_phone=\u00bb25px\u00bb header_font_size_last_edited=\u00bbon|phone\u00bb locked=\u00bboff\u00bb global_colors_info=\u00bb{}\u00bb]<span><span><a href=\"https:\/\/www.isoone-lighting.com\/es\/\">Inicio<\/a><\/span><\/span>[\/et_pb_text][\/et_pb_column][\/et_pb_row][\/et_pb_section][et_pb_section fb_built=\u00bb1&#8243; _builder_version=\u00bb4.24.0&#8243; _module_preset=\u00bbdefault\u00bb global_colors_info=\u00bb{}\u00bb][et_pb_row column_structure=\u00bb1_3,1_3,1_3&#8243; _builder_version=\u00bb4.24.0&#8243; _module_preset=\u00bbdefault\u00bb custom_padding=\u00bb0px||0px||true|false\u00bb global_colors_info=\u00bb{}\u00bb][et_pb_column type=\u00bb1_3&#8243; _builder_version=\u00bb4.23.1&#8243; _module_preset=\u00bbdefault\u00bb custom_padding=\u00bb30px|30px|70px|30px|false|true\u00bb custom_padding_tablet=\u00bb30px||30px||true|true\u00bb custom_padding_phone=\u00bb30px||30px||true|true\u00bb custom_padding_last_edited=\u00bbon|desktop\u00bb border_width_all=\u00bb2px\u00bb border_color_all=\u00bb#000000&#8243; global_colors_info=\u00bb{}\u00bb][et_pb_divider show_divider=\u00bboff\u00bb admin_label=\u00bbancre\u00bb module_id=\u00bbCompania\u00bb _builder_version=\u00bb4.24.0&#8243; _module_preset=\u00bbdefault\u00bb positioning=\u00bbabsolute\u00bb position_origin_a=\u00bbtop_center\u00bb vertical_offset=\u00bb-80px\u00bb width=\u00bb100%\u00bb global_colors_info=\u00bb{}\u00bb][\/et_pb_divider][et_pb_text admin_label=\u00bbIsoone, luminaires\u00bb _builder_version=\u00bb4.23.1&#8243; _module_preset=\u00bb_initial\u00bb header_2_font_size=\u00bb22px\u00bb header_2_line_height=\u00bb2em\u00bb custom_margin=\u00bb||10px||false|false\u00bb header_2_text_align_last_edited=\u00bboff|desktop\u00bb header_2_font_size_tablet=\u00bb24px\u00bb header_2_font_size_phone=\u00bb20px\u00bb locked=\u00bboff\u00bb global_colors_info=\u00bb{}\u00bb]<\/p>\n<h2>Isoone, iluminaci\u00f3n<br \/><span class=\"pre\">Para salas blancas<\/span><\/h2>\n<p>[\/et_pb_text][et_pb_gallery gallery_ids=\u00bb2110,2113&#8243; fullwidth=\u00bbon\u00bb module_class=\u00bbgal-custom\u00bb _builder_version=\u00bb4.23.1&#8243; _module_preset=\u00bbdefault\u00bb height=\u00bb242px\u00bb height_tablet=\u00bb367px\u00bb height_phone=\u00bb150px\u00bb height_last_edited=\u00bbon|desktop\u00bb global_colors_info=\u00bb{}\u00bb][\/et_pb_gallery][\/et_pb_column][et_pb_column type=\u00bb1_3&#8243; disabled_on=\u00bboff|off|off\u00bb _builder_version=\u00bb4.24.0&#8243; _module_preset=\u00bbdefault\u00bb global_colors_info=\u00bb{}\u00bb custom_css_main_element_last_edited=\u00bbon|tablet\u00bb custom_css_main_element_tablet=\u00bbmargin-bottom: 0 !important;\u00bb custom_css_main_element_phone=\u00bbmargin-bottom: 0 !important;\u00bb][et_pb_text disabled_on=\u00bbon|on|off\u00bb admin_label=\u00bbVoila bient\u00f4t\u00bb _builder_version=\u00bb4.24.0&#8243; _module_preset=\u00bb_initial\u00bb global_colors_info=\u00bb{}\u00bb]<b style=\"color: #000;\">Hace m\u00e1s de 35 a\u00f1os, hemos dise\u00f1ado las primeras luminarias dedicadas a la ultra-limpieza, con la famosa BATDX. Eramos los primeros.<\/b><\/p>\n<p>A\u00f1os tr\u00e1s a\u00f1os aprendimos a controlar las dificultades para iluminar estos ambientes tan espec\u00edficos. Las fuentes de luz han cambiado, los sistemas de alimentaci\u00f3n y las exigencias de control de contaminaci\u00f3n tambi\u00e9n. Para seguir innovando en este mercado nos parece indispensable concentrarse en \u00e9l, por esto hemos creado ISOONE. Una compa\u00f1\u00eda focalizada en las problem\u00e1ticas de las aplicaciones de la ultra-limpieza.<\/p>\n<p>Por lo tanto es conociendo las problem\u00e1ticas y con nuestra sensibilidad en iluminaci\u00f3n que queremos dise\u00f1ar las luminarias del futuro en este campo.<\/p>\n<p>En las salas limpias la iluminaci\u00f3n tambi\u00e9n es vector de calidad, as\u00ed como el respecto por parte de la luminaria de los criterios de contaminaci\u00f3n. Por esto nos parece necesario e interesante profundizar la investigaci\u00f3n con el fin de identificar cualquier fuente de contaminaci\u00f3n presente en las luminarias y solventarlas de manera innovadora.[\/et_pb_text][et_pb_text disabled_on=\u00bboff|off|on\u00bb admin_label=\u00bbVoila bient\u00f4t &#8211; Mobile\u00bb _builder_version=\u00bb4.24.0&#8243; _module_preset=\u00bb_initial\u00bb global_colors_info=\u00bb{}\u00bb]La revoluci\u00f3n de los led tiene que serlo tambi\u00e9n para las luminarias de salas limpias. Esta tecnolog\u00eda abre nuevas posibilidades de desarrollo y nos permite adaptar con m\u00e1s facilidad las luminarias a su ecosistema.<\/p>\n<p>La entrada de la iluminaci\u00f3n en el campo de la electr\u00f3nica tambi\u00e9n abre nuevas posibilidades de control de la iluminaci\u00f3n para iluminar mejor o ahorrar energ\u00eda. As\u00ed es, las luminarias tambi\u00e9n entran en su fase \u00abSMART\u00bb.<\/p>\n<p>Es entonces concentr\u00e1ndose sobre estas aplicaciones espec\u00edficas que Isoone ser\u00e1 capaz de proponer a los utilisadores de la ultra-limpieza unas luminarias capaces de mejorar la calidad del trabajo y de los productos en ellas fabricados.<\/p>\n<p>Descubrir\u00e1n en las pr\u00f3ximas semanas nuestras gamas de productos en esta web. Les aconsejamos fichar en nuestra newsletter porque las novedades ser\u00e1n buenas y numerosas !<\/p>\n<p>Jean Colombo, Corinne Colombo, Antonio Vilaplana, Fr\u00e9d\u00e9ric Colombo.[\/et_pb_text][\/et_pb_column][et_pb_column type=\u00bb1_3&#8243; disabled_on=\u00bbon|on|off\u00bb _builder_version=\u00bb4.24.0&#8243; _module_preset=\u00bbdefault\u00bb global_colors_info=\u00bb{}\u00bb][et_pb_text disabled_on=\u00bboff|off|off\u00bb admin_label=\u00bbToutes les sources\u00bb _builder_version=\u00bb4.24.0&#8243; _module_preset=\u00bb_initial\u00bb custom_margin_phone=\u00bb||||false|false\u00bb custom_margin_last_edited=\u00bboff|desktop\u00bb global_colors_info=\u00bb{}\u00bb]La revoluci\u00f3n de los led tiene que serlo tambi\u00e9n para las luminarias de salas limpias. Esta tecnolog\u00eda abre nuevas posibilidades de desarrollo y nos permite adaptar con m\u00e1s facilidad las luminarias a su ecosistema.<\/p>\n<p>La entrada de la iluminaci\u00f3n en el campo de la electr\u00f3nica tambi\u00e9n abre nuevas posibilidades de control de la iluminaci\u00f3n para iluminar mejor o ahorrar energ\u00eda. As\u00ed es, las luminarias tambi\u00e9n entran en su fase \u00abSMART\u00bb.<\/p>\n<p>Es entonces concentr\u00e1ndose sobre estas aplicaciones espec\u00edficas que Isoone ser\u00e1 capaz de proponer a los utilisadores de la ultra-limpieza unas luminarias capaces de mejorar la calidad del trabajo y de los productos en ellas fabricados.<\/p>\n<p>Descubrir\u00e1n en las pr\u00f3ximas semanas nuestras gamas de productos en esta web. Les aconsejamos fichar en nuestra newsletter porque las novedades ser\u00e1n buenas y numerosas !<\/p>\n<p>Jean Colombo, Corinne Colombo, Antonio Vilaplana, Fr\u00e9d\u00e9ric Colombo.[\/et_pb_text][\/et_pb_column][\/et_pb_row][et_pb_row custom_padding_last_edited=\u00bbon|tablet\u00bb _builder_version=\u00bb4.24.0&#8243; _module_preset=\u00bbdefault\u00bb custom_padding=\u00bb25px||0px||false|false\u00bb custom_padding_tablet=\u00bb35px||||false|false\u00bb custom_padding_phone=\u00bb35px||||false|false\u00bb global_colors_info=\u00bb{}\u00bb][et_pb_column type=\u00bb4_4&#8243; _builder_version=\u00bb4.23.1&#8243; _module_preset=\u00bbdefault\u00bb global_colors_info=\u00bb{}\u00bb][et_pb_text admin_label=\u00bbNos engagements\u00bb _builder_version=\u00bb4.23.1&#8243; _module_preset=\u00bb_initial\u00bb text_font=\u00bb|||on|||||\u00bb text_font_size=\u00bb20px\u00bb header_2_font=\u00bb|600|||||||\u00bb header_2_text_align=\u00bbcenter\u00bb animation_direction=\u00bbright\u00bb text_font_size_tablet=\u00bb18px\u00bb text_font_size_phone=\u00bb18px\u00bb text_font_size_last_edited=\u00bbon|desktop\u00bb locked=\u00bboff\u00bb global_colors_info=\u00bb{}\u00bb]<\/p>\n<h2>Nuestros compromisos<\/h2>\n<p>[\/et_pb_text][\/et_pb_column][\/et_pb_row][et_pb_row column_structure=\u00bb1_3,1_3,1_3&#8243; use_custom_gutter=\u00bbon\u00bb gutter_width=\u00bb2&#8243; _builder_version=\u00bb4.23.1&#8243; _module_preset=\u00bbdefault\u00bb custom_padding=\u00bb||0px||false|false\u00bb locked=\u00bboff\u00bb global_colors_info=\u00bb{}\u00bb][et_pb_column type=\u00bb1_3&#8243; _builder_version=\u00bb4.23.1&#8243; _module_preset=\u00bbdefault\u00bb global_colors_info=\u00bb{}\u00bb][et_pb_blurb title=\u00bbCultivar\u00bb image_icon_background_color=\u00bbRGBA(255,255,255,0)\u00bb image=\u00bbhttps:\/\/www.isoone-lighting.com\/wp-content\/uploads\/2023\/11\/Culture.png\u00bb alt=\u00bbCulture\u00bb image_icon_width=\u00bb100px\u00bb content_max_width=\u00bb386px\u00bb image_icon_width_tablet=\u00bb80px\u00bb image_icon_width_phone=\u00bb80px\u00bb image_icon_width_last_edited=\u00bbon|desktop\u00bb module_class=\u00bbblurb-icon-hover\u00bb _builder_version=\u00bb4.23.1&#8243; _module_preset=\u00bb_initial\u00bb header_level=\u00bbh3&#8243; header_font=\u00bb|600||on|||||\u00bb header_text_align=\u00bbcenter\u00bb header_line_height=\u00bb1.2em\u00bb body_text_align=\u00bbcenter\u00bb image_icon_custom_padding=\u00bb25px|25px|25px|25px|true|true\u00bb header_font_size_tablet=\u00bb18px\u00bb header_font_size_phone=\u00bb18px\u00bb header_font_size_last_edited=\u00bbon|desktop\u00bb border_radii_image=\u00bbon|50%|50%|50%|50%\u00bb border_width_all_image=\u00bb2px\u00bb global_colors_info=\u00bb{}\u00bb]Nuestra identidad PIME familiar, amistoso, profesional y respetuoso de sus colaboradores clientes, proveedores, empleados y del medioambiente.[\/et_pb_blurb][\/et_pb_column][et_pb_column type=\u00bb1_3&#8243; _builder_version=\u00bb4.23.1&#8243; _module_preset=\u00bbdefault\u00bb global_colors_info=\u00bb{}\u00bb][et_pb_blurb title=\u00bbFormar\u00bb image_icon_background_color=\u00bbRGBA(255,255,255,0)\u00bb image=\u00bbhttps:\/\/www.isoone-lighting.com\/wp-content\/uploads\/2023\/11\/Formation.png\u00bb alt=\u00bbFormation\u00bb image_icon_width=\u00bb100px\u00bb content_max_width=\u00bb386px\u00bb image_icon_width_tablet=\u00bb80px\u00bb image_icon_width_phone=\u00bb80px\u00bb image_icon_width_last_edited=\u00bbon|phone\u00bb module_class=\u00bbblurb-icon-hover\u00bb _builder_version=\u00bb4.23.1&#8243; _module_preset=\u00bb_initial\u00bb header_level=\u00bbh3&#8243; header_font=\u00bb|600||on|||||\u00bb header_text_align=\u00bbcenter\u00bb header_line_height=\u00bb1.2em\u00bb body_text_align=\u00bbcenter\u00bb image_icon_custom_padding=\u00bb25px|25px|25px|25px|true|true\u00bb border_radii_image=\u00bbon|50%|50%|50%|50%\u00bb border_width_all_image=\u00bb2px\u00bb global_colors_info=\u00bb{}\u00bb]En cada momento nuestros equipos con el fin de asegurar un nivel de competencia elevado a nuestros clientes. Principalmente en cuanto a ahorros energ\u00e9ticos y nuevas tecnolog\u00edas se refiere.[\/et_pb_blurb][\/et_pb_column][et_pb_column type=\u00bb1_3&#8243; _builder_version=\u00bb4.23.1&#8243; _module_preset=\u00bbdefault\u00bb global_colors_info=\u00bb{}\u00bb][et_pb_blurb title=\u00bbAsegurar\u00bb image_icon_background_color=\u00bbRGBA(255,255,255,0)\u00bb image=\u00bbhttps:\/\/www.isoone-lighting.com\/wp-content\/uploads\/2023\/11\/Assurance.png\u00bb alt=\u00bbAssurance\u00bb image_icon_width=\u00bb100px\u00bb content_max_width=\u00bb386px\u00bb image_icon_width_tablet=\u00bb80px\u00bb image_icon_width_phone=\u00bb80px\u00bb image_icon_width_last_edited=\u00bbon|desktop\u00bb module_class=\u00bbblurb-icon-hover\u00bb _builder_version=\u00bb4.23.1&#8243; _module_preset=\u00bb_initial\u00bb header_level=\u00bbh3&#8243; header_font=\u00bb|600||on|||||\u00bb header_text_align=\u00bbcenter\u00bb header_line_height=\u00bb1.2em\u00bb body_text_align=\u00bbcenter\u00bb image_icon_custom_padding=\u00bb25px|25px|25px|25px|true|true\u00bb border_radii_image=\u00bbon|50%|50%|50%|50%\u00bb border_width_all_image=\u00bb2px\u00bb global_colors_info=\u00bb{}\u00bb]Un servicio r\u00e1pido, con niveles de stocks adaptados a las necesidades de los clientes.[\/et_pb_blurb][\/et_pb_column][\/et_pb_row][\/et_pb_section][et_pb_section fb_built=\u00bb1&#8243; _builder_version=\u00bb4.23.1&#8243; _module_preset=\u00bbdefault\u00bb background_color=\u00bb#F5F5F3&#8243; global_colors_info=\u00bb{}\u00bb][et_pb_row _builder_version=\u00bb4.23.1&#8243; _module_preset=\u00bbdefault\u00bb custom_padding=\u00bb0px||0px||true|false\u00bb global_colors_info=\u00bb{}\u00bb][et_pb_column type=\u00bb4_4&#8243; _builder_version=\u00bb4.23.1&#8243; _module_preset=\u00bbdefault\u00bb global_colors_info=\u00bb{}\u00bb][et_pb_divider show_divider=\u00bboff\u00bb admin_label=\u00bbancre\u00bb module_id=\u00bbhistoria\u00bb _builder_version=\u00bb4.24.0&#8243; _module_preset=\u00bbdefault\u00bb positioning=\u00bbabsolute\u00bb position_origin_a=\u00bbtop_center\u00bb vertical_offset=\u00bb-80px\u00bb width=\u00bb100%\u00bb locked=\u00bboff\u00bb global_colors_info=\u00bb{}\u00bb][\/et_pb_divider][et_pb_text admin_label=\u00bbL&#8217;histoire\u00bb _builder_version=\u00bb4.23.1&#8243; _module_preset=\u00bb_initial\u00bb header_2_text_align=\u00bbcenter\u00bb header_2_font_size=\u00bb22px\u00bb header_2_line_height=\u00bb2em\u00bb custom_margin=\u00bb||25px||false|false\u00bb animation_direction=\u00bbright\u00bb header_2_font_size_tablet=\u00bb24px\u00bb header_2_font_size_phone=\u00bb20px\u00bb locked=\u00bboff\u00bb global_colors_info=\u00bb{}\u00bb]<\/p>\n<h2>La historia<br \/><span class=\"pre\">De Isoone<\/span><\/h2>\n<p>[\/et_pb_text][et_pb_tabs active_tab_background_color=\u00bbRGBA(255,255,255,0)\u00bb inactive_tab_background_color=\u00bbRGBA(255,255,255,0)\u00bb module_class=\u00bbtimeline-custom\u00bb _builder_version=\u00bb4.23.1&#8243; _module_preset=\u00bbdefault\u00bb tab_text_color=\u00bb#000000&#8243; border_width_all=\u00bb0px\u00bb global_colors_info=\u00bb{}\u00bb][et_pb_tab title=\u00bb1985&#8243; _builder_version=\u00bb4.23.1&#8243; _module_preset=\u00bbdefault\u00bb body_text_align=\u00bbcenter\u00bb global_colors_info=\u00bb{}\u00bb]Jean Colombo, entonces presidente de la compania SEAE, crea la BATDX, primera luminaria salas blancas de la historia. La necesidad proviene de un gran proyecto de la empresa Thomson en Francia.[\/et_pb_tab][et_pb_tab title=\u00bb1990&#8243; _builder_version=\u00bb4.23.1&#8243; _module_preset=\u00bbdefault\u00bb body_text_align=\u00bbcenter\u00bb global_colors_info=\u00bb{}\u00bb]Antonio Vilaplana se incorpora al equipo espa\u00f1ol de SEAE y desarolla las ventas de luminarias salas blancas. Impulsadas por las numerosas implantaciones de laboratorios farmac\u00e9uticos en la zona. Dejar\u00e1 la empresa a principios de los a\u00f1os 2000.[\/et_pb_tab][et_pb_tab title=\u00bb1998&#8243; _builder_version=\u00bb4.23.1&#8243; _module_preset=\u00bbdefault\u00bb body_text_align=\u00bbcenter\u00bb global_colors_info=\u00bb{}\u00bb]Fr\u00e9d\u00e9ric Colombo integra la filial Barcelonesa, con Antonio Vilaplana.[\/et_pb_tab][et_pb_tab title=\u00bb2013&#8243; _builder_version=\u00bb4.23.1&#8243; _module_preset=\u00bbdefault\u00bb body_text_align=\u00bbcenter\u00bb global_colors_info=\u00bb{}\u00bb]La familia Colombo vende la totalidad de sus acciones de la empresa SEAE \u00e0 SYLUMIS, la cual entra en liquidaci\u00f3n a principios del 2016[\/et_pb_tab][et_pb_tab title=\u00bb2014&#8243; _builder_version=\u00bb4.23.1&#8243; _module_preset=\u00bbdefault\u00bb body_text_align=\u00bbcenter\u00bb global_colors_info=\u00bb{}\u00bb]Creaci\u00f3n de la sociedad F1.8 por Fr\u00e9d\u00e9ric Colombo, especializada en el dise\u00f1o y marketing en el campo de la iluminaci\u00f3n t\u00e9cnica.[\/et_pb_tab][et_pb_tab title=\u00bb2015&#8243; _builder_version=\u00bb4.23.1&#8243; _module_preset=\u00bbdefault\u00bb body_text_align=\u00bbcenter\u00bb global_colors_info=\u00bb{}\u00bb]Fr\u00e9d\u00e9ric Colombo y Antonio Vilaplana se interesan de nuevo a la iluminaci\u00f3n para el campo de la ultra-limpieza y constatan una falta de innovaci\u00f3n de los fabricantes frente a las exigencias siempre m\u00e1s avanzadas de los utilizadores.[\/et_pb_tab][et_pb_tab title=\u00bb2016&#8243; _builder_version=\u00bb4.23.1&#8243; _module_preset=\u00bbdefault\u00bb body_text_align=\u00bbcenter\u00bb global_colors_info=\u00bb{}\u00bb]Creaci\u00f3n de la marca Isoone por la sarl F1.8 y cambio de nombre de la empresa. Desde entonces especializada en el sector de la ultra-limpieza. Creaci\u00f3n de una gama adaptada e innovadora destinada a los utilizadores m\u00e1s exigentes : industrias medical, farmac\u00e9uticas, biotecnol\u00f3gica, espacial y agroalimentaria.[\/et_pb_tab][\/et_pb_tabs][\/et_pb_column][\/et_pb_row][\/et_pb_section]<\/p>\n","protected":false},"excerpt":{"rendered":"<p>Sobre nosotros<span><span><a href=\"https:\/\/www.isoone-lighting.com\/es\/\">Inicio<\/a><\/span><\/span>Isoone, iluminaci\u00f3nPara salas blancasHace m\u00e1s de 35 a\u00f1os, hemos dise\u00f1ado las primeras luminarias dedicadas a la ultra-limpieza, con la famosa BATDX. Eramos los primeros. A\u00f1os tr\u00e1s a\u00f1os aprendimos a controlar las dificultades para iluminar estos ambientes tan espec\u00edficos. Las fuentes de luz han cambiado, los sistemas de alimentaci\u00f3n y las exigencias de control de [&hellip;]<\/p>\n","protected":false},"author":6,"featured_media":0,"parent":0,"menu_order":0,"comment_status":"closed","ping_status":"closed","template":"","meta":{"_acf_changed":false,"_et_pb_use_builder":"on","_et_pb_old_content":"","_et_gb_content_width":"","_monsterinsights_skip_tracking":false,"_monsterinsights_sitenote_active":false,"_monsterinsights_sitenote_note":"","_monsterinsights_sitenote_category":0,"footnotes":""},"class_list":["post-3675","page","type-page","status-publish","hentry"],"acf":[],"yoast_head":"<!-- This site is optimized with the Yoast SEO plugin v27.3 - https:\/\/yoast.com\/product\/yoast-seo-wordpress\/ -->\n<title>Fabricante franc\u00e9s de iluminaci\u00f3n para salas blancas<\/title>\n<meta name=\"description\" content=\"Fabricante franc\u00e9s de iluminaci\u00f3n para salas blancas\" \/>\n<meta name=\"robots\" content=\"index, follow, max-snippet:-1, max-image-preview:large, max-video-preview:-1\" \/>\n<link rel=\"canonical\" href=\"https:\/\/www.isoone-lighting.com\/es\/sobre-nosotros\/\" \/>\n<meta property=\"og:locale\" content=\"es_ES\" \/>\n<meta property=\"og:type\" content=\"article\" \/>\n<meta property=\"og:title\" content=\"Fabricante franc\u00e9s de iluminaci\u00f3n para salas blancas\" \/>\n<meta property=\"og:description\" content=\"Fabricante franc\u00e9s de iluminaci\u00f3n para salas blancas\" \/>\n<meta property=\"og:url\" content=\"https:\/\/www.isoone-lighting.com\/es\/sobre-nosotros\/\" \/>\n<meta property=\"og:site_name\" content=\"LA MANUFACTURE DE FRANCE\" \/>\n<meta property=\"article:modified_time\" content=\"2024-02-27T10:31:45+00:00\" \/>\n<meta name=\"twitter:card\" content=\"summary_large_image\" \/>\n<meta name=\"twitter:label1\" content=\"Tiempo de lectura\" \/>\n\t<meta name=\"twitter:data1\" content=\"5 minutos\" \/>\n<script type=\"application\/ld+json\" class=\"yoast-schema-graph\">{\"@context\":\"https:\\\/\\\/schema.org\",\"@graph\":[{\"@type\":\"WebPage\",\"@id\":\"https:\\\/\\\/www.isoone-lighting.com\\\/es\\\/sobre-nosotros\\\/\",\"url\":\"https:\\\/\\\/www.isoone-lighting.com\\\/es\\\/sobre-nosotros\\\/\",\"name\":\"Fabricante franc\u00e9s de iluminaci\u00f3n para salas blancas\",\"isPartOf\":{\"@id\":\"https:\\\/\\\/www.isoone-lighting.com\\\/es\\\/#website\"},\"datePublished\":\"2023-11-15T10:59:06+00:00\",\"dateModified\":\"2024-02-27T10:31:45+00:00\",\"description\":\"Fabricante franc\u00e9s de iluminaci\u00f3n para salas blancas\",\"breadcrumb\":{\"@id\":\"https:\\\/\\\/www.isoone-lighting.com\\\/es\\\/sobre-nosotros\\\/#breadcrumb\"},\"inLanguage\":\"es\",\"potentialAction\":[{\"@type\":\"ReadAction\",\"target\":[\"https:\\\/\\\/www.isoone-lighting.com\\\/es\\\/sobre-nosotros\\\/\"]}]},{\"@type\":\"BreadcrumbList\",\"@id\":\"https:\\\/\\\/www.isoone-lighting.com\\\/es\\\/sobre-nosotros\\\/#breadcrumb\",\"itemListElement\":[{\"@type\":\"ListItem\",\"position\":1,\"name\":\"Inicio\",\"item\":\"https:\\\/\\\/www.isoone-lighting.com\\\/es\\\/\"},{\"@type\":\"ListItem\",\"position\":2,\"name\":\"Sobre nosotros\"}]},{\"@type\":\"WebSite\",\"@id\":\"https:\\\/\\\/www.isoone-lighting.com\\\/es\\\/#website\",\"url\":\"https:\\\/\\\/www.isoone-lighting.com\\\/es\\\/\",\"name\":\"LA MANUFACTURE DE FRANCE\",\"description\":\"\",\"potentialAction\":[{\"@type\":\"SearchAction\",\"target\":{\"@type\":\"EntryPoint\",\"urlTemplate\":\"https:\\\/\\\/www.isoone-lighting.com\\\/es\\\/?s={search_term_string}\"},\"query-input\":{\"@type\":\"PropertyValueSpecification\",\"valueRequired\":true,\"valueName\":\"search_term_string\"}}],\"inLanguage\":\"es\"}]}<\/script>\n<!-- \/ Yoast SEO plugin. -->","yoast_head_json":{"title":"Fabricante franc\u00e9s de iluminaci\u00f3n para salas blancas","description":"Fabricante franc\u00e9s de iluminaci\u00f3n para salas blancas","robots":{"index":"index","follow":"follow","max-snippet":"max-snippet:-1","max-image-preview":"max-image-preview:large","max-video-preview":"max-video-preview:-1"},"canonical":"https:\/\/www.isoone-lighting.com\/es\/sobre-nosotros\/","og_locale":"es_ES","og_type":"article","og_title":"Fabricante franc\u00e9s de iluminaci\u00f3n para salas blancas","og_description":"Fabricante franc\u00e9s de iluminaci\u00f3n para salas blancas","og_url":"https:\/\/www.isoone-lighting.com\/es\/sobre-nosotros\/","og_site_name":"LA MANUFACTURE DE FRANCE","article_modified_time":"2024-02-27T10:31:45+00:00","twitter_card":"summary_large_image","twitter_misc":{"Tiempo de lectura":"5 minutos"},"schema":{"@context":"https:\/\/schema.org","@graph":[{"@type":"WebPage","@id":"https:\/\/www.isoone-lighting.com\/es\/sobre-nosotros\/","url":"https:\/\/www.isoone-lighting.com\/es\/sobre-nosotros\/","name":"Fabricante franc\u00e9s de iluminaci\u00f3n para salas blancas","isPartOf":{"@id":"https:\/\/www.isoone-lighting.com\/es\/#website"},"datePublished":"2023-11-15T10:59:06+00:00","dateModified":"2024-02-27T10:31:45+00:00","description":"Fabricante franc\u00e9s de iluminaci\u00f3n para salas blancas","breadcrumb":{"@id":"https:\/\/www.isoone-lighting.com\/es\/sobre-nosotros\/#breadcrumb"},"inLanguage":"es","potentialAction":[{"@type":"ReadAction","target":["https:\/\/www.isoone-lighting.com\/es\/sobre-nosotros\/"]}]},{"@type":"BreadcrumbList","@id":"https:\/\/www.isoone-lighting.com\/es\/sobre-nosotros\/#breadcrumb","itemListElement":[{"@type":"ListItem","position":1,"name":"Inicio","item":"https:\/\/www.isoone-lighting.com\/es\/"},{"@type":"ListItem","position":2,"name":"Sobre nosotros"}]},{"@type":"WebSite","@id":"https:\/\/www.isoone-lighting.com\/es\/#website","url":"https:\/\/www.isoone-lighting.com\/es\/","name":"LA MANUFACTURE DE FRANCE","description":"","potentialAction":[{"@type":"SearchAction","target":{"@type":"EntryPoint","urlTemplate":"https:\/\/www.isoone-lighting.com\/es\/?s={search_term_string}"},"query-input":{"@type":"PropertyValueSpecification","valueRequired":true,"valueName":"search_term_string"}}],"inLanguage":"es"}]}},"_links":{"self":[{"href":"https:\/\/www.isoone-lighting.com\/es\/wp-json\/wp\/v2\/pages\/3675","targetHints":{"allow":["GET"]}}],"collection":[{"href":"https:\/\/www.isoone-lighting.com\/es\/wp-json\/wp\/v2\/pages"}],"about":[{"href":"https:\/\/www.isoone-lighting.com\/es\/wp-json\/wp\/v2\/types\/page"}],"author":[{"embeddable":true,"href":"https:\/\/www.isoone-lighting.com\/es\/wp-json\/wp\/v2\/users\/6"}],"replies":[{"embeddable":true,"href":"https:\/\/www.isoone-lighting.com\/es\/wp-json\/wp\/v2\/comments?post=3675"}],"version-history":[{"count":0,"href":"https:\/\/www.isoone-lighting.com\/es\/wp-json\/wp\/v2\/pages\/3675\/revisions"}],"wp:attachment":[{"href":"https:\/\/www.isoone-lighting.com\/es\/wp-json\/wp\/v2\/media?parent=3675"}],"curies":[{"name":"wp","href":"https:\/\/api.w.org\/{rel}","templated":true}]}}