{"id":3772,"date":"2023-11-24T13:46:35","date_gmt":"2023-11-24T12:46:35","guid":{"rendered":"https:\/\/www.isoone-lighting.com\/faq\/"},"modified":"2024-02-27T11:29:08","modified_gmt":"2024-02-27T10:29:08","slug":"faq","status":"publish","type":"page","link":"https:\/\/www.isoone-lighting.com\/es\/faq\/","title":{"rendered":"Faq"},"content":{"rendered":"<p>[et_pb_section fb_built=\u00bb1&#8243; _builder_version=\u00bb4.24.2&#8243; _module_preset=\u00bbdefault\u00bb background_image=\u00bbhttps:\/\/www.isoone-lighting.com\/wp-content\/uploads\/2024\/02\/P15_Banner_gamme-scaled.jpg\u00bb height=\u00bb160px\u00bb height_tablet=\u00bb120px\u00bb height_phone=\u00bb120px\u00bb height_last_edited=\u00bbon|tablet\u00bb custom_padding=\u00bb0px||0px||true|false\u00bb hover_enabled=\u00bb0&#8243; custom_css_main_element=\u00bbdisplay: -webkit-box;||display: -ms-flexbox;||display: flex;\u00bb locked=\u00bboff\u00bb global_colors_info=\u00bb{}\u00bb title_text=\u00bbP15_Banner_gamme\u00bb background_enable_color=\u00bboff\u00bb sticky_enabled=\u00bb0&#8243;][et_pb_row _builder_version=\u00bb4.23.1&#8243; _module_preset=\u00bbdefault\u00bb custom_padding=\u00bb0px||0px||true|false\u00bb global_colors_info=\u00bb{}\u00bb][et_pb_column type=\u00bb4_4&#8243; _builder_version=\u00bb4.23.1&#8243; _module_preset=\u00bbdefault\u00bb global_colors_info=\u00bb{}\u00bb][et_pb_text admin_label=\u00bbFaq\u00bb _builder_version=\u00bb4.23.1&#8243; _module_preset=\u00bbdefault\u00bb header_font=\u00bb|600||on|||||\u00bb header_text_align=\u00bbcenter\u00bb header_text_color=\u00bb#FFFFFF\u00bb header_font_size=\u00bb42px\u00bb custom_margin=\u00bb||0px||false|false\u00bb header_font_size_tablet=\u00bb35px\u00bb header_font_size_phone=\u00bb25px\u00bb header_font_size_last_edited=\u00bbon|phone\u00bb global_colors_info=\u00bb{}\u00bb]<\/p>\n<h1>Faq<\/h1>\n<p>[\/et_pb_text][et_pb_text admin_label=\u00bbfil d&#8217;ariane\u00bb module_class=\u00bbblog-breadcrumb-custom\u00bb _builder_version=\u00bb4.23.1&#8243; _module_preset=\u00bbdefault\u00bb text_text_color=\u00bb#FFFFFF\u00bb text_font_size=\u00bb16px\u00bb link_text_color=\u00bb#FFFFFF\u00bb header_font=\u00bb|600||on|||||\u00bb header_text_align=\u00bbcenter\u00bb header_text_color=\u00bb#FFFFFF\u00bb header_font_size=\u00bb42px\u00bb text_orientation=\u00bbcenter\u00bb header_font_size_tablet=\u00bb35px\u00bb header_font_size_phone=\u00bb25px\u00bb header_font_size_last_edited=\u00bbon|phone\u00bb locked=\u00bboff\u00bb global_colors_info=\u00bb{}\u00bb]<span><span><a href=\"https:\/\/www.isoone-lighting.com\/es\/\">Inicio<\/a><\/span><\/span>[\/et_pb_text][\/et_pb_column][\/et_pb_row][\/et_pb_section][et_pb_section fb_built=\u00bb1&#8243; _builder_version=\u00bb4.23.1&#8243; _module_preset=\u00bbdefault\u00bb global_colors_info=\u00bb{}\u00bb][et_pb_row column_structure=\u00bb3_5,2_5&#8243; use_custom_gutter=\u00bbon\u00bb gutter_width=\u00bb2&#8243; make_equal=\u00bbon\u00bb _builder_version=\u00bb4.24.0&#8243; _module_preset=\u00bbdefault\u00bb custom_padding=\u00bb0px||0px||true|false\u00bb custom_css_main_element=\u00bboverflow: visible !important;||-webkit-box-align: center;||    -ms-flex-align: center;||        align-items: center;\u00bb global_colors_info=\u00bb{}\u00bb][et_pb_column type=\u00bb3_5&#8243; _builder_version=\u00bb4.23.1&#8243; _module_preset=\u00bbdefault\u00bb global_colors_info=\u00bb{}\u00bb][et_pb_image src=\u00bbhttps:\/\/www.isoone-lighting.com\/wp-content\/uploads\/2023\/11\/FAQ.jpg\u00bb title_text=\u00bbFAQ\u00bb _builder_version=\u00bb4.23.1&#8243; _module_preset=\u00bbdefault\u00bb custom_margin_tablet=\u00bb||20px||false|false\u00bb custom_margin_phone=\u00bb||20px||false|false\u00bb custom_margin_last_edited=\u00bbon|tablet\u00bb global_colors_info=\u00bb{}\u00bb][\/et_pb_image][\/et_pb_column][et_pb_column type=\u00bb2_5&#8243; _builder_version=\u00bb4.24.0&#8243; _module_preset=\u00bbdefault\u00bb custom_padding=\u00bb20px|20px|20px|20px|true|true\u00bb border_width_all=\u00bb2px\u00bb border_color_all=\u00bb#000000&#8243; global_colors_info=\u00bb{}\u00bb custom_css_before_last_edited=\u00bboff|desktop\u00bb][et_pb_text disabled_on=\u00bboff|off|off\u00bb admin_label=\u00bbNous r\u00e9pondons ici\u00bb _builder_version=\u00bb4.23.1&#8243; _module_preset=\u00bbdefault\u00bb text_font=\u00bb|||on|||||\u00bb text_font_size=\u00bb20px\u00bb header_2_font=\u00bb|600|||||||\u00bb header_2_font_size=\u00bb22px\u00bb header_2_line_height=\u00bb1.2em\u00bb background_color=\u00bb#FFFFFF\u00bb custom_margin=\u00bb||20px||false|false\u00bb custom_margin_last_edited=\u00bboff|desktop\u00bb custom_padding=\u00bb10px||||false|false\u00bb animation_direction=\u00bbright\u00bb text_font_size_tablet=\u00bb18px\u00bb text_font_size_phone=\u00bb18px\u00bb text_font_size_last_edited=\u00bbon|desktop\u00bb header_2_font_size_tablet=\u00bb22px\u00bb header_2_font_size_phone=\u00bb20px\u00bb header_2_font_size_last_edited=\u00bbon|phone\u00bb locked=\u00bboff\u00bb global_colors_info=\u00bb{}\u00bb]<\/p>\n<h2 style=\"padding-bottom: 0px;\">Respondemos aqu\u00ed a sus preguntas m\u00e1s frecuentes acerca de nuestra marca, de los productos o de luminotecnia.<\/h2>\n<p>[\/et_pb_text][et_pb_text disabled_on=\u00bboff|off|off\u00bb admin_label=\u00bbN\u2019h\u00e9sitez pas\u00bb _builder_version=\u00bb4.23.1&#8243; _module_preset=\u00bbdefault\u00bb header_3_font=\u00bbRaleway||||||||\u00bb header_3_text_color=\u00bb#838383&#8243; header_3_font_size=\u00bb20px\u00bb header_3_line_height=\u00bb1.4em\u00bb background_color=\u00bb#FFFFFF\u00bb global_colors_info=\u00bb{}\u00bb]<\/p>\n<h3>No duden en enviarnos sus preguntas mediante el formulario de contacto de esta web, estaremos encantados de responder y de completar esta p\u00e1gina.<\/h3>\n<p>[\/et_pb_text][\/et_pb_column][\/et_pb_row][\/et_pb_section][et_pb_section fb_built=\u00bb1&#8243; _builder_version=\u00bb4.23.1&#8243; _module_preset=\u00bbdefault\u00bb background_color=\u00bb#F5F5F3&#8243; global_colors_info=\u00bb{}\u00bb][et_pb_row _builder_version=\u00bb4.23.1&#8243; _module_preset=\u00bbdefault\u00bb custom_padding=\u00bb0px||0px||true|false\u00bb global_colors_info=\u00bb{}\u00bb][et_pb_column type=\u00bb4_4&#8243; _builder_version=\u00bb4.23.1&#8243; _module_preset=\u00bbdefault\u00bb global_colors_info=\u00bb{}\u00bb][et_pb_text admin_label=\u00bbQuestions fr\u00e9quentes\u00bb _builder_version=\u00bb4.23.1&#8243; _module_preset=\u00bbdefault\u00bb header_2_text_align=\u00bbcenter\u00bb header_2_font_size=\u00bb22px\u00bb header_2_line_height=\u00bb1.8em\u00bb custom_margin=\u00bb||10px||false|false\u00bb header_2_font_size_tablet=\u00bb24px\u00bb header_2_font_size_phone=\u00bb20px\u00bb locked=\u00bboff\u00bb global_colors_info=\u00bb{}\u00bb]<\/p>\n<h2>Preguntas <br \/><span class=\"pre\">frecuentes<\/span><\/h2>\n<p>[\/et_pb_text][\/et_pb_column][\/et_pb_row][et_pb_row use_custom_gutter=\u00bbon\u00bb gutter_width=\u00bb2&#8243; _builder_version=\u00bb4.23.1&#8243; _module_preset=\u00bbdefault\u00bb custom_padding=\u00bb0px||0px||true|false\u00bb global_colors_info=\u00bb{}\u00bb][et_pb_column type=\u00bb4_4&#8243; _builder_version=\u00bb4.23.1&#8243; _module_preset=\u00bbdefault\u00bb global_colors_info=\u00bb{}\u00bb][et_pb_accordion open_toggle_background_color=\u00bbRGBA(255,255,255,0)\u00bb closed_toggle_background_color=\u00bbRGBA(255,255,255,0)\u00bb icon_color=\u00bb#000000&#8243; use_icon_font_size=\u00bbon\u00bb icon_font_size=\u00bb20px\u00bb module_class=\u00bbaccordion-custom\u00bb _builder_version=\u00bb4.23.1&#8243; _module_preset=\u00bbdefault\u00bb toggle_level=\u00bbh3&#8243; toggle_font=\u00bb|||on|||||\u00bb toggle_font_size=\u00bb20px\u00bb toggle_line_height=\u00bb1.3em\u00bb toggle_font_size_tablet=\u00bb20px\u00bb toggle_font_size_phone=\u00bb18px\u00bb toggle_font_size_last_edited=\u00bbon|phone\u00bb border_width_all=\u00bb0px\u00bb border_width_bottom=\u00bb1px\u00bb border_color_bottom=\u00bb#000000&#8243; global_colors_info=\u00bb{}\u00bb][et_pb_accordion_item title=\u00bbQue es Isoone\u00bb open=\u00bbon\u00bb _builder_version=\u00bb4.23.1&#8243; _module_preset=\u00bbdefault\u00bb global_colors_info=\u00bb{}\u00bb]Isoone es el primer fabricante de luminarias completamente dedicado a las aplicaciones de la ultra-limpieza. Desde el dise\u00f1o a su utilizaci\u00f3n todo esta en adecuaci\u00f3n con estas utilizaciones espec\u00edficas.[\/et_pb_accordion_item][et_pb_accordion_item title=\u00bbQuien son los fundadores de Isoone?\u00bb _builder_version=\u00bb4.23.1&#8243; _module_preset=\u00bbdefault\u00bb global_colors_info=\u00bb{}\u00bb open=\u00bboff\u00bb]Isoone a sido creado por los fundadores de la antigua empresa SEAE, creadores de las primeras luminarias de salas blancas hace m\u00e1s de 20 a\u00f1os. La familia Colombo ha reunido los mejores especialistas para iniciar esta nueva aventura.[\/et_pb_accordion_item][et_pb_accordion_item title=\u00bbQu\u00e9 es una sala blanca\u00bb _builder_version=\u00bb4.23.1&#8243; _module_preset=\u00bbdefault\u00bb global_colors_info=\u00bb{}\u00bb open=\u00bboff\u00bb] Se trata de un espacio en el cual la concentraci\u00f3n de part\u00edculas en suspensi\u00f3n en el aire esta controlada. Las salas blancas est\u00e1n construidas de manera a reducir al m\u00e1ximo la introducci\u00f3n, la producci\u00f3n o la retenci\u00f3n de suciedad. Se controla tambi\u00e9n otros par\u00e1metros tales como la temperatura, la humedad, la presi\u00f3n.[\/et_pb_accordion_item][et_pb_accordion_item title=\u00bbPorque la especializaci\u00f3n?\u00bb _builder_version=\u00bb4.23.1&#8243; _module_preset=\u00bbdefault\u00bb global_colors_info=\u00bb{}\u00bb open=\u00bboff\u00bb]Porque es la \u00fanica manera de conocer a la perfecci\u00f3n la problem\u00e1tica para dise\u00f1ar los productos m\u00e1s adecuados.<br \/>\nAl concentrar toda nuestra capacidad de desarrollo en un solo tipo de luminarias seremos capaces de introducir m\u00e1s r\u00e1pido las nuevas tecnolog\u00edas adapt\u00e1ndolas de la mejor manera posible.[\/et_pb_accordion_item][et_pb_accordion_item title=\u00bbD\u00f3nde se fabrican las luminarias Isoone ?\u00bb _builder_version=\u00bb4.23.1&#8243; _module_preset=\u00bbdefault\u00bb global_colors_info=\u00bb{}\u00bb open=\u00bboff\u00bb]La producci\u00f3n tiene lugar en nuestro propio taller, ubicado en Francia. A nuestro parecer una producci\u00f3n localizada es el indispensable para asegurar la calidad de productos destinados a unos ambientes tan sensibles.[\/et_pb_accordion_item][et_pb_accordion_item title=\u00bbPor qu\u00e9 la gama Isoone es diferente a la de otros fabricantes?\u00bb _builder_version=\u00bb4.23.1&#8243; _module_preset=\u00bbdefault\u00bb global_colors_info=\u00bb{}\u00bb open=\u00bboff\u00bb]Nuestros productos est\u00e1n destinados exclusivamente a los utilizadores de la ultra-limpieza. En este campo nuestra gama es la m\u00e1s ancha y completa del mercado. Por otra parte los ensayos realizados en nuestras luminarias son muy espec\u00edficos a estas aplicaciones.[\/et_pb_accordion_item][et_pb_accordion_item title=\u00bbComo saber cuantas luminarias tengo que instalar en mi proyecto?\u00bb _builder_version=\u00bb4.23.1&#8243; _module_preset=\u00bbdefault\u00bb global_colors_info=\u00bb{}\u00bb open=\u00bboff\u00bb]Las aplicaciones en las cuales se usan nuestras luminarias son generalmente sometidas a la norma EN12464, define las reglas de iluminaci\u00f3n de lugares de trabajo interiores. Defina las reglas de c\u00e1lculo, el tipo de fuentes a usar y los resultados a obtener : iluminancias medias, uniformidad y grado de comodidad visual (UGR). Los programas como DIALUX permiten realizar los c\u00e1lculos de simulaci\u00f3n.[\/et_pb_accordion_item][et_pb_accordion_item title=\u00bbLa tecnolog\u00eda LED es siempre la m\u00e1s ventajosa?\u00bb _builder_version=\u00bb4.23.1&#8243; _module_preset=\u00bbdefault\u00bb global_colors_info=\u00bb{}\u00bb open=\u00bboff\u00bb]En todo caso para validar la mejor soluci\u00f3n de iluminaci\u00f3n es necesario proceder a un estudio previo para definir la soluci\u00f3n cuyo coste de propiedad total (inversi\u00f3n inicial + consumo global + coste de mantenimiento) es el m\u00e1s bajo posible permitiendo as\u00ed una amortizaci\u00f3n muy r\u00e1pida. En remodelaci\u00f3n el estudio ser\u00e1 basado sobre la instalaci\u00f3n existente. Estamos a su disposici\u00f3n para acompa\u00f1arlos en este proceso.[\/et_pb_accordion_item][et_pb_accordion_item title=\u00bbQue es la regulaci\u00f3n\u00bb _builder_version=\u00bb4.23.1&#8243; _module_preset=\u00bbdefault\u00bb global_colors_info=\u00bb{}\u00bb open=\u00bboff\u00bb]Los sistemas de regulaci\u00f3n permiten adaptar la intensidad luminosa emitida por las luminarias, encenderlas o apagarlas autom\u00e1ticamente en funci\u00f3n de la presencia de una persona o de la entrada de luz natural. Estos sistemas, bien dise\u00f1ados, pueden aportar hasta un 75% de ahorro energ\u00e9tico.[\/et_pb_accordion_item][et_pb_accordion_item title=\u00bbComo comparar entre una luminaria LED y una Fluorescente?\u00bb _builder_version=\u00bb4.23.1&#8243; _module_preset=\u00bbdefault\u00bb global_colors_info=\u00bb{}\u00bb open=\u00bboff\u00bb]En fluorescencia las l\u00e1mparas son normalizadas, por esta raz\u00f3n las luminarias fluorescentes se caracterizan por su rendimiento y la reparaci\u00f3n del flujo fotom\u00e9trico, por ejemplo 0.80B es una luminaria de 80% de rendimiento con clase fotom\u00e9trica B. En ausencia de normalizaci\u00f3n de las fuentes LED se caracteriza una luminaria LED por su flujo emitido y la potencia consumida, el cociente de los dos es el rendimiento en Lm\/W. Para comparar dos soluciones aconsejamos calcular el cociente Lm\/W de la luminaria fluorescente de la siguiente manera : ((flujo normalizado de la l\u00e1mparas * rendimiento)\/potencia consumida por la luminaria).[\/et_pb_accordion_item][et_pb_accordion_item title=\u00bbLux, Lumen, Candela\u00bb _builder_version=\u00bb4.23.1&#8243; _module_preset=\u00bbdefault\u00bb global_colors_info=\u00bb{}\u00bb open=\u00bboff\u00bb]Es f\u00e1cil hacer el amalgama entre estas medidas pero es importante conocer bien las bases de las unidades de medidas de la iluminaci\u00f3n.<br \/>\nEl Lux es la medida de la iluminancia, caracteriza un flujo luminoso por unidad de superficie.<br \/>\nEl Lumen mide el flujo luminoso emitido<br \/>\nEl candela caracteriza la intensidad luminosa en una direcci\u00f3n determinada.[\/et_pb_accordion_item][et_pb_accordion_item title=\u00bbQue es el UGR?\u00bb _builder_version=\u00bb4.23.1&#8243; _module_preset=\u00bbdefault\u00bb global_colors_info=\u00bb{}\u00bb open=\u00bboff\u00bb]UGR es un coeficiente de deslumbramiento utilizado en los c\u00e1lculos fotom\u00e9tricos. Esta determinado por los programas de simulaci\u00f3n en funci\u00f3n de la luminaria utilizada, de la geometr\u00eda del local, de los coeficientes de reflexi\u00f3n de las superficies (paredes, techos\u2026) y del \u00e1ngulo de visi\u00f3n. La norma EN 12464 especifica los valores de UGR aceptables seg\u00fan cada aplicaci\u00f3n.<br \/>\nComo m\u00e1s bajo, mejor comodidad visual. Por ejemplo en despachos el UGR tiene que ser inferior \u00e0 19.[\/et_pb_accordion_item][\/et_pb_accordion][\/et_pb_column][\/et_pb_row][\/et_pb_section]<\/p>\n","protected":false},"excerpt":{"rendered":"<p>Faq<span><span><a href=\"https:\/\/www.isoone-lighting.com\/es\/\">Inicio<\/a><\/span><\/span>Respondemos aqu\u00ed a sus preguntas m\u00e1s frecuentes acerca de nuestra marca, de los productos o de luminotecnia.No duden en enviarnos sus preguntas mediante el formulario de contacto de esta web, estaremos encantados de responder y de completar esta p\u00e1gina.Preguntas frecuentesIsoone es el primer fabricante de luminarias completamente dedicado a las aplicaciones de la ultra-limpieza. Desde [&hellip;]<\/p>\n","protected":false},"author":6,"featured_media":0,"parent":0,"menu_order":0,"comment_status":"closed","ping_status":"closed","template":"","meta":{"_acf_changed":false,"_et_pb_use_builder":"on","_et_pb_old_content":"","_et_gb_content_width":"","_monsterinsights_skip_tracking":false,"_monsterinsights_sitenote_active":false,"_monsterinsights_sitenote_note":"","_monsterinsights_sitenote_category":0,"footnotes":""},"class_list":["post-3772","page","type-page","status-publish","hentry"],"acf":[],"yoast_head":"<!-- This site is optimized with the Yoast SEO plugin v27.5 - https:\/\/yoast.com\/product\/yoast-seo-wordpress\/ -->\n<title>Preguntas frecuentes - L21<\/title>\n<meta name=\"description\" content=\"Respondemos aqu\u00ed a sus preguntas m\u00e1s frecuentes acerca de nuestra marca, de los productos o de luminotecnia.\" \/>\n<meta name=\"robots\" content=\"index, follow, max-snippet:-1, max-image-preview:large, max-video-preview:-1\" \/>\n<link rel=\"canonical\" href=\"https:\/\/www.isoone-lighting.com\/es\/faq\/\" \/>\n<meta property=\"og:locale\" content=\"es_ES\" \/>\n<meta property=\"og:type\" content=\"article\" \/>\n<meta property=\"og:title\" content=\"Preguntas frecuentes - L21\" \/>\n<meta property=\"og:description\" content=\"Respondemos aqu\u00ed a sus preguntas m\u00e1s frecuentes acerca de nuestra marca, de los productos o de luminotecnia.\" \/>\n<meta property=\"og:url\" content=\"https:\/\/www.isoone-lighting.com\/es\/faq\/\" \/>\n<meta property=\"og:site_name\" content=\"LA MANUFACTURE DE FRANCE\" \/>\n<meta property=\"article:modified_time\" content=\"2024-02-27T10:29:08+00:00\" \/>\n<meta name=\"twitter:card\" content=\"summary_large_image\" \/>\n<meta name=\"twitter:label1\" content=\"Tiempo de lectura\" \/>\n\t<meta name=\"twitter:data1\" content=\"9 minutos\" \/>\n<script type=\"application\/ld+json\" class=\"yoast-schema-graph\">{\"@context\":\"https:\\\/\\\/schema.org\",\"@graph\":[{\"@type\":\"WebPage\",\"@id\":\"https:\\\/\\\/www.isoone-lighting.com\\\/es\\\/faq\\\/\",\"url\":\"https:\\\/\\\/www.isoone-lighting.com\\\/es\\\/faq\\\/\",\"name\":\"Preguntas frecuentes - L21\",\"isPartOf\":{\"@id\":\"https:\\\/\\\/www.isoone-lighting.com\\\/es\\\/#website\"},\"datePublished\":\"2023-11-24T12:46:35+00:00\",\"dateModified\":\"2024-02-27T10:29:08+00:00\",\"description\":\"Respondemos aqu\u00ed a sus preguntas m\u00e1s frecuentes acerca de nuestra marca, de los productos o de luminotecnia.\",\"breadcrumb\":{\"@id\":\"https:\\\/\\\/www.isoone-lighting.com\\\/es\\\/faq\\\/#breadcrumb\"},\"inLanguage\":\"es\",\"potentialAction\":[{\"@type\":\"ReadAction\",\"target\":[\"https:\\\/\\\/www.isoone-lighting.com\\\/es\\\/faq\\\/\"]}]},{\"@type\":\"BreadcrumbList\",\"@id\":\"https:\\\/\\\/www.isoone-lighting.com\\\/es\\\/faq\\\/#breadcrumb\",\"itemListElement\":[{\"@type\":\"ListItem\",\"position\":1,\"name\":\"Inicio\",\"item\":\"https:\\\/\\\/www.isoone-lighting.com\\\/es\\\/\"},{\"@type\":\"ListItem\",\"position\":2,\"name\":\"Faq\"}]},{\"@type\":\"WebSite\",\"@id\":\"https:\\\/\\\/www.isoone-lighting.com\\\/es\\\/#website\",\"url\":\"https:\\\/\\\/www.isoone-lighting.com\\\/es\\\/\",\"name\":\"LA MANUFACTURE DE FRANCE\",\"description\":\"\",\"potentialAction\":[{\"@type\":\"SearchAction\",\"target\":{\"@type\":\"EntryPoint\",\"urlTemplate\":\"https:\\\/\\\/www.isoone-lighting.com\\\/es\\\/?s={search_term_string}\"},\"query-input\":{\"@type\":\"PropertyValueSpecification\",\"valueRequired\":true,\"valueName\":\"search_term_string\"}}],\"inLanguage\":\"es\"}]}<\/script>\n<!-- \/ Yoast SEO plugin. -->","yoast_head_json":{"title":"Preguntas frecuentes - L21","description":"Respondemos aqu\u00ed a sus preguntas m\u00e1s frecuentes acerca de nuestra marca, de los productos o de luminotecnia.","robots":{"index":"index","follow":"follow","max-snippet":"max-snippet:-1","max-image-preview":"max-image-preview:large","max-video-preview":"max-video-preview:-1"},"canonical":"https:\/\/www.isoone-lighting.com\/es\/faq\/","og_locale":"es_ES","og_type":"article","og_title":"Preguntas frecuentes - L21","og_description":"Respondemos aqu\u00ed a sus preguntas m\u00e1s frecuentes acerca de nuestra marca, de los productos o de luminotecnia.","og_url":"https:\/\/www.isoone-lighting.com\/es\/faq\/","og_site_name":"LA MANUFACTURE DE FRANCE","article_modified_time":"2024-02-27T10:29:08+00:00","twitter_card":"summary_large_image","twitter_misc":{"Tiempo de lectura":"9 minutos"},"schema":{"@context":"https:\/\/schema.org","@graph":[{"@type":"WebPage","@id":"https:\/\/www.isoone-lighting.com\/es\/faq\/","url":"https:\/\/www.isoone-lighting.com\/es\/faq\/","name":"Preguntas frecuentes - L21","isPartOf":{"@id":"https:\/\/www.isoone-lighting.com\/es\/#website"},"datePublished":"2023-11-24T12:46:35+00:00","dateModified":"2024-02-27T10:29:08+00:00","description":"Respondemos aqu\u00ed a sus preguntas m\u00e1s frecuentes acerca de nuestra marca, de los productos o de luminotecnia.","breadcrumb":{"@id":"https:\/\/www.isoone-lighting.com\/es\/faq\/#breadcrumb"},"inLanguage":"es","potentialAction":[{"@type":"ReadAction","target":["https:\/\/www.isoone-lighting.com\/es\/faq\/"]}]},{"@type":"BreadcrumbList","@id":"https:\/\/www.isoone-lighting.com\/es\/faq\/#breadcrumb","itemListElement":[{"@type":"ListItem","position":1,"name":"Inicio","item":"https:\/\/www.isoone-lighting.com\/es\/"},{"@type":"ListItem","position":2,"name":"Faq"}]},{"@type":"WebSite","@id":"https:\/\/www.isoone-lighting.com\/es\/#website","url":"https:\/\/www.isoone-lighting.com\/es\/","name":"LA MANUFACTURE DE FRANCE","description":"","potentialAction":[{"@type":"SearchAction","target":{"@type":"EntryPoint","urlTemplate":"https:\/\/www.isoone-lighting.com\/es\/?s={search_term_string}"},"query-input":{"@type":"PropertyValueSpecification","valueRequired":true,"valueName":"search_term_string"}}],"inLanguage":"es"}]}},"_links":{"self":[{"href":"https:\/\/www.isoone-lighting.com\/es\/wp-json\/wp\/v2\/pages\/3772","targetHints":{"allow":["GET"]}}],"collection":[{"href":"https:\/\/www.isoone-lighting.com\/es\/wp-json\/wp\/v2\/pages"}],"about":[{"href":"https:\/\/www.isoone-lighting.com\/es\/wp-json\/wp\/v2\/types\/page"}],"author":[{"embeddable":true,"href":"https:\/\/www.isoone-lighting.com\/es\/wp-json\/wp\/v2\/users\/6"}],"replies":[{"embeddable":true,"href":"https:\/\/www.isoone-lighting.com\/es\/wp-json\/wp\/v2\/comments?post=3772"}],"version-history":[{"count":0,"href":"https:\/\/www.isoone-lighting.com\/es\/wp-json\/wp\/v2\/pages\/3772\/revisions"}],"wp:attachment":[{"href":"https:\/\/www.isoone-lighting.com\/es\/wp-json\/wp\/v2\/media?parent=3772"}],"curies":[{"name":"wp","href":"https:\/\/api.w.org\/{rel}","templated":true}]}}