{"id":3799,"date":"2023-11-24T11:56:19","date_gmt":"2023-11-24T10:56:19","guid":{"rendered":"https:\/\/www.isoone-lighting.com\/notas-legales\/"},"modified":"2024-02-21T14:41:42","modified_gmt":"2024-02-21T13:41:42","slug":"notas-legales","status":"publish","type":"page","link":"https:\/\/www.isoone-lighting.com\/es\/notas-legales\/","title":{"rendered":"Notas legales"},"content":{"rendered":"<p>[et_pb_section fb_built=\u00bb1&#8243; _builder_version=\u00bb4.23.1&#8243; _module_preset=\u00bbdefault\u00bb background_color=\u00bbrgba(0,0,0,0.2)\u00bb background_image=\u00bbhttps:\/\/www.isoone-lighting.com\/wp-content\/uploads\/2023\/11\/88246.jpg\u00bb background_blend=\u00bboverlay\u00bb height=\u00bb160px\u00bb height_tablet=\u00bb120px\u00bb height_phone=\u00bb120px\u00bb height_last_edited=\u00bbon|tablet\u00bb custom_padding=\u00bb0px||0px||true|false\u00bb custom_css_main_element=\u00bbdisplay: -webkit-box;||display: -ms-flexbox;||display: flex;\u00bb locked=\u00bboff\u00bb global_colors_info=\u00bb{}\u00bb][et_pb_row _builder_version=\u00bb4.23.1&#8243; _module_preset=\u00bbdefault\u00bb custom_padding=\u00bb0px||0px||true|false\u00bb global_colors_info=\u00bb{}\u00bb][et_pb_column type=\u00bb4_4&#8243; _builder_version=\u00bb4.23.1&#8243; _module_preset=\u00bbdefault\u00bb global_colors_info=\u00bb{}\u00bb][et_pb_text admin_label=\u00bbMentions l\u00e9gales\u00bb _builder_version=\u00bb4.23.1&#8243; _module_preset=\u00bbdefault\u00bb header_font=\u00bb|600||on|||||\u00bb header_text_align=\u00bbcenter\u00bb header_text_color=\u00bb#FFFFFF\u00bb header_font_size=\u00bb42px\u00bb custom_margin=\u00bb||0px||false|false\u00bb header_font_size_tablet=\u00bb35px\u00bb header_font_size_phone=\u00bb25px\u00bb header_font_size_last_edited=\u00bbon|phone\u00bb global_colors_info=\u00bb{}\u00bb]<\/p>\n<h1>Notas legales<\/h1>\n<p>[\/et_pb_text][et_pb_text admin_label=\u00bbfil d&#8217;ariane\u00bb module_class=\u00bbblog-breadcrumb-custom\u00bb _builder_version=\u00bb4.23.1&#8243; _module_preset=\u00bbdefault\u00bb text_text_color=\u00bb#FFFFFF\u00bb text_font_size=\u00bb16px\u00bb link_text_color=\u00bb#FFFFFF\u00bb header_font=\u00bb|600||on|||||\u00bb header_text_align=\u00bbcenter\u00bb header_text_color=\u00bb#FFFFFF\u00bb header_font_size=\u00bb42px\u00bb text_orientation=\u00bbcenter\u00bb header_font_size_tablet=\u00bb35px\u00bb header_font_size_phone=\u00bb25px\u00bb header_font_size_last_edited=\u00bbon|phone\u00bb locked=\u00bboff\u00bb global_colors_info=\u00bb{}\u00bb]<span><span><a href=\"https:\/\/www.isoone-lighting.com\/es\/\">Inicio<\/a><\/span><\/span>[\/et_pb_text][\/et_pb_column][\/et_pb_row][\/et_pb_section][et_pb_section fb_built=\u00bb1&#8243; _builder_version=\u00bb4.23.1&#8243; _module_preset=\u00bbdefault\u00bb global_colors_info=\u00bb{}\u00bb][et_pb_row _builder_version=\u00bb4.23.1&#8243; _module_preset=\u00bbdefault\u00bb custom_padding=\u00bb0px||0px||true|false\u00bb global_colors_info=\u00bb{}\u00bb][et_pb_column type=\u00bb4_4&#8243; _builder_version=\u00bb4.23.1&#8243; _module_preset=\u00bbdefault\u00bb global_colors_info=\u00bb{}\u00bb][et_pb_text admin_label=\u00bbMise \u00e0 jour : Avril 2021&#8243; _builder_version=\u00bb4.24.2&#8243; _module_preset=\u00bbdefault\u00bb header_2_font_size=\u00bb30px\u00bb header_2_line_height=\u00bb1.2em\u00bb hover_enabled=\u00bb0&#8243; header_2_font_size_tablet=\u00bb30px\u00bb global_colors_info=\u00bb{}\u00bb sticky_enabled=\u00bb0&#8243;]<\/p>\n<p><b>Actualizado: abril de 2021<\/b> Lea atentamente los diferentes t\u00e9rminos de uso de este sitio antes de navegar por sus p\u00e1ginas. Al conectarse a este sitio, acepta estos t\u00e9rminos y condiciones sin reservas. Adem\u00e1s, en virtud del art\u00edculo 6 de la ley n\u00ba 2004-575, de 21 de junio de 2004, para la confianza en la econom\u00eda digital, se informa a los usuarios del sitio <a href=\"\/es\/\">www.isoone-lighting .com<\/a> la Identidad de las distintas partes implicadas en su creaci\u00f3n y seguimiento:<\/p>\n<h2>Propietario y Creador del Sitio<\/h2>\n<p><b>Entidad jur\u00eddica:<\/b> ISOONE<br \/><b>Cuya sede social<\/b> est\u00e1 situada en 18 Rue Jean Monnet, 31240 Saint-Jean<br \/><b>Tel\u00e9fono:<\/b> +33 5 62 89 23 23<br \/><b>Sitio:<\/b> <a href=\"\/es\/\">www.isoone-lighting.com<\/a><br \/><b>Correo electr\u00f3nico: <\/b><span class=\"Y2IQFc\" lang=\"es\"><a href=\"https:\/\/www.isoone-lighting.com\/es\/contactenos\/\">formulario de contacto<\/a><br \/><\/span><b>Sirena:<\/b> 80360578100027<\/p>\n<h2>Alojamiento del sitio<\/h2>\n<p><b>Anfitri\u00f3n:<\/b> OVH<br \/><b>Direcci\u00f3n:<\/b> 2 rue Kellermann BP 80157 59053 ROUBAIX CEDEX 1<br \/><b>Servidor de hosting:<\/b> Francia<\/p>\n<h2>1. Condiciones de uso<\/h2>\n<p>El uso del sitio <a href=\"\/es\/\">www.isoone-lighting.com<\/a> implica la plena aceptaci\u00f3n de las condiciones generales de uso que se describen a continuaci\u00f3n. Estas condiciones de uso pueden ser modificadas o completadas en cualquier momento, por lo que se invita a los usuarios del sitio <a href=\"\/es\/\">www.isoone-lighting.com<\/a> a consultarlas peri\u00f3dicamente.<\/p>\n<p>El sitio <a href=\"\/es\/\">www.isoone-lighting.com<\/a> se ofrece en diferentes lenguajes web (HTML, HTML5, Javascript, CSS, etc.) para una mayor comodidad de uso y gr\u00e1ficos m\u00e1s agradables, le recomendamos que utilice navegadores modernos como Internet Explorer, Safari, Firefox, Google Chrome, etc.<\/p>\n<p>Este sitio normalmente es accesible para los usuarios en cualquier momento. No obstante, una interrupci\u00f3n por motivos t\u00e9cnicos de mantenimiento podr\u00e1 ser decidida por su titular, ISOONE, quien procurar\u00e1 comunicar a los usuarios con antelaci\u00f3n las fechas y horarios de la intervenci\u00f3n.<\/p>\n<p>El sitio <a href=\"\/es\/\">www.isoone-lighting.com<\/a> es actualizado peri\u00f3dicamente por la empresa ISOONE. Del mismo modo, los avisos legales pueden modificarse en cualquier momento: no obstante, son vinculantes para el usuario, que est\u00e1 invitado a consultarlos con la mayor frecuencia posible para leerlos.<\/p>\n<h2>2. Descripci\u00f3n de los servicios prestados<\/h2>\n<p>El sitio <a href=\"\/es\/\">www.isoone-lighting.com<\/a> tiene como objetivo proporcionar informaci\u00f3n sobre todos los detalles de los servicios ofrecidos por ISOONE. Se esfuerza por proporcionar informaci\u00f3n lo m\u00e1s precisa posible en el sitio <a href=\"\/es\/\">www.isoone-lighting.com<\/a>. Sin embargo, no se hace responsable de las omisiones, inexactitudes y deficiencias en la actualizaci\u00f3n, ya sean debidas a ella misma o a los terceros socios que proporcionan esta informaci\u00f3n.<\/p>\n<p>Toda la informaci\u00f3n indicada en el sitio <a href=\"\/es\/\">www.isoone-lighting.com<\/a> se proporciona \u00fanicamente con fines informativos y est\u00e1 sujeta a cambios. Adem\u00e1s, la informaci\u00f3n contenida en el sitio <a href=\"\/es\/\">www.isoone-lighting.com<\/a> no es exhaustiva. Se proporcionan sujetos a modificaciones realizadas desde su puesta en l\u00ednea.<\/p>\n<p>Si nota una brecha, un error o lo que parece ser un mal funcionamiento, inf\u00f3rmelo por correo electr\u00f3nico a contact@lmdfrance.com, describiendo el problema con la mayor precisi\u00f3n posible (p\u00e1gina problem\u00e1tica, tipo de computadora y navegador utilizado). , etc.).<\/p>\n<h2>3. Limitaci\u00f3n de responsabilidad<\/h2>\n<p>ISOONE no se hace responsable de los da\u00f1os directos o indirectos causados \u200b\u200bal equipo del usuario al acceder al sitio <a href=\"\/es\/\">www.isoone-lighting.com<\/a>, ya sea como resultado del uso de hardware que no cumpla con las especificaciones indicadas anteriormente, o por la aparici\u00f3n de alg\u00fan error o incompatibilidad.<\/p>\n<p>ISOONE tampoco se hace responsable de los da\u00f1os indirectos (como la p\u00e9rdida de mercado o la p\u00e9rdida de oportunidades) resultantes del uso del sitio <a href=\"\/es\/\">www.isoone-lighting .com<\/a>&lt; \/p&gt;Se ponen a disposici\u00f3n de los usuarios espacios interactivos (posibilidad de realizar consultas en el \u00e1rea de contacto). ISOONE se reserva el derecho de eliminar, sin previo aviso, cualquier contenido publicado en este espacio que contravenga la legislaci\u00f3n aplicable en Francia, en particular las disposiciones relativas a la protecci\u00f3n de datos. En su caso, ISOONE tambi\u00e9n se reserva la posibilidad de cuestionar la responsabilidad civil y\/o penal del usuario, en particular en caso de mensaje de car\u00e1cter racista, ofensivo, difamatorio o pornogr\u00e1fico, independientemente del medio utilizado (texto, fotograf\u00eda\u2026).<\/p>\n<p>Todo el contenido descargado se realiza bajo el propio riesgo y responsabilidad del usuario. En consecuencia, ISOONE no se hace responsable. Responsable de cualquier da\u00f1o al ordenador del usuario o de cualquier p\u00e9rdida de datos tras la descarga. Adem\u00e1s, el usuario del sitio se compromete a acceder al sitio utilizando equipos recientes, que no contengan virus y con un navegador actualizado de \u00faltima generaci\u00f3n.<\/p>\n<h2>4. Datos personales<\/h2>\n<p>El sitio <a href=\"\/es\/\">www.isoone-lighting.com<\/a> contiene un cierto n\u00famero de enlaces de hipertexto a otros sitios, establecidos con la autorizaci\u00f3n de ISOONE. Sin embargo, ISOONE no tiene la capacidad de verificar el contenido de los sitios visitados y, por lo tanto, no asumir\u00e1 ninguna responsabilidad por ello.<\/p>\n<p>Los usuarios, suscriptores y visitantes de sitios web no pueden establecer un hiperv\u00ednculo a este sitio sin la autorizaci\u00f3n previa expresa de ISOONE.<\/p>\n<p>En caso de que un usuario o visitante desee establecer un hiperv\u00ednculo al sitio <a href=\"\/es\/\">www.isoone-lighting.com<\/a>, le corresponder\u00e1 enviar un correo electr\u00f3nico accesible en el sitio para formular su solicitud de establecimiento de un hiperv\u00ednculo. ISOONE se reserva el derecho de aceptar o rechazar un hiperv\u00ednculo sin tener que justificar su decisi\u00f3n.<\/p>\n<p>Los enlaces de hipertexto establecidos en el marco de este sitio web hacia otros recursos presentes en la red Internet no pueden comprometer la responsabilidad de ISOONE<\/p>\n<h2>5. Enlaces de hipertexto<\/h2>\n<p>El sitio <a href=\"\/es\/\">www.isoone-lighting.com<\/a> contiene un cierto n\u00famero de enlaces de hipertexto a otros sitios, establecidos con la autorizaci\u00f3n de ISOONE. Sin embargo, ISOONE no tiene la capacidad de verificar el contenido de los sitios visitados y, por lo tanto, no asumir\u00e1 ninguna responsabilidad por ello.<\/p>\n<p>Los usuarios, suscriptores y visitantes de sitios web no pueden establecer un hiperv\u00ednculo a este sitio sin la autorizaci\u00f3n previa expresa de ISOONE.<\/p>\n<p>En caso de que un usuario o visitante desee establecer un hiperv\u00ednculo al sitio <a href=\"\/es\/\">www.isoone-lighting.com<\/a>, le corresponder\u00e1 enviar un correo electr\u00f3nico accesible en el sitio para formular su solicitud de establecimiento de un hiperv\u00ednculo. ISOONE se reserva el derecho de aceptar o rechazar un hiperv\u00ednculo sin tener que justificar su decisi\u00f3n.<\/p>\n<p>Los enlaces de hipertexto establecidos en el marco de este sitio web hacia otros recursos presentes en la red Internet no pueden comprometer la responsabilidad de ISOONE<\/p>\n<h2>6. Propiedad intelectual y falsificaciones<\/h2>\n<p>ISOONE es titular de los derechos de propiedad intelectual y posee los derechos de uso de todos los elementos accesibles en el sitio, en particular textos, im\u00e1genes, gr\u00e1ficos, logotipos, iconos, sonidos y software. Todo el contenido presente en el sitio <a href=\"\/es\/\">www.isoone-lighting.com<\/a>, incluidos, entre otros, gr\u00e1ficos, im\u00e1genes, textos, v\u00eddeos, animaciones, sonidos, logotipos, gifs e iconos. como su formato son propiedad exclusiva de la empresa a excepci\u00f3n de marcas, logotipos o contenidos pertenecientes a otras empresas asociadas o autores.<\/p>\n<p>Cualquier reproducci\u00f3n, representaci\u00f3n, modificaci\u00f3n, publicaci\u00f3n, adaptaci\u00f3n de todo o parte de los elementos del sitio, cualquiera que sea el medio o proceso utilizado, est\u00e1 prohibida sin el permiso previo por escrito de: ISOONE. Esta representaci\u00f3n o reproducci\u00f3n, por cualquier medio, constituye una infracci\u00f3n sancionada por los art\u00edculos L.335-2 y siguientes del C\u00f3digo de la Propiedad Intelectual. El incumplimiento de esta prohibici\u00f3n constituye una infracci\u00f3n que puede dar lugar a responsabilidad civil y penal para el infractor. Adem\u00e1s, los propietarios del Contenido copiado pueden emprender acciones legales contra usted.<\/p>\n<p>Cualquier explotaci\u00f3n no autorizada del sitio o de cualquiera de los elementos que contiene ser\u00e1 considerada una infracci\u00f3n y perseguida de conformidad con las disposiciones de los art\u00edculos L.335-2 y siguientes del C\u00f3digo de la Propiedad Intelectual. Todos los contenidos presentes en el sitio est\u00e1n protegidos por los derechos de propiedad intelectual y, en particular, por los derechos de autor en todo el mundo y durante la duraci\u00f3n de los derechos, tal como resultan de las disposiciones legales existentes y\/o de sus extensiones a intervenir. Queda terminantemente prohibida cualquier reproducci\u00f3n, representaci\u00f3n, adaptaci\u00f3n, modificaci\u00f3n y\/o utilizaci\u00f3n fuera del \u00e1mbito privado.<\/p>\n<h2>7. Declaraci\u00f3n a la CNIL<\/h2>\n<p>De conformidad con la ley 78-17 del 6 de enero de 1978 (modificada por la ley 2004-801 del 6 de agosto de 2004 relativa a la protecci\u00f3n de las personas en lo que respecta al tratamiento de datos personales) en materia de inform\u00e1tica, archivos y libertades, este sitio no ha sido declarado a la Comisi\u00f3n Nacional de Inform\u00e1tica y Libertades (www.cnil.fr).<\/p>\n<h2>8. Disputas<\/h2>\n<p>Estas condiciones del sitio <a href=\"\/es\/\">www.isoone-lighting.com<\/a> se rigen por las leyes francesas y cualquier disputa o litigio que pueda surgir de la interpretaci\u00f3n o ejecuci\u00f3n de las mismas se regir\u00e1 por la exclusiva competencia de los tribunales de los que depende el domicilio social de la sociedad. El idioma de referencia para resolver cualquier disputa es el franc\u00e9s.<\/p>\n<h2>9. Cont\u00e1ctanos<\/h2>\n<p>ISOONE est\u00e1 a tu disposici\u00f3n para todos tus comentarios o sugerencias. Puede escribirnos en franc\u00e9s por correo electr\u00f3nico a: contact@lmdfrance.com<\/p>\n<p>[\/et_pb_text][\/et_pb_column][\/et_pb_row][\/et_pb_section]<\/p>\n","protected":false},"excerpt":{"rendered":"<p>Notas legales<span><span><a href=\"https:\/\/www.isoone-lighting.com\/es\/\">Inicio<\/a><\/span><\/span>Actualizado: abril de 2021 Lea atentamente los diferentes t\u00e9rminos de uso de este sitio antes de navegar por sus p\u00e1ginas. Al conectarse a este sitio, acepta estos t\u00e9rminos y condiciones sin reservas. Adem\u00e1s, en virtud del art\u00edculo 6 de la ley n\u00ba 2004-575, de 21 de junio de 2004, para la confianza en la [&hellip;]<\/p>\n","protected":false},"author":6,"featured_media":0,"parent":0,"menu_order":0,"comment_status":"closed","ping_status":"closed","template":"","meta":{"_acf_changed":false,"_et_pb_use_builder":"on","_et_pb_old_content":"","_et_gb_content_width":"","_monsterinsights_skip_tracking":false,"_monsterinsights_sitenote_active":false,"_monsterinsights_sitenote_note":"","_monsterinsights_sitenote_category":0,"footnotes":""},"class_list":["post-3799","page","type-page","status-publish","hentry"],"acf":[],"yoast_head":"<!-- This site is optimized with the Yoast SEO plugin v27.4 - https:\/\/yoast.com\/product\/yoast-seo-wordpress\/ -->\n<title>Notas legales - LA MANUFACTURE DE FRANCE<\/title>\n<meta name=\"robots\" content=\"index, follow, max-snippet:-1, max-image-preview:large, max-video-preview:-1\" \/>\n<link rel=\"canonical\" href=\"https:\/\/www.isoone-lighting.com\/es\/notas-legales\/\" \/>\n<meta property=\"og:locale\" content=\"es_ES\" \/>\n<meta property=\"og:type\" content=\"article\" \/>\n<meta property=\"og:title\" content=\"Notas legales - LA MANUFACTURE DE FRANCE\" \/>\n<meta property=\"og:description\" content=\"Notas legalesActualizado: abril de 2021 Lea atentamente los diferentes t\u00e9rminos de uso de este sitio antes de navegar por sus p\u00e1ginas. Al conectarse a este sitio, acepta estos t\u00e9rminos y condiciones sin reservas. Adem\u00e1s, en virtud del art\u00edculo 6 de la ley n\u00ba 2004-575, de 21 de junio de 2004, para la confianza en la [&hellip;]\" \/>\n<meta property=\"og:url\" content=\"https:\/\/www.isoone-lighting.com\/es\/notas-legales\/\" \/>\n<meta property=\"og:site_name\" content=\"LA MANUFACTURE DE FRANCE\" \/>\n<meta property=\"article:modified_time\" content=\"2024-02-21T13:41:42+00:00\" \/>\n<meta name=\"twitter:card\" content=\"summary_large_image\" \/>\n<meta name=\"twitter:label1\" content=\"Tiempo de lectura\" \/>\n\t<meta name=\"twitter:data1\" content=\"9 minutos\" \/>\n<script type=\"application\/ld+json\" class=\"yoast-schema-graph\">{\"@context\":\"https:\\\/\\\/schema.org\",\"@graph\":[{\"@type\":\"WebPage\",\"@id\":\"https:\\\/\\\/www.isoone-lighting.com\\\/es\\\/notas-legales\\\/\",\"url\":\"https:\\\/\\\/www.isoone-lighting.com\\\/es\\\/notas-legales\\\/\",\"name\":\"Notas legales - LA MANUFACTURE DE FRANCE\",\"isPartOf\":{\"@id\":\"https:\\\/\\\/www.isoone-lighting.com\\\/es\\\/#website\"},\"datePublished\":\"2023-11-24T10:56:19+00:00\",\"dateModified\":\"2024-02-21T13:41:42+00:00\",\"breadcrumb\":{\"@id\":\"https:\\\/\\\/www.isoone-lighting.com\\\/es\\\/notas-legales\\\/#breadcrumb\"},\"inLanguage\":\"es\",\"potentialAction\":[{\"@type\":\"ReadAction\",\"target\":[\"https:\\\/\\\/www.isoone-lighting.com\\\/es\\\/notas-legales\\\/\"]}]},{\"@type\":\"BreadcrumbList\",\"@id\":\"https:\\\/\\\/www.isoone-lighting.com\\\/es\\\/notas-legales\\\/#breadcrumb\",\"itemListElement\":[{\"@type\":\"ListItem\",\"position\":1,\"name\":\"Inicio\",\"item\":\"https:\\\/\\\/www.isoone-lighting.com\\\/es\\\/\"},{\"@type\":\"ListItem\",\"position\":2,\"name\":\"Notas legales\"}]},{\"@type\":\"WebSite\",\"@id\":\"https:\\\/\\\/www.isoone-lighting.com\\\/es\\\/#website\",\"url\":\"https:\\\/\\\/www.isoone-lighting.com\\\/es\\\/\",\"name\":\"LA MANUFACTURE DE FRANCE\",\"description\":\"\",\"potentialAction\":[{\"@type\":\"SearchAction\",\"target\":{\"@type\":\"EntryPoint\",\"urlTemplate\":\"https:\\\/\\\/www.isoone-lighting.com\\\/es\\\/?s={search_term_string}\"},\"query-input\":{\"@type\":\"PropertyValueSpecification\",\"valueRequired\":true,\"valueName\":\"search_term_string\"}}],\"inLanguage\":\"es\"}]}<\/script>\n<!-- \/ Yoast SEO plugin. -->","yoast_head_json":{"title":"Notas legales - LA MANUFACTURE DE FRANCE","robots":{"index":"index","follow":"follow","max-snippet":"max-snippet:-1","max-image-preview":"max-image-preview:large","max-video-preview":"max-video-preview:-1"},"canonical":"https:\/\/www.isoone-lighting.com\/es\/notas-legales\/","og_locale":"es_ES","og_type":"article","og_title":"Notas legales - LA MANUFACTURE DE FRANCE","og_description":"Notas legalesActualizado: abril de 2021 Lea atentamente los diferentes t\u00e9rminos de uso de este sitio antes de navegar por sus p\u00e1ginas. Al conectarse a este sitio, acepta estos t\u00e9rminos y condiciones sin reservas. Adem\u00e1s, en virtud del art\u00edculo 6 de la ley n\u00ba 2004-575, de 21 de junio de 2004, para la confianza en la [&hellip;]","og_url":"https:\/\/www.isoone-lighting.com\/es\/notas-legales\/","og_site_name":"LA MANUFACTURE DE FRANCE","article_modified_time":"2024-02-21T13:41:42+00:00","twitter_card":"summary_large_image","twitter_misc":{"Tiempo de lectura":"9 minutos"},"schema":{"@context":"https:\/\/schema.org","@graph":[{"@type":"WebPage","@id":"https:\/\/www.isoone-lighting.com\/es\/notas-legales\/","url":"https:\/\/www.isoone-lighting.com\/es\/notas-legales\/","name":"Notas legales - LA MANUFACTURE DE FRANCE","isPartOf":{"@id":"https:\/\/www.isoone-lighting.com\/es\/#website"},"datePublished":"2023-11-24T10:56:19+00:00","dateModified":"2024-02-21T13:41:42+00:00","breadcrumb":{"@id":"https:\/\/www.isoone-lighting.com\/es\/notas-legales\/#breadcrumb"},"inLanguage":"es","potentialAction":[{"@type":"ReadAction","target":["https:\/\/www.isoone-lighting.com\/es\/notas-legales\/"]}]},{"@type":"BreadcrumbList","@id":"https:\/\/www.isoone-lighting.com\/es\/notas-legales\/#breadcrumb","itemListElement":[{"@type":"ListItem","position":1,"name":"Inicio","item":"https:\/\/www.isoone-lighting.com\/es\/"},{"@type":"ListItem","position":2,"name":"Notas legales"}]},{"@type":"WebSite","@id":"https:\/\/www.isoone-lighting.com\/es\/#website","url":"https:\/\/www.isoone-lighting.com\/es\/","name":"LA MANUFACTURE DE FRANCE","description":"","potentialAction":[{"@type":"SearchAction","target":{"@type":"EntryPoint","urlTemplate":"https:\/\/www.isoone-lighting.com\/es\/?s={search_term_string}"},"query-input":{"@type":"PropertyValueSpecification","valueRequired":true,"valueName":"search_term_string"}}],"inLanguage":"es"}]}},"_links":{"self":[{"href":"https:\/\/www.isoone-lighting.com\/es\/wp-json\/wp\/v2\/pages\/3799","targetHints":{"allow":["GET"]}}],"collection":[{"href":"https:\/\/www.isoone-lighting.com\/es\/wp-json\/wp\/v2\/pages"}],"about":[{"href":"https:\/\/www.isoone-lighting.com\/es\/wp-json\/wp\/v2\/types\/page"}],"author":[{"embeddable":true,"href":"https:\/\/www.isoone-lighting.com\/es\/wp-json\/wp\/v2\/users\/6"}],"replies":[{"embeddable":true,"href":"https:\/\/www.isoone-lighting.com\/es\/wp-json\/wp\/v2\/comments?post=3799"}],"version-history":[{"count":0,"href":"https:\/\/www.isoone-lighting.com\/es\/wp-json\/wp\/v2\/pages\/3799\/revisions"}],"wp:attachment":[{"href":"https:\/\/www.isoone-lighting.com\/es\/wp-json\/wp\/v2\/media?parent=3799"}],"curies":[{"name":"wp","href":"https:\/\/api.w.org\/{rel}","templated":true}]}}