{"id":2760,"date":"2023-11-29T09:52:43","date_gmt":"2023-11-29T08:52:43","guid":{"rendered":"https:\/\/www.isoone-lighting.com\/produit\/draco-luminarias-empotrables-para-salas-limpias-acceso-por-debajo\/"},"modified":"2024-02-26T15:29:28","modified_gmt":"2024-02-26T14:29:28","slug":"draco-luminarias-empotrables-para-salas-limpias-acceso-por-debajo","status":"publish","type":"product","link":"https:\/\/www.isoone-lighting.com\/es\/produit\/draco-luminarias-empotrables-para-salas-limpias-acceso-por-debajo\/","title":{"rendered":"DRACO"},"content":{"rendered":"<p>[et_pb_section fb_built=\u00bb1&#8243; _builder_version=\u00bb4.24.2&#8243; _module_preset=\u00bbdefault\u00bb background_image=\u00bbhttps:\/\/www.isoone-lighting.com\/wp-content\/uploads\/2024\/02\/Banner_gamme_Draco_fluo1-scaled.jpg\u00bb height=\u00bb160px\u00bb height_tablet=\u00bb120px\u00bb height_phone=\u00bb120px\u00bb height_last_edited=\u00bbon|tablet\u00bb custom_padding=\u00bb0px||0px||true|false\u00bb hover_enabled=\u00bb0&#8243; custom_css_main_element=\u00bbdisplay: -webkit-box;||display: -ms-flexbox;||display: flex;\u00bb locked=\u00bboff\u00bb global_colors_info=\u00bb{}\u00bb title_text=\u00bbBanner_gamme_Draco_fluo1&#8243; background_enable_color=\u00bboff\u00bb sticky_enabled=\u00bb0&#8243;][et_pb_row _builder_version=\u00bb4.23.1&#8243; _module_preset=\u00bbdefault\u00bb custom_padding=\u00bb0px||0px||true|false\u00bb global_colors_info=\u00bb{}\u00bb][et_pb_column type=\u00bb4_4&#8243; _builder_version=\u00bb4.23.1&#8243; _module_preset=\u00bbdefault\u00bb global_colors_info=\u00bb{}\u00bb][et_pb_text admin_label=\u00bbfil d&#8217;ariane\u00bb _builder_version=\u00bb4.23.1&#8243; _module_preset=\u00bbdefault\u00bb text_text_color=\u00bb#FFFFFF\u00bb text_font_size=\u00bb18px\u00bb link_text_color=\u00bb#FFFFFF\u00bb header_font=\u00bb|600||on|||||\u00bb header_text_align=\u00bbcenter\u00bb header_text_color=\u00bb#FFFFFF\u00bb header_font_size=\u00bb42px\u00bb text_orientation=\u00bbcenter\u00bb header_font_size_tablet=\u00bb35px\u00bb header_font_size_phone=\u00bb25px\u00bb header_font_size_last_edited=\u00bbon|phone\u00bb global_colors_info=\u00bb{}\u00bb]<span><span><a href=\"https:\/\/www.isoone-lighting.com\/es\/\">Inicio<\/a><\/span><\/span>[\/et_pb_text][\/et_pb_column][\/et_pb_row][\/et_pb_section][et_pb_section fb_built=\u00bb1&#8243; _builder_version=\u00bb4.23.1&#8243; custom_padding=\u00bb0px||0px||true|false\u00bb global_colors_info=\u00bb{}\u00bb][et_pb_row column_structure=\u00bb1_2,1_2&#8243; _builder_version=\u00bb4.23.1&#8243; background_size=\u00bbinitial\u00bb background_position=\u00bbtop_left\u00bb background_repeat=\u00bbrepeat\u00bb custom_padding=\u00bb54px||54px||true|false\u00bb global_colors_info=\u00bb{}\u00bb][et_pb_column type=\u00bb1_2&#8243; _builder_version=\u00bb4.16&#8243; custom_padding=\u00bb|||\u00bb global_colors_info=\u00bb{}\u00bb custom_padding__hover=\u00bb|||\u00bb][et_pb_wc_images module_class=\u00bbproduit-image-custom\u00bb _builder_version=\u00bb4.23.1&#8243; height_tablet=\u00bb350px\u00bb height_phone=\u00bbauto\u00bb height_last_edited=\u00bbon|phone\u00bb global_colors_info=\u00bb{}\u00bb][\/et_pb_wc_images][\/et_pb_column][et_pb_column type=\u00bb1_2&#8243; _builder_version=\u00bb4.16&#8243; custom_padding=\u00bb|||\u00bb global_colors_info=\u00bb{}\u00bb custom_padding__hover=\u00bb|||\u00bb][et_pb_text admin_label=\u00bbCategories\u00bb _builder_version=\u00bb4.23.1&#8243; _module_preset=\u00bbdefault\u00bb custom_margin=\u00bb||0px||false|false\u00bb global_colors_info=\u00bb{}\u00bb]<ul class=\"custom-fiche-product-categories\"><li><span class=\"hidden_tooltip_default show\">AGROALIMENTARIO<\/span><a class=\"custom_link_to_terms\" href=\"https:\/\/www.isoone-lighting.com\/es\/categorie-produit\/aplicaciones\/agroalimentario\/\"><img decoding=\"async\" src=\"https:\/\/www.isoone-lighting.com\/wp-content\/uploads\/2023\/11\/picto_Agroalimentaire.png\" alt=\"AGROALIMENTARIO\" \/><\/a><\/li><li><span class=\"hidden_tooltip_default show\">BIOTECNOLOG\u00cdA<\/span><a class=\"custom_link_to_terms\" href=\"https:\/\/www.isoone-lighting.com\/es\/categorie-produit\/aplicaciones\/biotecnologia\/\"><img decoding=\"async\" src=\"https:\/\/www.isoone-lighting.com\/wp-content\/uploads\/2023\/11\/picto_Biotech.png\" alt=\"BIOTECNOLOG\u00cdA\" \/><\/a><\/li><li><span class=\"hidden_tooltip_default show\">DISPOSITIVOS M\u00c9DICOS<\/span><a class=\"custom_link_to_terms\" href=\"https:\/\/www.isoone-lighting.com\/es\/categorie-produit\/aplicaciones\/dispositivos-medicos\/\"><img decoding=\"async\" src=\"https:\/\/www.isoone-lighting.com\/wp-content\/uploads\/2024\/02\/Picto-Dispositifs-Medicaux.png\" alt=\"DISPOSITIVOS M\u00c9DICOS\" \/><\/a><\/li><li><span class=\"hidden_tooltip_default show\">ELECTR\u00d3NICO<\/span><a class=\"custom_link_to_terms\" href=\"https:\/\/www.isoone-lighting.com\/es\/categorie-produit\/aplicaciones\/electronico\/\"><img decoding=\"async\" src=\"https:\/\/www.isoone-lighting.com\/wp-content\/uploads\/2023\/11\/picto_Electronic-ok.png\" alt=\"ELECTR\u00d3NICO\" \/><\/a><\/li><li><span class=\"hidden_tooltip_default show\">FARMAC\u00c9UTICO<\/span><a class=\"custom_link_to_terms\" href=\"https:\/\/www.isoone-lighting.com\/es\/categorie-produit\/aplicaciones\/farmaceutico\/\"><img decoding=\"async\" src=\"https:\/\/www.isoone-lighting.com\/wp-content\/uploads\/2023\/11\/picto_Pharmaceutique.png\" alt=\"FARMAC\u00c9UTICO\" \/><\/a><\/li><li><span class=\"hidden_tooltip_default show\">FOTOVOLTAICA<\/span><a class=\"custom_link_to_terms\" href=\"https:\/\/www.isoone-lighting.com\/es\/categorie-produit\/aplicaciones\/fotovoltaica\/\"><img decoding=\"async\" src=\"https:\/\/www.isoone-lighting.com\/wp-content\/uploads\/2023\/11\/picto_Photovoltaic.png\" alt=\"FOTOVOLTAICA\" \/><\/a><\/li><li><span class=\"hidden_tooltip_default show\">HOSPITALARIO<\/span><a class=\"custom_link_to_terms\" href=\"https:\/\/www.isoone-lighting.com\/es\/categorie-produit\/aplicaciones\/hospitalario\/\"><img decoding=\"async\" src=\"https:\/\/www.isoone-lighting.com\/wp-content\/uploads\/2023\/11\/picto_HOPITAL-noir.png\" alt=\"HOSPITALARIO\" \/><\/a><\/li><li><span class=\"hidden_tooltip_default show\">\u00d3PTICO<\/span><a class=\"custom_link_to_terms\" href=\"https:\/\/www.isoone-lighting.com\/es\/categorie-produit\/aplicaciones\/optico\/\"><img decoding=\"async\" src=\"https:\/\/www.isoone-lighting.com\/wp-content\/uploads\/2023\/11\/picto_Optic.png\" alt=\"\u00d3PTICO\" \/><\/a><\/li><\/ul>[\/et_pb_text][et_pb_wc_title _builder_version=\u00bb4.23.1&#8243; header_font_size=\u00bb50px\u00bb custom_margin=\u00bb||20px||false|false\u00bb header_text_align_last_edited=\u00bboff|desktop\u00bb header_font_size_tablet=\u00bb40px\u00bb header_font_size_phone=\u00bb30px\u00bb header_font_size_last_edited=\u00bbon|desktop\u00bb global_colors_info=\u00bb{}\u00bb][\/et_pb_wc_title][et_pb_wc_description _builder_version=\u00bb4.23.1&#8243; custom_padding=\u00bb|50px|||false|false\u00bb global_colors_info=\u00bb{}\u00bb][\/et_pb_wc_description][\/et_pb_column][\/et_pb_row][et_pb_row custom_padding_last_edited=\u00bbon|tablet\u00bb _builder_version=\u00bb4.23.1&#8243; background_size=\u00bbinitial\u00bb background_position=\u00bbtop_left\u00bb background_repeat=\u00bbrepeat\u00bb custom_padding=\u00bb0px||0px||true|false\u00bb custom_padding_tablet=\u00bb54px||||false|false\u00bb custom_padding_phone=\u00bb10px||0px||false|false\u00bb global_colors_info=\u00bb{}\u00bb][et_pb_column type=\u00bb4_4&#8243; _builder_version=\u00bb4.16&#8243; custom_padding=\u00bb|||\u00bb global_colors_info=\u00bb{}\u00bb custom_padding__hover=\u00bb|||\u00bb][et_pb_wc_tabs _builder_version=\u00bb4.23.1&#8243; tab_font=\u00bb|||on|||||\u00bb tab_font_size=\u00bb24px\u00bb tab_font_size_tablet=\u00bb20px\u00bb tab_font_size_phone=\u00bb17px\u00bb tab_font_size_last_edited=\u00bbon|desktop\u00bb border_width_all=\u00bb0px\u00bb global_colors_info=\u00bb{}\u00bb]\t\t\t\t\t[\/et_pb_wc_tabs][\/et_pb_column][\/et_pb_row][\/et_pb_section][et_pb_section fb_built=\u00bb1&#8243; custom_padding_last_edited=\u00bbon|tablet\u00bb _builder_version=\u00bb4.23.1&#8243; _module_preset=\u00bbdefault\u00bb custom_padding=\u00bb38px||54px||false|false\u00bb custom_padding_tablet=\u00bb||30px||false|false\u00bb custom_padding_phone=\u00bb||0px||false|false\u00bb global_colors_info=\u00bb{}\u00bb][et_pb_row _builder_version=\u00bb4.23.1&#8243; _module_preset=\u00bbdefault\u00bb custom_padding=\u00bb0px||0px||true|false\u00bb global_colors_info=\u00bb{}\u00bb][et_pb_column type=\u00bb4_4&#8243; _builder_version=\u00bb4.23.1&#8243; _module_preset=\u00bbdefault\u00bb global_colors_info=\u00bb{}\u00bb][et_pb_wc_related_products include_categories=\u00bb48,46,47,37,41,45,43&#8243; sale_badge_color=\u00bb#838383&#8243; icon_hover_color=\u00bbRGBA(255,255,255,0)\u00bb hover_overlay_color=\u00bbRGBA(255,255,255,0)\u00bb show_price=\u00bboff\u00bb module_class=\u00bbsimilar-custom\u00bb _builder_version=\u00bb4.23.1&#8243; title_font=\u00bb|||on|||||\u00bb title_text_align=\u00bbcenter\u00bb title_font_size=\u00bb30px\u00bb product_title_font=\u00bb|||on|||||\u00bb product_title_text_color=\u00bb#000000&#8243; product_title_font_size=\u00bb22px\u00bb sale_badge_text_color=\u00bb#838383&#8243; text_orientation=\u00bbcenter\u00bb global_colors_info=\u00bb{}\u00bb][\/et_pb_wc_related_products][\/et_pb_column][\/et_pb_row][\/et_pb_section]<\/p>\n","protected":false},"excerpt":{"rendered":"<p>DRACO, luminarias empotrables para salas limpias, acceso por debajo, compactas IP65 con m\u00f3dulos de LED. Repartici\u00f3n fotom\u00e9trica intensiva, semi-extensiva o extensiva. Difusores en policarbonato.<br \/>\nCuerpo en chapa de acero de fuerte espesor lacado en blanco con polvo poli\u00e9ster. Marco inferior en aluminio sacado en blanco fijado al cuerpo mediante muelles de seguridad.<\/p>\n","protected":false},"featured_media":2740,"comment_status":"closed","ping_status":"closed","template":"","meta":{"_acf_changed":false,"_et_pb_use_builder":"on","_et_pb_old_content":"","_et_gb_content_width":"","_monsterinsights_skip_tracking":false,"_monsterinsights_sitenote_active":false,"_monsterinsights_sitenote_note":"","_monsterinsights_sitenote_category":0},"product_brand":[],"product_cat":[132,135,214,138,245,158,137,448,139,447],"product_tag":[],"class_list":{"0":"post-2760","1":"product","2":"type-product","3":"status-publish","4":"has-post-thumbnail","6":"product_cat-agroalimentario","7":"product_cat-biotecnologia","8":"product_cat-dispositivos-medicos","9":"product_cat-electronico","10":"product_cat-empotrable-para-panel-sandwich","11":"product_cat-empotrables-registro-inferior","12":"product_cat-farmaceutico","13":"product_cat-fotovoltaica","14":"product_cat-hospitalario","15":"product_cat-optico","17":"first","18":"instock","19":"shipping-taxable","20":"product-type-simple","21":"berocket_lgv_grid","22":"berocket_lgv_list_grid"},"acf":[],"yoast_head":"<!-- This site is optimized with the Yoast SEO plugin v27.5 - https:\/\/yoast.com\/product\/yoast-seo-wordpress\/ -->\n<title>DRACO - LA MANUFACTURE DE FRANCE<\/title>\n<meta name=\"robots\" content=\"index, follow, max-snippet:-1, max-image-preview:large, max-video-preview:-1\" \/>\n<link rel=\"canonical\" href=\"https:\/\/www.isoone-lighting.com\/es\/produit\/draco-luminarias-empotrables-para-salas-limpias-acceso-por-debajo\/\" \/>\n<meta property=\"og:locale\" content=\"es_ES\" \/>\n<meta property=\"og:type\" content=\"article\" \/>\n<meta property=\"og:title\" content=\"DRACO - LA MANUFACTURE DE FRANCE\" \/>\n<meta property=\"og:description\" content=\"DRACO, luminarias empotrables para salas limpias, acceso por debajo, compactas IP65 con m\u00f3dulos de LED. Repartici\u00f3n fotom\u00e9trica intensiva, semi-extensiva o extensiva. Difusores en policarbonato. Cuerpo en chapa de acero de fuerte espesor lacado en blanco con polvo poli\u00e9ster. Marco inferior en aluminio sacado en blanco fijado al cuerpo mediante muelles de seguridad.\" \/>\n<meta property=\"og:url\" content=\"https:\/\/www.isoone-lighting.com\/es\/produit\/draco-luminarias-empotrables-para-salas-limpias-acceso-por-debajo\/\" \/>\n<meta property=\"og:site_name\" content=\"LA MANUFACTURE DE FRANCE\" \/>\n<meta property=\"article:modified_time\" content=\"2024-02-26T14:29:28+00:00\" \/>\n<meta property=\"og:image\" content=\"https:\/\/www.isoone-lighting.com\/wp-content\/uploads\/2023\/11\/DRACO.png\" \/>\n\t<meta property=\"og:image:width\" content=\"650\" \/>\n\t<meta property=\"og:image:height\" content=\"434\" \/>\n\t<meta property=\"og:image:type\" content=\"image\/png\" \/>\n<meta name=\"twitter:card\" content=\"summary_large_image\" \/>\n<meta name=\"twitter:label1\" content=\"Tiempo de lectura\" \/>\n\t<meta name=\"twitter:data1\" content=\"1 minuto\" \/>\n<script type=\"application\/ld+json\" class=\"yoast-schema-graph\">{\"@context\":\"https:\\\/\\\/schema.org\",\"@graph\":[{\"@type\":\"WebPage\",\"@id\":\"https:\\\/\\\/www.isoone-lighting.com\\\/es\\\/produit\\\/draco-luminarias-empotrables-para-salas-limpias-acceso-por-debajo\\\/\",\"url\":\"https:\\\/\\\/www.isoone-lighting.com\\\/es\\\/produit\\\/draco-luminarias-empotrables-para-salas-limpias-acceso-por-debajo\\\/\",\"name\":\"DRACO - LA MANUFACTURE DE FRANCE\",\"isPartOf\":{\"@id\":\"https:\\\/\\\/www.isoone-lighting.com\\\/es\\\/#website\"},\"primaryImageOfPage\":{\"@id\":\"https:\\\/\\\/www.isoone-lighting.com\\\/es\\\/produit\\\/draco-luminarias-empotrables-para-salas-limpias-acceso-por-debajo\\\/#primaryimage\"},\"image\":{\"@id\":\"https:\\\/\\\/www.isoone-lighting.com\\\/es\\\/produit\\\/draco-luminarias-empotrables-para-salas-limpias-acceso-por-debajo\\\/#primaryimage\"},\"thumbnailUrl\":\"https:\\\/\\\/www.isoone-lighting.com\\\/wp-content\\\/uploads\\\/2023\\\/11\\\/DRACO.png\",\"datePublished\":\"2023-11-29T08:52:43+00:00\",\"dateModified\":\"2024-02-26T14:29:28+00:00\",\"breadcrumb\":{\"@id\":\"https:\\\/\\\/www.isoone-lighting.com\\\/es\\\/produit\\\/draco-luminarias-empotrables-para-salas-limpias-acceso-por-debajo\\\/#breadcrumb\"},\"inLanguage\":\"es\",\"potentialAction\":[{\"@type\":\"ReadAction\",\"target\":[\"https:\\\/\\\/www.isoone-lighting.com\\\/es\\\/produit\\\/draco-luminarias-empotrables-para-salas-limpias-acceso-por-debajo\\\/\"]}]},{\"@type\":\"ImageObject\",\"inLanguage\":\"es\",\"@id\":\"https:\\\/\\\/www.isoone-lighting.com\\\/es\\\/produit\\\/draco-luminarias-empotrables-para-salas-limpias-acceso-por-debajo\\\/#primaryimage\",\"url\":\"https:\\\/\\\/www.isoone-lighting.com\\\/wp-content\\\/uploads\\\/2023\\\/11\\\/DRACO.png\",\"contentUrl\":\"https:\\\/\\\/www.isoone-lighting.com\\\/wp-content\\\/uploads\\\/2023\\\/11\\\/DRACO.png\",\"width\":650,\"height\":434,\"caption\":\"DRACO\"},{\"@type\":\"BreadcrumbList\",\"@id\":\"https:\\\/\\\/www.isoone-lighting.com\\\/es\\\/produit\\\/draco-luminarias-empotrables-para-salas-limpias-acceso-por-debajo\\\/#breadcrumb\",\"itemListElement\":[{\"@type\":\"ListItem\",\"position\":1,\"name\":\"Inicio\",\"item\":\"https:\\\/\\\/www.isoone-lighting.com\\\/es\\\/\"},{\"@type\":\"ListItem\",\"position\":2,\"name\":\"Nuestras luminarias\",\"item\":\"https:\\\/\\\/www.isoone-lighting.com\\\/es\\\/nuestras-luminarias\\\/\"},{\"@type\":\"ListItem\",\"position\":3,\"name\":\"DRACO\"}]},{\"@type\":\"WebSite\",\"@id\":\"https:\\\/\\\/www.isoone-lighting.com\\\/es\\\/#website\",\"url\":\"https:\\\/\\\/www.isoone-lighting.com\\\/es\\\/\",\"name\":\"LA MANUFACTURE DE FRANCE\",\"description\":\"\",\"potentialAction\":[{\"@type\":\"SearchAction\",\"target\":{\"@type\":\"EntryPoint\",\"urlTemplate\":\"https:\\\/\\\/www.isoone-lighting.com\\\/es\\\/?s={search_term_string}\"},\"query-input\":{\"@type\":\"PropertyValueSpecification\",\"valueRequired\":true,\"valueName\":\"search_term_string\"}}],\"inLanguage\":\"es\"}]}<\/script>\n<!-- \/ Yoast SEO plugin. -->","yoast_head_json":{"title":"DRACO - LA MANUFACTURE DE FRANCE","robots":{"index":"index","follow":"follow","max-snippet":"max-snippet:-1","max-image-preview":"max-image-preview:large","max-video-preview":"max-video-preview:-1"},"canonical":"https:\/\/www.isoone-lighting.com\/es\/produit\/draco-luminarias-empotrables-para-salas-limpias-acceso-por-debajo\/","og_locale":"es_ES","og_type":"article","og_title":"DRACO - LA MANUFACTURE DE FRANCE","og_description":"DRACO, luminarias empotrables para salas limpias, acceso por debajo, compactas IP65 con m\u00f3dulos de LED. Repartici\u00f3n fotom\u00e9trica intensiva, semi-extensiva o extensiva. Difusores en policarbonato. Cuerpo en chapa de acero de fuerte espesor lacado en blanco con polvo poli\u00e9ster. Marco inferior en aluminio sacado en blanco fijado al cuerpo mediante muelles de seguridad.","og_url":"https:\/\/www.isoone-lighting.com\/es\/produit\/draco-luminarias-empotrables-para-salas-limpias-acceso-por-debajo\/","og_site_name":"LA MANUFACTURE DE FRANCE","article_modified_time":"2024-02-26T14:29:28+00:00","og_image":[{"width":650,"height":434,"url":"https:\/\/www.isoone-lighting.com\/wp-content\/uploads\/2023\/11\/DRACO.png","type":"image\/png"}],"twitter_card":"summary_large_image","twitter_misc":{"Tiempo de lectura":"1 minuto"},"schema":{"@context":"https:\/\/schema.org","@graph":[{"@type":"WebPage","@id":"https:\/\/www.isoone-lighting.com\/es\/produit\/draco-luminarias-empotrables-para-salas-limpias-acceso-por-debajo\/","url":"https:\/\/www.isoone-lighting.com\/es\/produit\/draco-luminarias-empotrables-para-salas-limpias-acceso-por-debajo\/","name":"DRACO - LA MANUFACTURE DE FRANCE","isPartOf":{"@id":"https:\/\/www.isoone-lighting.com\/es\/#website"},"primaryImageOfPage":{"@id":"https:\/\/www.isoone-lighting.com\/es\/produit\/draco-luminarias-empotrables-para-salas-limpias-acceso-por-debajo\/#primaryimage"},"image":{"@id":"https:\/\/www.isoone-lighting.com\/es\/produit\/draco-luminarias-empotrables-para-salas-limpias-acceso-por-debajo\/#primaryimage"},"thumbnailUrl":"https:\/\/www.isoone-lighting.com\/wp-content\/uploads\/2023\/11\/DRACO.png","datePublished":"2023-11-29T08:52:43+00:00","dateModified":"2024-02-26T14:29:28+00:00","breadcrumb":{"@id":"https:\/\/www.isoone-lighting.com\/es\/produit\/draco-luminarias-empotrables-para-salas-limpias-acceso-por-debajo\/#breadcrumb"},"inLanguage":"es","potentialAction":[{"@type":"ReadAction","target":["https:\/\/www.isoone-lighting.com\/es\/produit\/draco-luminarias-empotrables-para-salas-limpias-acceso-por-debajo\/"]}]},{"@type":"ImageObject","inLanguage":"es","@id":"https:\/\/www.isoone-lighting.com\/es\/produit\/draco-luminarias-empotrables-para-salas-limpias-acceso-por-debajo\/#primaryimage","url":"https:\/\/www.isoone-lighting.com\/wp-content\/uploads\/2023\/11\/DRACO.png","contentUrl":"https:\/\/www.isoone-lighting.com\/wp-content\/uploads\/2023\/11\/DRACO.png","width":650,"height":434,"caption":"DRACO"},{"@type":"BreadcrumbList","@id":"https:\/\/www.isoone-lighting.com\/es\/produit\/draco-luminarias-empotrables-para-salas-limpias-acceso-por-debajo\/#breadcrumb","itemListElement":[{"@type":"ListItem","position":1,"name":"Inicio","item":"https:\/\/www.isoone-lighting.com\/es\/"},{"@type":"ListItem","position":2,"name":"Nuestras luminarias","item":"https:\/\/www.isoone-lighting.com\/es\/nuestras-luminarias\/"},{"@type":"ListItem","position":3,"name":"DRACO"}]},{"@type":"WebSite","@id":"https:\/\/www.isoone-lighting.com\/es\/#website","url":"https:\/\/www.isoone-lighting.com\/es\/","name":"LA MANUFACTURE DE FRANCE","description":"","potentialAction":[{"@type":"SearchAction","target":{"@type":"EntryPoint","urlTemplate":"https:\/\/www.isoone-lighting.com\/es\/?s={search_term_string}"},"query-input":{"@type":"PropertyValueSpecification","valueRequired":true,"valueName":"search_term_string"}}],"inLanguage":"es"}]}},"_links":{"self":[{"href":"https:\/\/www.isoone-lighting.com\/es\/wp-json\/wp\/v2\/product\/2760","targetHints":{"allow":["GET"]}}],"collection":[{"href":"https:\/\/www.isoone-lighting.com\/es\/wp-json\/wp\/v2\/product"}],"about":[{"href":"https:\/\/www.isoone-lighting.com\/es\/wp-json\/wp\/v2\/types\/product"}],"replies":[{"embeddable":true,"href":"https:\/\/www.isoone-lighting.com\/es\/wp-json\/wp\/v2\/comments?post=2760"}],"wp:featuredmedia":[{"embeddable":true,"href":"https:\/\/www.isoone-lighting.com\/es\/wp-json\/wp\/v2\/media\/2740"}],"wp:attachment":[{"href":"https:\/\/www.isoone-lighting.com\/es\/wp-json\/wp\/v2\/media?parent=2760"}],"wp:term":[{"taxonomy":"product_brand","embeddable":true,"href":"https:\/\/www.isoone-lighting.com\/es\/wp-json\/wp\/v2\/product_brand?post=2760"},{"taxonomy":"product_cat","embeddable":true,"href":"https:\/\/www.isoone-lighting.com\/es\/wp-json\/wp\/v2\/product_cat?post=2760"},{"taxonomy":"product_tag","embeddable":true,"href":"https:\/\/www.isoone-lighting.com\/es\/wp-json\/wp\/v2\/product_tag?post=2760"}],"curies":[{"name":"wp","href":"https:\/\/api.w.org\/{rel}","templated":true}]}}