{"id":3045,"date":"2023-11-30T12:47:08","date_gmt":"2023-11-30T11:47:08","guid":{"rendered":"https:\/\/www.isoone-lighting.com\/produit\/mars-ex-e-d\/"},"modified":"2024-02-26T16:52:44","modified_gmt":"2024-02-26T15:52:44","slug":"mars-ex-e-d","status":"publish","type":"product","link":"https:\/\/www.isoone-lighting.com\/es\/produit\/mars-ex-e-d\/","title":{"rendered":"MARS Ex-e D"},"content":{"rendered":"<p>[et_pb_section fb_built=\u00bb1&#8243; _builder_version=\u00bb4.24.2&#8243; _module_preset=\u00bbdefault\u00bb background_image=\u00bbhttps:\/\/www.isoone-lighting.com\/wp-content\/uploads\/2024\/02\/Banner_gamme_Mars_led-scaled.jpg\u00bb height=\u00bb160px\u00bb height_tablet=\u00bb120px\u00bb height_phone=\u00bb120px\u00bb height_last_edited=\u00bbon|tablet\u00bb custom_padding=\u00bb0px||0px||true|false\u00bb hover_enabled=\u00bb0&#8243; custom_css_main_element=\u00bbdisplay: -webkit-box;||display: -ms-flexbox;||display: flex;\u00bb locked=\u00bboff\u00bb global_colors_info=\u00bb{}\u00bb title_text=\u00bbBanner_gamme_Mars_led\u00bb background_enable_color=\u00bboff\u00bb sticky_enabled=\u00bb0&#8243;][et_pb_row _builder_version=\u00bb4.23.1&#8243; _module_preset=\u00bbdefault\u00bb custom_padding=\u00bb0px||0px||true|false\u00bb global_colors_info=\u00bb{}\u00bb][et_pb_column type=\u00bb4_4&#8243; _builder_version=\u00bb4.23.1&#8243; _module_preset=\u00bbdefault\u00bb global_colors_info=\u00bb{}\u00bb][et_pb_text admin_label=\u00bbfil d&#8217;ariane\u00bb _builder_version=\u00bb4.23.1&#8243; _module_preset=\u00bbdefault\u00bb text_text_color=\u00bb#FFFFFF\u00bb text_font_size=\u00bb18px\u00bb link_text_color=\u00bb#FFFFFF\u00bb header_font=\u00bb|600||on|||||\u00bb header_text_align=\u00bbcenter\u00bb header_text_color=\u00bb#FFFFFF\u00bb header_font_size=\u00bb42px\u00bb text_orientation=\u00bbcenter\u00bb header_font_size_tablet=\u00bb35px\u00bb header_font_size_phone=\u00bb25px\u00bb header_font_size_last_edited=\u00bbon|phone\u00bb global_colors_info=\u00bb{}\u00bb]<span><span><a href=\"https:\/\/www.isoone-lighting.com\/es\/\">Inicio<\/a><\/span><\/span>[\/et_pb_text][\/et_pb_column][\/et_pb_row][\/et_pb_section][et_pb_section fb_built=\u00bb1&#8243; _builder_version=\u00bb4.23.1&#8243; custom_padding=\u00bb0px||0px||true|false\u00bb global_colors_info=\u00bb{}\u00bb][et_pb_row column_structure=\u00bb1_2,1_2&#8243; _builder_version=\u00bb4.23.1&#8243; background_size=\u00bbinitial\u00bb background_position=\u00bbtop_left\u00bb background_repeat=\u00bbrepeat\u00bb custom_padding=\u00bb54px||54px||true|false\u00bb global_colors_info=\u00bb{}\u00bb][et_pb_column type=\u00bb1_2&#8243; _builder_version=\u00bb4.16&#8243; custom_padding=\u00bb|||\u00bb global_colors_info=\u00bb{}\u00bb custom_padding__hover=\u00bb|||\u00bb][et_pb_wc_images module_class=\u00bbproduit-image-custom\u00bb _builder_version=\u00bb4.23.1&#8243; height_tablet=\u00bb350px\u00bb height_phone=\u00bbauto\u00bb height_last_edited=\u00bbon|phone\u00bb global_colors_info=\u00bb{}\u00bb][\/et_pb_wc_images][\/et_pb_column][et_pb_column type=\u00bb1_2&#8243; _builder_version=\u00bb4.16&#8243; custom_padding=\u00bb|||\u00bb global_colors_info=\u00bb{}\u00bb custom_padding__hover=\u00bb|||\u00bb][et_pb_text admin_label=\u00bbCategories\u00bb _builder_version=\u00bb4.23.1&#8243; _module_preset=\u00bbdefault\u00bb custom_margin=\u00bb||0px||false|false\u00bb global_colors_info=\u00bb{}\u00bb]<ul class=\"custom-fiche-product-categories\"><li><span class=\"hidden_tooltip_default show\">FARMAC\u00c9UTICO<\/span><a class=\"custom_link_to_terms\" href=\"https:\/\/www.isoone-lighting.com\/es\/categorie-produit\/aplicaciones\/farmaceutico\/\"><img decoding=\"async\" src=\"https:\/\/www.isoone-lighting.com\/wp-content\/uploads\/2023\/11\/picto_Pharmaceutique.png\" alt=\"FARMAC\u00c9UTICO\" \/><\/a><\/li><\/ul>[\/et_pb_text][et_pb_wc_title _builder_version=\u00bb4.23.1&#8243; header_font_size=\u00bb50px\u00bb custom_margin=\u00bb||20px||false|false\u00bb header_text_align_last_edited=\u00bboff|desktop\u00bb header_font_size_tablet=\u00bb40px\u00bb header_font_size_phone=\u00bb30px\u00bb header_font_size_last_edited=\u00bbon|desktop\u00bb global_colors_info=\u00bb{}\u00bb][\/et_pb_wc_title][et_pb_wc_description _builder_version=\u00bb4.23.1&#8243; custom_padding=\u00bb|50px|||false|false\u00bb global_colors_info=\u00bb{}\u00bb][\/et_pb_wc_description][\/et_pb_column][\/et_pb_row][et_pb_row custom_padding_last_edited=\u00bbon|tablet\u00bb _builder_version=\u00bb4.23.1&#8243; background_size=\u00bbinitial\u00bb background_position=\u00bbtop_left\u00bb background_repeat=\u00bbrepeat\u00bb custom_padding=\u00bb0px||0px||true|false\u00bb custom_padding_tablet=\u00bb54px||||false|false\u00bb custom_padding_phone=\u00bb10px||0px||false|false\u00bb global_colors_info=\u00bb{}\u00bb][et_pb_column type=\u00bb4_4&#8243; _builder_version=\u00bb4.16&#8243; custom_padding=\u00bb|||\u00bb global_colors_info=\u00bb{}\u00bb custom_padding__hover=\u00bb|||\u00bb][et_pb_wc_tabs _builder_version=\u00bb4.23.1&#8243; tab_font=\u00bb|||on|||||\u00bb tab_font_size=\u00bb24px\u00bb tab_font_size_tablet=\u00bb20px\u00bb tab_font_size_phone=\u00bb17px\u00bb tab_font_size_last_edited=\u00bbon|desktop\u00bb border_width_all=\u00bb0px\u00bb global_colors_info=\u00bb{}\u00bb]\t\t\t\t\t[\/et_pb_wc_tabs][\/et_pb_column][\/et_pb_row][\/et_pb_section][et_pb_section fb_built=\u00bb1&#8243; custom_padding_last_edited=\u00bbon|tablet\u00bb _builder_version=\u00bb4.23.1&#8243; _module_preset=\u00bbdefault\u00bb custom_padding=\u00bb38px||54px||false|false\u00bb custom_padding_tablet=\u00bb||30px||false|false\u00bb custom_padding_phone=\u00bb||0px||false|false\u00bb global_colors_info=\u00bb{}\u00bb][et_pb_row _builder_version=\u00bb4.23.1&#8243; _module_preset=\u00bbdefault\u00bb custom_padding=\u00bb0px||0px||true|false\u00bb global_colors_info=\u00bb{}\u00bb][et_pb_column type=\u00bb4_4&#8243; _builder_version=\u00bb4.23.1&#8243; _module_preset=\u00bbdefault\u00bb global_colors_info=\u00bb{}\u00bb][et_pb_wc_related_products include_categories=\u00bb45&#8243; sale_badge_color=\u00bb#838383&#8243; icon_hover_color=\u00bbRGBA(255,255,255,0)\u00bb hover_overlay_color=\u00bbRGBA(255,255,255,0)\u00bb show_price=\u00bboff\u00bb module_class=\u00bbsimilar-custom\u00bb _builder_version=\u00bb4.23.1&#8243; title_font=\u00bb|||on|||||\u00bb title_text_align=\u00bbcenter\u00bb title_font_size=\u00bb30px\u00bb product_title_font=\u00bb|||on|||||\u00bb product_title_text_color=\u00bb#000000&#8243; product_title_font_size=\u00bb22px\u00bb sale_badge_text_color=\u00bb#838383&#8243; text_orientation=\u00bbcenter\u00bb global_colors_info=\u00bb{}\u00bb][\/et_pb_wc_related_products][\/et_pb_column][\/et_pb_row][\/et_pb_section]<\/p>\n","protected":false},"excerpt":{"rendered":"<p>Luminarias compactas empotrables para salas blancas con m\u00f3dulos LED, IP65, acceso superior, para uso en zonas donde la formaci\u00f3n de una atm\u00f3sfera explosiva debida al polvo es improbable y de corta duraci\u00f3n.<br \/>\nClasificaci\u00f3n ATEX : II 3D Ex tc IIIC T85\u00b0C De.<\/p>\n","protected":false},"featured_media":4612,"comment_status":"closed","ping_status":"closed","template":"","meta":{"_acf_changed":false,"_et_pb_use_builder":"on","_et_pb_old_content":"","_et_gb_content_width":"","_monsterinsights_skip_tracking":false,"_monsterinsights_sitenote_active":false,"_monsterinsights_sitenote_note":"","_monsterinsights_sitenote_category":0},"product_brand":[],"product_cat":[245,212,137,446],"product_tag":[],"class_list":{"0":"post-3045","1":"product","2":"type-product","3":"status-publish","4":"has-post-thumbnail","6":"product_cat-empotrable-para-panel-sandwich","7":"product_cat-empotrables-registro-superior","8":"product_cat-farmaceutico","9":"product_cat-opcion-de-flujo-inactinico","11":"first","12":"instock","13":"shipping-taxable","14":"product-type-simple","15":"berocket_lgv_grid","16":"berocket_lgv_list_grid"},"acf":[],"yoast_head":"<!-- This site is optimized with the Yoast SEO plugin v27.3 - https:\/\/yoast.com\/product\/yoast-seo-wordpress\/ -->\n<title>MARS Ex-e D - LA MANUFACTURE DE FRANCE<\/title>\n<meta name=\"robots\" content=\"index, follow, max-snippet:-1, max-image-preview:large, max-video-preview:-1\" \/>\n<link rel=\"canonical\" href=\"https:\/\/www.isoone-lighting.com\/es\/produit\/mars-ex-e-d\/\" \/>\n<meta property=\"og:locale\" content=\"es_ES\" \/>\n<meta property=\"og:type\" content=\"article\" \/>\n<meta property=\"og:title\" content=\"MARS Ex-e D - LA MANUFACTURE DE FRANCE\" \/>\n<meta property=\"og:description\" content=\"Luminarias compactas empotrables para salas blancas con m\u00f3dulos LED, IP65, acceso superior, para uso en zonas donde la formaci\u00f3n de una atm\u00f3sfera explosiva debida al polvo es improbable y de corta duraci\u00f3n.  Clasificaci\u00f3n ATEX : II 3D Ex tc IIIC T85\u00b0C De.\" \/>\n<meta property=\"og:url\" content=\"https:\/\/www.isoone-lighting.com\/es\/produit\/mars-ex-e-d\/\" \/>\n<meta property=\"og:site_name\" content=\"LA MANUFACTURE DE FRANCE\" \/>\n<meta property=\"article:modified_time\" content=\"2024-02-26T15:52:44+00:00\" \/>\n<meta property=\"og:image\" content=\"https:\/\/www.isoone-lighting.com\/wp-content\/uploads\/2023\/11\/MARS-Ex-e_D.png\" \/>\n\t<meta property=\"og:image:width\" content=\"650\" \/>\n\t<meta property=\"og:image:height\" content=\"434\" \/>\n\t<meta property=\"og:image:type\" content=\"image\/png\" \/>\n<meta name=\"twitter:card\" content=\"summary_large_image\" \/>\n<meta name=\"twitter:label1\" content=\"Tiempo de lectura\" \/>\n\t<meta name=\"twitter:data1\" content=\"3 minutos\" \/>\n<script type=\"application\/ld+json\" class=\"yoast-schema-graph\">{\"@context\":\"https:\\\/\\\/schema.org\",\"@graph\":[{\"@type\":\"WebPage\",\"@id\":\"https:\\\/\\\/www.isoone-lighting.com\\\/es\\\/produit\\\/mars-ex-e-d\\\/\",\"url\":\"https:\\\/\\\/www.isoone-lighting.com\\\/es\\\/produit\\\/mars-ex-e-d\\\/\",\"name\":\"MARS Ex-e D - LA MANUFACTURE DE FRANCE\",\"isPartOf\":{\"@id\":\"https:\\\/\\\/www.isoone-lighting.com\\\/es\\\/#website\"},\"primaryImageOfPage\":{\"@id\":\"https:\\\/\\\/www.isoone-lighting.com\\\/es\\\/produit\\\/mars-ex-e-d\\\/#primaryimage\"},\"image\":{\"@id\":\"https:\\\/\\\/www.isoone-lighting.com\\\/es\\\/produit\\\/mars-ex-e-d\\\/#primaryimage\"},\"thumbnailUrl\":\"https:\\\/\\\/www.isoone-lighting.com\\\/wp-content\\\/uploads\\\/2023\\\/11\\\/MARS-Ex-e_D.png\",\"datePublished\":\"2023-11-30T11:47:08+00:00\",\"dateModified\":\"2024-02-26T15:52:44+00:00\",\"breadcrumb\":{\"@id\":\"https:\\\/\\\/www.isoone-lighting.com\\\/es\\\/produit\\\/mars-ex-e-d\\\/#breadcrumb\"},\"inLanguage\":\"es\",\"potentialAction\":[{\"@type\":\"ReadAction\",\"target\":[\"https:\\\/\\\/www.isoone-lighting.com\\\/es\\\/produit\\\/mars-ex-e-d\\\/\"]}]},{\"@type\":\"ImageObject\",\"inLanguage\":\"es\",\"@id\":\"https:\\\/\\\/www.isoone-lighting.com\\\/es\\\/produit\\\/mars-ex-e-d\\\/#primaryimage\",\"url\":\"https:\\\/\\\/www.isoone-lighting.com\\\/wp-content\\\/uploads\\\/2023\\\/11\\\/MARS-Ex-e_D.png\",\"contentUrl\":\"https:\\\/\\\/www.isoone-lighting.com\\\/wp-content\\\/uploads\\\/2023\\\/11\\\/MARS-Ex-e_D.png\",\"width\":650,\"height\":434,\"caption\":\"MARS-Ex-e_D\"},{\"@type\":\"BreadcrumbList\",\"@id\":\"https:\\\/\\\/www.isoone-lighting.com\\\/es\\\/produit\\\/mars-ex-e-d\\\/#breadcrumb\",\"itemListElement\":[{\"@type\":\"ListItem\",\"position\":1,\"name\":\"Inicio\",\"item\":\"https:\\\/\\\/www.isoone-lighting.com\\\/es\\\/\"},{\"@type\":\"ListItem\",\"position\":2,\"name\":\"Nuestras luminarias\",\"item\":\"https:\\\/\\\/www.isoone-lighting.com\\\/es\\\/nuestras-luminarias\\\/\"},{\"@type\":\"ListItem\",\"position\":3,\"name\":\"MARS Ex-e D\"}]},{\"@type\":\"WebSite\",\"@id\":\"https:\\\/\\\/www.isoone-lighting.com\\\/es\\\/#website\",\"url\":\"https:\\\/\\\/www.isoone-lighting.com\\\/es\\\/\",\"name\":\"LA MANUFACTURE DE FRANCE\",\"description\":\"\",\"potentialAction\":[{\"@type\":\"SearchAction\",\"target\":{\"@type\":\"EntryPoint\",\"urlTemplate\":\"https:\\\/\\\/www.isoone-lighting.com\\\/es\\\/?s={search_term_string}\"},\"query-input\":{\"@type\":\"PropertyValueSpecification\",\"valueRequired\":true,\"valueName\":\"search_term_string\"}}],\"inLanguage\":\"es\"}]}<\/script>\n<!-- \/ Yoast SEO plugin. -->","yoast_head_json":{"title":"MARS Ex-e D - LA MANUFACTURE DE FRANCE","robots":{"index":"index","follow":"follow","max-snippet":"max-snippet:-1","max-image-preview":"max-image-preview:large","max-video-preview":"max-video-preview:-1"},"canonical":"https:\/\/www.isoone-lighting.com\/es\/produit\/mars-ex-e-d\/","og_locale":"es_ES","og_type":"article","og_title":"MARS Ex-e D - LA MANUFACTURE DE FRANCE","og_description":"Luminarias compactas empotrables para salas blancas con m\u00f3dulos LED, IP65, acceso superior, para uso en zonas donde la formaci\u00f3n de una atm\u00f3sfera explosiva debida al polvo es improbable y de corta duraci\u00f3n.  Clasificaci\u00f3n ATEX : II 3D Ex tc IIIC T85\u00b0C De.","og_url":"https:\/\/www.isoone-lighting.com\/es\/produit\/mars-ex-e-d\/","og_site_name":"LA MANUFACTURE DE FRANCE","article_modified_time":"2024-02-26T15:52:44+00:00","og_image":[{"width":650,"height":434,"url":"https:\/\/www.isoone-lighting.com\/wp-content\/uploads\/2023\/11\/MARS-Ex-e_D.png","type":"image\/png"}],"twitter_card":"summary_large_image","twitter_misc":{"Tiempo de lectura":"3 minutos"},"schema":{"@context":"https:\/\/schema.org","@graph":[{"@type":"WebPage","@id":"https:\/\/www.isoone-lighting.com\/es\/produit\/mars-ex-e-d\/","url":"https:\/\/www.isoone-lighting.com\/es\/produit\/mars-ex-e-d\/","name":"MARS Ex-e D - LA MANUFACTURE DE FRANCE","isPartOf":{"@id":"https:\/\/www.isoone-lighting.com\/es\/#website"},"primaryImageOfPage":{"@id":"https:\/\/www.isoone-lighting.com\/es\/produit\/mars-ex-e-d\/#primaryimage"},"image":{"@id":"https:\/\/www.isoone-lighting.com\/es\/produit\/mars-ex-e-d\/#primaryimage"},"thumbnailUrl":"https:\/\/www.isoone-lighting.com\/wp-content\/uploads\/2023\/11\/MARS-Ex-e_D.png","datePublished":"2023-11-30T11:47:08+00:00","dateModified":"2024-02-26T15:52:44+00:00","breadcrumb":{"@id":"https:\/\/www.isoone-lighting.com\/es\/produit\/mars-ex-e-d\/#breadcrumb"},"inLanguage":"es","potentialAction":[{"@type":"ReadAction","target":["https:\/\/www.isoone-lighting.com\/es\/produit\/mars-ex-e-d\/"]}]},{"@type":"ImageObject","inLanguage":"es","@id":"https:\/\/www.isoone-lighting.com\/es\/produit\/mars-ex-e-d\/#primaryimage","url":"https:\/\/www.isoone-lighting.com\/wp-content\/uploads\/2023\/11\/MARS-Ex-e_D.png","contentUrl":"https:\/\/www.isoone-lighting.com\/wp-content\/uploads\/2023\/11\/MARS-Ex-e_D.png","width":650,"height":434,"caption":"MARS-Ex-e_D"},{"@type":"BreadcrumbList","@id":"https:\/\/www.isoone-lighting.com\/es\/produit\/mars-ex-e-d\/#breadcrumb","itemListElement":[{"@type":"ListItem","position":1,"name":"Inicio","item":"https:\/\/www.isoone-lighting.com\/es\/"},{"@type":"ListItem","position":2,"name":"Nuestras luminarias","item":"https:\/\/www.isoone-lighting.com\/es\/nuestras-luminarias\/"},{"@type":"ListItem","position":3,"name":"MARS Ex-e D"}]},{"@type":"WebSite","@id":"https:\/\/www.isoone-lighting.com\/es\/#website","url":"https:\/\/www.isoone-lighting.com\/es\/","name":"LA MANUFACTURE DE FRANCE","description":"","potentialAction":[{"@type":"SearchAction","target":{"@type":"EntryPoint","urlTemplate":"https:\/\/www.isoone-lighting.com\/es\/?s={search_term_string}"},"query-input":{"@type":"PropertyValueSpecification","valueRequired":true,"valueName":"search_term_string"}}],"inLanguage":"es"}]}},"_links":{"self":[{"href":"https:\/\/www.isoone-lighting.com\/es\/wp-json\/wp\/v2\/product\/3045","targetHints":{"allow":["GET"]}}],"collection":[{"href":"https:\/\/www.isoone-lighting.com\/es\/wp-json\/wp\/v2\/product"}],"about":[{"href":"https:\/\/www.isoone-lighting.com\/es\/wp-json\/wp\/v2\/types\/product"}],"replies":[{"embeddable":true,"href":"https:\/\/www.isoone-lighting.com\/es\/wp-json\/wp\/v2\/comments?post=3045"}],"wp:featuredmedia":[{"embeddable":true,"href":"https:\/\/www.isoone-lighting.com\/es\/wp-json\/wp\/v2\/media\/4612"}],"wp:attachment":[{"href":"https:\/\/www.isoone-lighting.com\/es\/wp-json\/wp\/v2\/media?parent=3045"}],"wp:term":[{"taxonomy":"product_brand","embeddable":true,"href":"https:\/\/www.isoone-lighting.com\/es\/wp-json\/wp\/v2\/product_brand?post=3045"},{"taxonomy":"product_cat","embeddable":true,"href":"https:\/\/www.isoone-lighting.com\/es\/wp-json\/wp\/v2\/product_cat?post=3045"},{"taxonomy":"product_tag","embeddable":true,"href":"https:\/\/www.isoone-lighting.com\/es\/wp-json\/wp\/v2\/product_tag?post=3045"}],"curies":[{"name":"wp","href":"https:\/\/api.w.org\/{rel}","templated":true}]}}